{"id":856,"date":"2023-03-02T08:03:33","date_gmt":"2023-03-02T07:03:33","guid":{"rendered":"http:\/\/dev-dinaxhu.srv1.clbr.hu\/?page_id=856"},"modified":"2023-05-15T16:01:41","modified_gmt":"2023-05-15T14:01:41","slug":"fooldal","status":"publish","type":"page","link":"https:\/\/dinax.hu\/en\/","title":{"rendered":"Main Page"},"content":{"rendered":"<section class=\"wpb-content-wrapper\"><p>[vc_row][vc_column offset=&#8221;vc_hidden-xs&#8221; css=&#8221;.vc_custom_1677854355414{padding-right: 0px !important;padding-left: 0px !important;}&#8221;][vc_raw_html el_class=&#8221;video-container&#8221;]JTNDdmlkZW8lMjBhdXRvcGxheSUyMHBsYXlzaW5saW5lJTIwbXV0ZWQlMjBsb29wJTIwc3JjJTNEJTIyJTJGd3AtY29udGVudCUyRnVwbG9hZHMlMkYyMDIzJTJGMDMlMkZkaW5heC1ob21lLXVubWFza2VkLXYzLm1wNCUyMiUyMHdpZHRoJTNEJTIyYXV0byUyMiUyMGhlaWdodCUzRCUyMmF1dG8lMjIlMjBhbHQlM0QlMjIlMjIlM0UlM0MlMkZ2aWRlbyUzRQ==[\/vc_raw_html][vc_raw_html el_class=&#8221;img-mask&#8221;]JTNDaW1nJTIwc3JjJTNEJTIyJTJGd3AtY29udGVudCUyRnVwbG9hZHMlMkYyMDIzJTJGMDQlMkZob21lLW1hc2stMDkucG5nJTIyJTNF[\/vc_raw_html][vc_row_inner el_class=&#8221;home-quote&#8221;][vc_column_inner][vc_column_text el_class=&#8221;line-01&#8243; css=&#8221;.vc_custom_1679911082793{margin-bottom: 0px !important;}&#8221;]<\/p>\n<h1>Our mission is to use our decades of<\/h1>\n<p>[\/vc_column_text][vc_column_text el_class=&#8221;line-02&#8243; css=&#8221;.vc_custom_1679911086725{margin-bottom: 0px !important;}&#8221;]<\/p>\n<h1>professional knowledge and experience<\/h1>\n<p>[\/vc_column_text][vc_column_text el_class=&#8221;line-03&#8243; css=&#8221;.vc_custom_1679911090284{margin-bottom: 0px !important;}&#8221;]<\/p>\n<h1>to enable the complete treatment of<\/h1>\n<p>[\/vc_column_text][vc_column_text el_class=&#8221;line-04&#8243; css=&#8221;.vc_custom_1679911094886{margin-bottom: 0px !important;}&#8221;]<\/p>\n<h1>industrial and bathing waters, while<\/h1>\n<p>[\/vc_column_text][vc_column_text el_class=&#8221;line-05&#8243; css=&#8221;.vc_custom_1679911098961{margin-bottom: 0px !important;}&#8221;]<\/p>\n<h1>ensuring water purity and the<\/h1>\n<p>[\/vc_column_text][vc_column_text el_class=&#8221;line-06&#8243; css=&#8221;.vc_custom_1679911103201{margin-bottom: 0px !important;}&#8221;]<\/p>\n<h1>long-term health of customers.<\/h1>\n<p>[\/vc_column_text][\/vc_column_inner][\/vc_row_inner][\/vc_column][\/vc_row][vc_row][vc_column offset=&#8221;vc_hidden-lg vc_hidden-md vc_hidden-sm&#8221;][vc_raw_html el_class=&#8221;video-container&#8221;]JTNDdmlkZW8lMjBhdXRvcGxheSUyMHBsYXlzaW5saW5lJTIwbXV0ZWQlMjBsb29wJTIwc3JjJTNEJTIyJTJGd3AtY29udGVudCUyRnVwbG9hZHMlMkYyMDIzJTJGMDMlMkZkaW5heC1ob21lLW1vYmlsZS0wMS5tcDQlMjIlMjB3aWR0aCUzRCUyMmF1dG8lMjIlMjBoZWlnaHQlM0QlMjJhdXRvJTIyJTIwYWx0JTNEJTIyJTIyJTNFJTNDJTJGdmlkZW8lM0U=[\/vc_raw_html][vc_raw_html el_class=&#8221;img-mask&#8221;]JTNDaW1nJTIwc3JjJTNEJTIyJTJGd3AtY29udGVudCUyRnVwbG9hZHMlMkYyMDIzJTJGMDMlMkZkaW5heC1ob21lLW1vYmlsZS1tYXNrLTAxLnBuZyUyMiUzRQ==[\/vc_raw_html][vc_column_text el_class=&#8221;home-quote-mobile&#8221;]<\/p>\n<h1>Our mission is to use our decades of professional knowledge and experience to enable the complete treatment of industrial and bathing waters, while ensuring water purity and the long-term health of customers.<\/h1>\n<p>[\/vc_column_text][\/vc_column][\/vc_row][vc_row][vc_column offset=&#8221;vc_hidden-lg vc_hidden-md vc_hidden-sm&#8221;][vc_raw_html el_class=&#8221;video-container&#8221;]JTNDdmlkZW8lMjBhdXRvcGxheSUyMHBsYXlzaW5saW5lJTIwbXV0ZWQlMjBsb29wJTIwc3JjJTNEJTIyJTJGd3AtY29udGVudCUyRnVwbG9hZHMlMkYyMDIzJTJGMDMlMkZkaW5heC1ob21lLW1vYmlsZS0wMi5tcDQlMjIlMjB3aWR0aCUzRCUyMmF1dG8lMjIlMjBoZWlnaHQlM0QlMjJhdXRvJTIyJTIwYWx0JTNEJTIyJTIyJTNFJTNDJTJGdmlkZW8lM0U=[\/vc_raw_html][vc_raw_html el_class=&#8221;img-mask&#8221;]JTNDaW1nJTIwc3JjJTNEJTIyJTJGd3AtY29udGVudCUyRnVwbG9hZHMlMkYyMDIzJTJGMDMlMkZkaW5heC1ob21lLW1vYmlsZS1tYXNrLTAyLnBuZyUyMiUzRQ==[\/vc_raw_html][\/vc_column][\/vc_row]<\/p>\n<\/section>","protected":false},"excerpt":{"rendered":"<p>[vc_row][vc_column offset=&#8221;vc_hidden-xs&#8221; css=&#8221;.vc_custom_1677854355414{padding-right: 0px !important;padding-left: 0px !important;}&#8221;][vc_raw_html el_class=&#8221;video-container&#8221;]JTNDdmlkZW8lMjBhdXRvcGxheSUyMHBsYXlzaW5saW5lJTIwbXV0ZWQlMjBsb29wJTIwc3JjJTNEJTIyJTJGd3AtY29udGVudCUyRnVwbG9hZHMlMkYyMDIzJTJGMDMlMkZkaW5heC1ob21lLXVubWFza2VkLXYzLm1wNCUyMiUyMHdpZHRoJTNEJTIyYXV0byUyMiUyMGhlaWdodCUzRCUyMmF1dG8lMjIlMjBhbHQlM0QlMjIlMjIlM0UlM0MlMkZ2aWRlbyUzRQ==[\/vc_raw_html][vc_raw_html el_class=&#8221;img-mask&#8221;]JTNDaW1nJTIwc3JjJTNEJTIyJTJGd3AtY29udGVudCUyRnVwbG9hZHMlMkYyMDIzJTJGMDQlMkZob21lLW1hc2stMDkucG5nJTIyJTNF[\/vc_raw_html][vc_row_inner el_class=&#8221;home-quote&#8221;][vc_column_inner][vc_column_text el_class=&#8221;line-01&#8243; css=&#8221;.vc_custom_1679911082793{margin-bottom: 0px !important;}&#8221;] Our mission is to use our decades of [\/vc_column_text][vc_column_text el_class=&#8221;line-02&#8243; css=&#8221;.vc_custom_1679911086725{margin-bottom: 0px !important;}&#8221;] professional knowledge and experience [\/vc_column_text][vc_column_text el_class=&#8221;line-03&#8243; css=&#8221;.vc_custom_1679911090284{margin-bottom: 0px !important;}&#8221;] to enable the complete treatment of [\/vc_column_text][vc_column_text el_class=&#8221;line-04&#8243; css=&#8221;.vc_custom_1679911094886{margin-bottom: 0px !important;}&#8221;] industrial and bathing waters, while [\/vc_column_text][vc_column_text el_class=&#8221;line-05&#8243; css=&#8221;.vc_custom_1679911098961{margin-bottom:&hellip;<\/p>\n","protected":false},"author":2,"featured_media":0,"parent":0,"menu_order":0,"comment_status":"closed","ping_status":"closed","template":"","meta":{"inline_featured_image":false},"yoast_head":"<!-- This site is optimized with the Yoast SEO plugin v20.8 - https:\/\/yoast.com\/wordpress\/plugins\/seo\/ -->\n<title>Main Page - Dinax V\u00edzkezel\u00e9si Kft., uszodavegyszerek, h\u00e1ztart\u00e1si v\u00edzkezel\u00e9s, ipari v\u00edzkezel\u00e9s<\/title>\n<meta name=\"description\" content=\"Main Page Teljesk\u00f6r\u0171 megold\u00e1sok a medencev\u00edz kezel\u00e9sben; professzion\u00e1lis uszodav\u00edz-kezel\u0151 szerek; kl\u00f3rmentes v\u00edzkezel\u00e9s; Dinax V\u00edzkezel\u00e9si Kft., uszodavegyszerek, h\u00e1ztart\u00e1si v\u00edzkezel\u00e9s, ipari v\u00edzkezel\u00e9s longlife \u2013 kl\u00f3rmentes v\u00edzkezel\u00e9s a hossz\u00fa \u00e9let\u00e9rt; Dinax V\u00edzkezel\u00e9si Kft., uszodavegyszerek, h\u00e1ztart\u00e1si v\u00edzkezel\u00e9s, ipari v\u00edzkezel\u00e9s dinax - longlife term\u00e9kcsal\u00e1d a f\u00fcrd\u0151, gy\u00f3gy- \u00e9s term\u00e1lvizek kl\u00f3rmentes fert\u0151tlen\u00edt\u00e9s\u00e9t, pH-be\u00e1ll\u00edt\u00e1s\u00e1t, pelyhes\u00edt\u00e9s\u00e9t \u00e9s algag\u00e1tl\u00e1s\u00e1t, vagyis komplex v\u00edzkezel\u00e9s\u00e9t v\u00e9gzi; Dinax V\u00edzkezel\u00e9si Kft., uszodavegyszerek, h\u00e1ztart\u00e1si v\u00edzkezel\u00e9s, ipari v\u00edzkezel\u00e9s v\u00edzkezel\u00e9si tippek; medencevizek gyakori probl\u00e9m\u00e1i; Dinax V\u00edzkezel\u00e9si Kft., uszodavegyszerek, h\u00e1ztart\u00e1si v\u00edzkezel\u00e9s, ipari v\u00edzkezel\u00e9s alg\u00e1sod\u00e1si probl\u00e9m\u00e1k; Dinax V\u00edzkezel\u00e9si Kft., uszodavegyszerek, h\u00e1ztart\u00e1si v\u00edzkezel\u00e9s, ipari v\u00edzkezel\u00e9s jacuzzik karbantart\u00e1sa; Dinax V\u00edzkezel\u00e9si Kft., uszodavegyszerek, h\u00e1ztart\u00e1si v\u00edzkezel\u00e9s, ipari v\u00edzkezel\u00e9s medenc\u00e9k t\u00e9lies\u00edt\u00e9se; Dinax V\u00edzkezel\u00e9si Kft., uszodavegyszerek, h\u00e1ztart\u00e1si v\u00edzkezel\u00e9s, ipari v\u00edzkezel\u00e9s h\u00e1ztart\u00e1si v\u00edzsz\u0171r\u00e9s; a WATERCOMP INSTITUTE v\u00edzvizsg\u00e1latra szakosodott labor, mely a bevizsg\u00e1lt v\u00edzminta r\u00e9szletes ki\u00e9rt\u00e9kel\u00e9s\u00e9t k\u00f6vet\u0151en nem csak szakv\u00e9lem\u00e9nyt, de r\u00e9szletes, t\u00e9teles felhaszn\u00e1l\u00e1si, fert\u0151tlen\u00edt\u00e9si javaslatot is \u00f6ssze\u00e1ll\u00edt\" \/>\n<meta name=\"robots\" content=\"index, follow, max-snippet:-1, max-image-preview:large, max-video-preview:-1\" \/>\n<link rel=\"canonical\" href=\"https:\/\/dinax.hu\/en\/\" \/>\n<meta property=\"og:locale\" content=\"en_US\" \/>\n<meta property=\"og:type\" content=\"article\" \/>\n<meta property=\"og:title\" content=\"Main Page - Dinax V\u00edzkezel\u00e9si Kft., uszodavegyszerek, h\u00e1ztart\u00e1si v\u00edzkezel\u00e9s, ipari v\u00edzkezel\u00e9s\" \/>\n<meta property=\"og:description\" content=\"Main Page Teljesk\u00f6r\u0171 megold\u00e1sok a medencev\u00edz kezel\u00e9sben; professzion\u00e1lis uszodav\u00edz-kezel\u0151 szerek; kl\u00f3rmentes v\u00edzkezel\u00e9s; Dinax V\u00edzkezel\u00e9si Kft., uszodavegyszerek, h\u00e1ztart\u00e1si v\u00edzkezel\u00e9s, ipari v\u00edzkezel\u00e9s longlife \u2013 kl\u00f3rmentes v\u00edzkezel\u00e9s a hossz\u00fa \u00e9let\u00e9rt; Dinax V\u00edzkezel\u00e9si Kft., uszodavegyszerek, h\u00e1ztart\u00e1si v\u00edzkezel\u00e9s, ipari v\u00edzkezel\u00e9s dinax - longlife term\u00e9kcsal\u00e1d a f\u00fcrd\u0151, gy\u00f3gy- \u00e9s term\u00e1lvizek kl\u00f3rmentes fert\u0151tlen\u00edt\u00e9s\u00e9t, pH-be\u00e1ll\u00edt\u00e1s\u00e1t, pelyhes\u00edt\u00e9s\u00e9t \u00e9s algag\u00e1tl\u00e1s\u00e1t, vagyis komplex v\u00edzkezel\u00e9s\u00e9t v\u00e9gzi; Dinax V\u00edzkezel\u00e9si Kft., uszodavegyszerek, h\u00e1ztart\u00e1si v\u00edzkezel\u00e9s, ipari v\u00edzkezel\u00e9s v\u00edzkezel\u00e9si tippek; medencevizek gyakori probl\u00e9m\u00e1i; Dinax V\u00edzkezel\u00e9si Kft., uszodavegyszerek, h\u00e1ztart\u00e1si v\u00edzkezel\u00e9s, ipari v\u00edzkezel\u00e9s alg\u00e1sod\u00e1si probl\u00e9m\u00e1k; Dinax V\u00edzkezel\u00e9si Kft., uszodavegyszerek, h\u00e1ztart\u00e1si v\u00edzkezel\u00e9s, ipari v\u00edzkezel\u00e9s jacuzzik karbantart\u00e1sa; Dinax V\u00edzkezel\u00e9si Kft., uszodavegyszerek, h\u00e1ztart\u00e1si v\u00edzkezel\u00e9s, ipari v\u00edzkezel\u00e9s medenc\u00e9k t\u00e9lies\u00edt\u00e9se; Dinax V\u00edzkezel\u00e9si Kft., uszodavegyszerek, h\u00e1ztart\u00e1si v\u00edzkezel\u00e9s, ipari v\u00edzkezel\u00e9s h\u00e1ztart\u00e1si v\u00edzsz\u0171r\u00e9s; a WATERCOMP INSTITUTE v\u00edzvizsg\u00e1latra szakosodott labor, mely a bevizsg\u00e1lt v\u00edzminta r\u00e9szletes ki\u00e9rt\u00e9kel\u00e9s\u00e9t k\u00f6vet\u0151en nem csak szakv\u00e9lem\u00e9nyt, de r\u00e9szletes, t\u00e9teles felhaszn\u00e1l\u00e1si, fert\u0151tlen\u00edt\u00e9si javaslatot is \u00f6ssze\u00e1ll\u00edt\" \/>\n<meta property=\"og:url\" content=\"https:\/\/dinax.hu\/en\/\" \/>\n<meta property=\"og:site_name\" content=\"Dinax V\u00edzkezel\u00e9si Kft., uszodavegyszerek, h\u00e1ztart\u00e1si v\u00edzkezel\u00e9s, ipari v\u00edzkezel\u00e9s\" \/>\n<meta property=\"article:publisher\" content=\"https:\/\/www.facebook.com\/DinaxKft\" \/>\n<meta property=\"article:modified_time\" content=\"2023-05-15T14:01:41+00:00\" \/>\n<meta name=\"twitter:card\" content=\"summary_large_image\" \/>\n<meta name=\"twitter:label1\" content=\"Est. reading time\" \/>\n\t<meta name=\"twitter:data1\" content=\"1 minute\" \/>\n<script type=\"application\/ld+json\" class=\"yoast-schema-graph\">{\"@context\":\"https:\/\/schema.org\",\"@graph\":[{\"@type\":\"WebPage\",\"@id\":\"https:\/\/dinax.hu\/en\/\",\"url\":\"https:\/\/dinax.hu\/en\/\",\"name\":\"Main Page - Dinax V\u00edzkezel\u00e9si Kft., uszodavegyszerek, h\u00e1ztart\u00e1si v\u00edzkezel\u00e9s, ipari v\u00edzkezel\u00e9s\",\"isPartOf\":{\"@id\":\"https:\/\/dinax.hu\/#website\"},\"datePublished\":\"2023-03-02T07:03:33+00:00\",\"dateModified\":\"2023-05-15T14:01:41+00:00\",\"description\":\"Main Page Teljesk\u00f6r\u0171 megold\u00e1sok a medencev\u00edz kezel\u00e9sben; professzion\u00e1lis uszodav\u00edz-kezel\u0151 szerek; kl\u00f3rmentes v\u00edzkezel\u00e9s; Dinax V\u00edzkezel\u00e9si Kft., uszodavegyszerek, h\u00e1ztart\u00e1si v\u00edzkezel\u00e9s, ipari v\u00edzkezel\u00e9s longlife \u2013 kl\u00f3rmentes v\u00edzkezel\u00e9s a hossz\u00fa \u00e9let\u00e9rt; Dinax V\u00edzkezel\u00e9si Kft., uszodavegyszerek, h\u00e1ztart\u00e1si v\u00edzkezel\u00e9s, ipari v\u00edzkezel\u00e9s dinax - longlife term\u00e9kcsal\u00e1d a f\u00fcrd\u0151, gy\u00f3gy- \u00e9s term\u00e1lvizek kl\u00f3rmentes fert\u0151tlen\u00edt\u00e9s\u00e9t, pH-be\u00e1ll\u00edt\u00e1s\u00e1t, pelyhes\u00edt\u00e9s\u00e9t \u00e9s algag\u00e1tl\u00e1s\u00e1t, vagyis komplex v\u00edzkezel\u00e9s\u00e9t v\u00e9gzi; Dinax V\u00edzkezel\u00e9si Kft., uszodavegyszerek, h\u00e1ztart\u00e1si v\u00edzkezel\u00e9s, ipari v\u00edzkezel\u00e9s v\u00edzkezel\u00e9si tippek; medencevizek gyakori probl\u00e9m\u00e1i; Dinax V\u00edzkezel\u00e9si Kft., uszodavegyszerek, h\u00e1ztart\u00e1si v\u00edzkezel\u00e9s, ipari v\u00edzkezel\u00e9s alg\u00e1sod\u00e1si probl\u00e9m\u00e1k; Dinax V\u00edzkezel\u00e9si Kft., uszodavegyszerek, h\u00e1ztart\u00e1si v\u00edzkezel\u00e9s, ipari v\u00edzkezel\u00e9s jacuzzik karbantart\u00e1sa; Dinax V\u00edzkezel\u00e9si Kft., uszodavegyszerek, h\u00e1ztart\u00e1si v\u00edzkezel\u00e9s, ipari v\u00edzkezel\u00e9s medenc\u00e9k t\u00e9lies\u00edt\u00e9se; Dinax V\u00edzkezel\u00e9si Kft., uszodavegyszerek, h\u00e1ztart\u00e1si v\u00edzkezel\u00e9s, ipari v\u00edzkezel\u00e9s h\u00e1ztart\u00e1si v\u00edzsz\u0171r\u00e9s; a WATERCOMP INSTITUTE v\u00edzvizsg\u00e1latra szakosodott labor, mely a bevizsg\u00e1lt v\u00edzminta r\u00e9szletes ki\u00e9rt\u00e9kel\u00e9s\u00e9t k\u00f6vet\u0151en nem csak szakv\u00e9lem\u00e9nyt, de r\u00e9szletes, t\u00e9teles felhaszn\u00e1l\u00e1si, fert\u0151tlen\u00edt\u00e9si javaslatot is \u00f6ssze\u00e1ll\u00edt\",\"breadcrumb\":{\"@id\":\"https:\/\/dinax.hu\/en\/#breadcrumb\"},\"inLanguage\":\"en-US\",\"potentialAction\":[{\"@type\":\"ReadAction\",\"target\":[\"https:\/\/dinax.hu\/en\/\"]}]},{\"@type\":\"BreadcrumbList\",\"@id\":\"https:\/\/dinax.hu\/en\/#breadcrumb\",\"itemListElement\":[{\"@type\":\"ListItem\",\"position\":1,\"name\":\"Kezd\u0151lap\",\"item\":\"https:\/\/dinax.hu\/en\/\"},{\"@type\":\"ListItem\",\"position\":2,\"name\":\"Main Page\"}]},{\"@type\":\"WebSite\",\"@id\":\"https:\/\/dinax.hu\/#website\",\"url\":\"https:\/\/dinax.hu\/\",\"name\":\"Dinax V\u00edzkezel\u00e9si Kft., uszodav\u00edz-kezel\u00e9s, h\u00e1ztart\u00e1si v\u00edzkezel\u00e9s, ipari v\u00edzkezel\u00e9s\",\"description\":\"\",\"publisher\":{\"@id\":\"https:\/\/dinax.hu\/#organization\"},\"potentialAction\":[{\"@type\":\"SearchAction\",\"target\":{\"@type\":\"EntryPoint\",\"urlTemplate\":\"https:\/\/dinax.hu\/?s={search_term_string}\"},\"query-input\":\"required name=search_term_string\"}],\"inLanguage\":\"en-US\"},{\"@type\":\"Organization\",\"@id\":\"https:\/\/dinax.hu\/#organization\",\"name\":\"Dinax V\u00edzkezel\u00e9si Kft., uszodav\u00edz-kezel\u00e9s, h\u00e1ztart\u00e1si v\u00edzkezel\u00e9s, ipari v\u00edzkezel\u00e9s\",\"url\":\"https:\/\/dinax.hu\/\",\"logo\":{\"@type\":\"ImageObject\",\"inLanguage\":\"en-US\",\"@id\":\"https:\/\/dinax.hu\/#\/schema\/logo\/image\/\",\"url\":\"https:\/\/dinax.hu\/wp-content\/uploads\/2023\/03\/dinax.svg\",\"contentUrl\":\"https:\/\/dinax.hu\/wp-content\/uploads\/2023\/03\/dinax.svg\",\"width\":\"230\",\"height\":\"85\",\"caption\":\"Dinax V\u00edzkezel\u00e9si Kft., uszodav\u00edz-kezel\u00e9s, h\u00e1ztart\u00e1si v\u00edzkezel\u00e9s, ipari v\u00edzkezel\u00e9s\"},\"image\":{\"@id\":\"https:\/\/dinax.hu\/#\/schema\/logo\/image\/\"},\"sameAs\":[\"https:\/\/www.facebook.com\/DinaxKft\",\"https:\/\/www.instagram.com\/dinaxkft\/\",\"https:\/\/www.youtube.com\/user\/dinaxkft\"]}]}<\/script>\n<!-- \/ Yoast SEO plugin. -->","yoast_head_json":{"title":"Main Page - Dinax V\u00edzkezel\u00e9si Kft., uszodavegyszerek, h\u00e1ztart\u00e1si v\u00edzkezel\u00e9s, ipari v\u00edzkezel\u00e9s","description":"Main Page Teljesk\u00f6r\u0171 megold\u00e1sok a medencev\u00edz kezel\u00e9sben; professzion\u00e1lis uszodav\u00edz-kezel\u0151 szerek; kl\u00f3rmentes v\u00edzkezel\u00e9s; Dinax V\u00edzkezel\u00e9si Kft., uszodavegyszerek, h\u00e1ztart\u00e1si v\u00edzkezel\u00e9s, ipari v\u00edzkezel\u00e9s longlife \u2013 kl\u00f3rmentes v\u00edzkezel\u00e9s a hossz\u00fa \u00e9let\u00e9rt; Dinax V\u00edzkezel\u00e9si Kft., uszodavegyszerek, h\u00e1ztart\u00e1si v\u00edzkezel\u00e9s, ipari v\u00edzkezel\u00e9s dinax - longlife term\u00e9kcsal\u00e1d a f\u00fcrd\u0151, gy\u00f3gy- \u00e9s term\u00e1lvizek kl\u00f3rmentes fert\u0151tlen\u00edt\u00e9s\u00e9t, pH-be\u00e1ll\u00edt\u00e1s\u00e1t, pelyhes\u00edt\u00e9s\u00e9t \u00e9s algag\u00e1tl\u00e1s\u00e1t, vagyis komplex v\u00edzkezel\u00e9s\u00e9t v\u00e9gzi; Dinax V\u00edzkezel\u00e9si Kft., uszodavegyszerek, h\u00e1ztart\u00e1si v\u00edzkezel\u00e9s, ipari v\u00edzkezel\u00e9s v\u00edzkezel\u00e9si tippek; medencevizek gyakori probl\u00e9m\u00e1i; Dinax V\u00edzkezel\u00e9si Kft., uszodavegyszerek, h\u00e1ztart\u00e1si v\u00edzkezel\u00e9s, ipari v\u00edzkezel\u00e9s alg\u00e1sod\u00e1si probl\u00e9m\u00e1k; Dinax V\u00edzkezel\u00e9si Kft., uszodavegyszerek, h\u00e1ztart\u00e1si v\u00edzkezel\u00e9s, ipari v\u00edzkezel\u00e9s jacuzzik karbantart\u00e1sa; Dinax V\u00edzkezel\u00e9si Kft., uszodavegyszerek, h\u00e1ztart\u00e1si v\u00edzkezel\u00e9s, ipari v\u00edzkezel\u00e9s medenc\u00e9k t\u00e9lies\u00edt\u00e9se; Dinax V\u00edzkezel\u00e9si Kft., uszodavegyszerek, h\u00e1ztart\u00e1si v\u00edzkezel\u00e9s, ipari v\u00edzkezel\u00e9s h\u00e1ztart\u00e1si v\u00edzsz\u0171r\u00e9s; a WATERCOMP INSTITUTE v\u00edzvizsg\u00e1latra szakosodott labor, mely a bevizsg\u00e1lt v\u00edzminta r\u00e9szletes ki\u00e9rt\u00e9kel\u00e9s\u00e9t k\u00f6vet\u0151en nem csak szakv\u00e9lem\u00e9nyt, de r\u00e9szletes, t\u00e9teles felhaszn\u00e1l\u00e1si, fert\u0151tlen\u00edt\u00e9si javaslatot is \u00f6ssze\u00e1ll\u00edt","robots":{"index":"index","follow":"follow","max-snippet":"max-snippet:-1","max-image-preview":"max-image-preview:large","max-video-preview":"max-video-preview:-1"},"canonical":"https:\/\/dinax.hu\/en\/","og_locale":"en_US","og_type":"article","og_title":"Main Page - Dinax V\u00edzkezel\u00e9si Kft., uszodavegyszerek, h\u00e1ztart\u00e1si v\u00edzkezel\u00e9s, ipari v\u00edzkezel\u00e9s","og_description":"Main Page Teljesk\u00f6r\u0171 megold\u00e1sok a medencev\u00edz kezel\u00e9sben; professzion\u00e1lis uszodav\u00edz-kezel\u0151 szerek; kl\u00f3rmentes v\u00edzkezel\u00e9s; Dinax V\u00edzkezel\u00e9si Kft., uszodavegyszerek, h\u00e1ztart\u00e1si v\u00edzkezel\u00e9s, ipari v\u00edzkezel\u00e9s longlife \u2013 kl\u00f3rmentes v\u00edzkezel\u00e9s a hossz\u00fa \u00e9let\u00e9rt; Dinax V\u00edzkezel\u00e9si Kft., uszodavegyszerek, h\u00e1ztart\u00e1si v\u00edzkezel\u00e9s, ipari v\u00edzkezel\u00e9s dinax - longlife term\u00e9kcsal\u00e1d a f\u00fcrd\u0151, gy\u00f3gy- \u00e9s term\u00e1lvizek kl\u00f3rmentes fert\u0151tlen\u00edt\u00e9s\u00e9t, pH-be\u00e1ll\u00edt\u00e1s\u00e1t, pelyhes\u00edt\u00e9s\u00e9t \u00e9s algag\u00e1tl\u00e1s\u00e1t, vagyis komplex v\u00edzkezel\u00e9s\u00e9t v\u00e9gzi; Dinax V\u00edzkezel\u00e9si Kft., uszodavegyszerek, h\u00e1ztart\u00e1si v\u00edzkezel\u00e9s, ipari v\u00edzkezel\u00e9s v\u00edzkezel\u00e9si tippek; medencevizek gyakori probl\u00e9m\u00e1i; Dinax V\u00edzkezel\u00e9si Kft., uszodavegyszerek, h\u00e1ztart\u00e1si v\u00edzkezel\u00e9s, ipari v\u00edzkezel\u00e9s alg\u00e1sod\u00e1si probl\u00e9m\u00e1k; Dinax V\u00edzkezel\u00e9si Kft., uszodavegyszerek, h\u00e1ztart\u00e1si v\u00edzkezel\u00e9s, ipari v\u00edzkezel\u00e9s jacuzzik karbantart\u00e1sa; Dinax V\u00edzkezel\u00e9si Kft., uszodavegyszerek, h\u00e1ztart\u00e1si v\u00edzkezel\u00e9s, ipari v\u00edzkezel\u00e9s medenc\u00e9k t\u00e9lies\u00edt\u00e9se; Dinax V\u00edzkezel\u00e9si Kft., uszodavegyszerek, h\u00e1ztart\u00e1si v\u00edzkezel\u00e9s, ipari v\u00edzkezel\u00e9s h\u00e1ztart\u00e1si v\u00edzsz\u0171r\u00e9s; a WATERCOMP INSTITUTE v\u00edzvizsg\u00e1latra szakosodott labor, mely a bevizsg\u00e1lt v\u00edzminta r\u00e9szletes ki\u00e9rt\u00e9kel\u00e9s\u00e9t k\u00f6vet\u0151en nem csak szakv\u00e9lem\u00e9nyt, de r\u00e9szletes, t\u00e9teles felhaszn\u00e1l\u00e1si, fert\u0151tlen\u00edt\u00e9si javaslatot is \u00f6ssze\u00e1ll\u00edt","og_url":"https:\/\/dinax.hu\/en\/","og_site_name":"Dinax V\u00edzkezel\u00e9si Kft., uszodavegyszerek, h\u00e1ztart\u00e1si v\u00edzkezel\u00e9s, ipari v\u00edzkezel\u00e9s","article_publisher":"https:\/\/www.facebook.com\/DinaxKft","article_modified_time":"2023-05-15T14:01:41+00:00","twitter_card":"summary_large_image","twitter_misc":{"Est. reading time":"1 minute"},"schema":{"@context":"https:\/\/schema.org","@graph":[{"@type":"WebPage","@id":"https:\/\/dinax.hu\/en\/","url":"https:\/\/dinax.hu\/en\/","name":"Main Page - Dinax V\u00edzkezel\u00e9si Kft., uszodavegyszerek, h\u00e1ztart\u00e1si v\u00edzkezel\u00e9s, ipari v\u00edzkezel\u00e9s","isPartOf":{"@id":"https:\/\/dinax.hu\/#website"},"datePublished":"2023-03-02T07:03:33+00:00","dateModified":"2023-05-15T14:01:41+00:00","description":"Main Page Teljesk\u00f6r\u0171 megold\u00e1sok a medencev\u00edz kezel\u00e9sben; professzion\u00e1lis uszodav\u00edz-kezel\u0151 szerek; kl\u00f3rmentes v\u00edzkezel\u00e9s; Dinax V\u00edzkezel\u00e9si Kft., uszodavegyszerek, h\u00e1ztart\u00e1si v\u00edzkezel\u00e9s, ipari v\u00edzkezel\u00e9s longlife \u2013 kl\u00f3rmentes v\u00edzkezel\u00e9s a hossz\u00fa \u00e9let\u00e9rt; Dinax V\u00edzkezel\u00e9si Kft., uszodavegyszerek, h\u00e1ztart\u00e1si v\u00edzkezel\u00e9s, ipari v\u00edzkezel\u00e9s dinax - longlife term\u00e9kcsal\u00e1d a f\u00fcrd\u0151, gy\u00f3gy- \u00e9s term\u00e1lvizek kl\u00f3rmentes fert\u0151tlen\u00edt\u00e9s\u00e9t, pH-be\u00e1ll\u00edt\u00e1s\u00e1t, pelyhes\u00edt\u00e9s\u00e9t \u00e9s algag\u00e1tl\u00e1s\u00e1t, vagyis komplex v\u00edzkezel\u00e9s\u00e9t v\u00e9gzi; Dinax V\u00edzkezel\u00e9si Kft., uszodavegyszerek, h\u00e1ztart\u00e1si v\u00edzkezel\u00e9s, ipari v\u00edzkezel\u00e9s v\u00edzkezel\u00e9si tippek; medencevizek gyakori probl\u00e9m\u00e1i; Dinax V\u00edzkezel\u00e9si Kft., uszodavegyszerek, h\u00e1ztart\u00e1si v\u00edzkezel\u00e9s, ipari v\u00edzkezel\u00e9s alg\u00e1sod\u00e1si probl\u00e9m\u00e1k; Dinax V\u00edzkezel\u00e9si Kft., uszodavegyszerek, h\u00e1ztart\u00e1si v\u00edzkezel\u00e9s, ipari v\u00edzkezel\u00e9s jacuzzik karbantart\u00e1sa; Dinax V\u00edzkezel\u00e9si Kft., uszodavegyszerek, h\u00e1ztart\u00e1si v\u00edzkezel\u00e9s, ipari v\u00edzkezel\u00e9s medenc\u00e9k t\u00e9lies\u00edt\u00e9se; Dinax V\u00edzkezel\u00e9si Kft., uszodavegyszerek, h\u00e1ztart\u00e1si v\u00edzkezel\u00e9s, ipari v\u00edzkezel\u00e9s h\u00e1ztart\u00e1si v\u00edzsz\u0171r\u00e9s; a WATERCOMP INSTITUTE v\u00edzvizsg\u00e1latra szakosodott labor, mely a bevizsg\u00e1lt v\u00edzminta r\u00e9szletes ki\u00e9rt\u00e9kel\u00e9s\u00e9t k\u00f6vet\u0151en nem csak szakv\u00e9lem\u00e9nyt, de r\u00e9szletes, t\u00e9teles felhaszn\u00e1l\u00e1si, fert\u0151tlen\u00edt\u00e9si javaslatot is \u00f6ssze\u00e1ll\u00edt","breadcrumb":{"@id":"https:\/\/dinax.hu\/en\/#breadcrumb"},"inLanguage":"en-US","potentialAction":[{"@type":"ReadAction","target":["https:\/\/dinax.hu\/en\/"]}]},{"@type":"BreadcrumbList","@id":"https:\/\/dinax.hu\/en\/#breadcrumb","itemListElement":[{"@type":"ListItem","position":1,"name":"Kezd\u0151lap","item":"https:\/\/dinax.hu\/en\/"},{"@type":"ListItem","position":2,"name":"Main Page"}]},{"@type":"WebSite","@id":"https:\/\/dinax.hu\/#website","url":"https:\/\/dinax.hu\/","name":"Dinax V\u00edzkezel\u00e9si Kft., uszodav\u00edz-kezel\u00e9s, h\u00e1ztart\u00e1si v\u00edzkezel\u00e9s, ipari v\u00edzkezel\u00e9s","description":"","publisher":{"@id":"https:\/\/dinax.hu\/#organization"},"potentialAction":[{"@type":"SearchAction","target":{"@type":"EntryPoint","urlTemplate":"https:\/\/dinax.hu\/?s={search_term_string}"},"query-input":"required name=search_term_string"}],"inLanguage":"en-US"},{"@type":"Organization","@id":"https:\/\/dinax.hu\/#organization","name":"Dinax V\u00edzkezel\u00e9si Kft., uszodav\u00edz-kezel\u00e9s, h\u00e1ztart\u00e1si v\u00edzkezel\u00e9s, ipari v\u00edzkezel\u00e9s","url":"https:\/\/dinax.hu\/","logo":{"@type":"ImageObject","inLanguage":"en-US","@id":"https:\/\/dinax.hu\/#\/schema\/logo\/image\/","url":"https:\/\/dinax.hu\/wp-content\/uploads\/2023\/03\/dinax.svg","contentUrl":"https:\/\/dinax.hu\/wp-content\/uploads\/2023\/03\/dinax.svg","width":"230","height":"85","caption":"Dinax V\u00edzkezel\u00e9si Kft., uszodav\u00edz-kezel\u00e9s, h\u00e1ztart\u00e1si v\u00edzkezel\u00e9s, ipari v\u00edzkezel\u00e9s"},"image":{"@id":"https:\/\/dinax.hu\/#\/schema\/logo\/image\/"},"sameAs":["https:\/\/www.facebook.com\/DinaxKft","https:\/\/www.instagram.com\/dinaxkft\/","https:\/\/www.youtube.com\/user\/dinaxkft"]}]}},"_links":{"self":[{"href":"https:\/\/dinax.hu\/en\/wp-json\/wp\/v2\/pages\/856"}],"collection":[{"href":"https:\/\/dinax.hu\/en\/wp-json\/wp\/v2\/pages"}],"about":[{"href":"https:\/\/dinax.hu\/en\/wp-json\/wp\/v2\/types\/page"}],"author":[{"embeddable":true,"href":"https:\/\/dinax.hu\/en\/wp-json\/wp\/v2\/users\/2"}],"replies":[{"embeddable":true,"href":"https:\/\/dinax.hu\/en\/wp-json\/wp\/v2\/comments?post=856"}],"version-history":[{"count":6,"href":"https:\/\/dinax.hu\/en\/wp-json\/wp\/v2\/pages\/856\/revisions"}],"predecessor-version":[{"id":862,"href":"https:\/\/dinax.hu\/en\/wp-json\/wp\/v2\/pages\/856\/revisions\/862"}],"wp:attachment":[{"href":"https:\/\/dinax.hu\/en\/wp-json\/wp\/v2\/media?parent=856"}],"curies":[{"name":"wp","href":"https:\/\/api.w.org\/{rel}","templated":true}]}}