{"id":821,"date":"2023-03-02T08:44:28","date_gmt":"2023-03-02T07:44:28","guid":{"rendered":"https:\/\/dev-dinaxhu.srv1.clbr.hu\/?page_id=821"},"modified":"2025-04-22T13:20:24","modified_gmt":"2025-04-22T11:20:24","slug":"company-info","status":"publish","type":"page","link":"https:\/\/dinax.hu\/en\/company-info\/","title":{"rendered":"Company info"},"content":{"rendered":"<section class=\"wpb-content-wrapper\"><p>[vc_row content_placement=&#8221;middle&#8221; el_class=&#8221;hero-head&#8221;][vc_column width=&#8221;11\/12&#8243;][vc_column_text el_class=&#8221;main-title&#8221;]<\/p>\n<h1>Company info<\/h1>\n<p>[\/vc_column_text]<style type=\"text\/css\" data-type=\"the7_shortcodes-inline-css\">.shortcode-single-image-wrap.shortcode-single-image-d2fbca28cde5eb56bf0998c551ac0bcd.enable-bg-rollover .rollover i,\n.shortcode-single-image-wrap.shortcode-single-image-d2fbca28cde5eb56bf0998c551ac0bcd.enable-bg-rollover .rollover-video i {\n  background: -webkit-linear-gradient();\n  background: linear-gradient();\n}\n.shortcode-single-image-wrap.shortcode-single-image-d2fbca28cde5eb56bf0998c551ac0bcd .rollover-icon {\n  font-size: 32px;\n  color: #ffffff;\n  min-width: 44px;\n  min-height: 44px;\n  line-height: 44px;\n  border-radius: 100px;\n  border-style: solid;\n  border-width: 0px;\n}\n.dt-icon-bg-on.shortcode-single-image-wrap.shortcode-single-image-d2fbca28cde5eb56bf0998c551ac0bcd .rollover-icon {\n  background: rgba(255,255,255,0.3);\n  box-shadow: none;\n}\n<\/style><div class=\"shortcode-single-image-wrap shortcode-single-image-d2fbca28cde5eb56bf0998c551ac0bcd alignnone  enable-bg-rollover dt-icon-bg-off\" style=\"margin-top:0px; margin-bottom:0px; margin-left:0px; margin-right:0px;\"><div class=\"shortcode-single-image head-bg-pic\"><div class=\"fancy-media-wrap  layzr-bg\" style=\"\"><img class=\"preload-me lazy-load aspect\" src=\"data:image\/svg+xml,%3Csvg%20xmlns%3D&#39;http%3A%2F%2Fwww.w3.org%2F2000%2Fsvg&#39;%20viewBox%3D&#39;0%200%202560%20600&#39;%2F%3E\" data-src=\"https:\/\/dinax.hu\/wp-content\/uploads\/2023\/03\/rolunk-head-bg.png\" data-srcset=\"https:\/\/dinax.hu\/wp-content\/uploads\/2023\/03\/rolunk-head-bg.png 2560w\" loading=\"eager\" sizes=\"(max-width: 2560px) 100vw, 2560px\" width=\"2560\" height=\"600\"  data-dt-location=\"https:\/\/dinax.hu\/en\/rolunk\/rolunk-head-bg\/\" style=\"--ratio: 2560 \/ 600;\" alt=\"\" \/><\/div><\/div><\/div>[\/vc_column][\/vc_row][vc_row][vc_column width=&#8221;3\/5&#8243; offset=&#8221;vc_col-sm-offset-1\/5&#8243;][vc_column_text]<\/p>\n<h2>DINAX Water Treatment Ltd.<\/h2>\n<p><strong>Managing Director:<\/strong> John Tibor<br \/>\n<strong>Our company was founded in <\/strong>1995<br \/>\n<strong>Tax number:<\/strong> 12028773-2-42<br \/>\n<strong>Company Registration Number:<\/strong> 01-09-369175<br \/>\n<strong>Issuing Court:<\/strong> Metropolitan Court<\/p>\n<p><a href=\"\/wp-content\/uploads\/2025\/05\/DINAX Kft_EX2931-25_2MA_QEMS CERT EN.pdf\" target=\"_blank\" rel=\"noopener\">EN ISO 9001:2015 &amp; EN ISO 14001:2015<\/a>[\/vc_column_text][\/vc_column][\/vc_row]<\/p>\n<\/section>","protected":false},"excerpt":{"rendered":"<p>[vc_row content_placement=&#8221;middle&#8221; el_class=&#8221;hero-head&#8221;][vc_column width=&#8221;11\/12&#8243;][vc_column_text el_class=&#8221;main-title&#8221;] Company info [\/vc_column_text][\/vc_column][\/vc_row][vc_row][vc_column width=&#8221;3\/5&#8243; offset=&#8221;vc_col-sm-offset-1\/5&#8243;][vc_column_text] DINAX Water Treatment Ltd. Managing Director: John Tibor Our company was founded in 1995 Tax number: 12028773-2-42 Company Registration Number: 01-09-369175 Issuing Court: Metropolitan Court EN ISO 9001:2015 &amp; EN ISO 14001:2015[\/vc_column_text][\/vc_column][\/vc_row]<\/p>\n","protected":false},"author":2,"featured_media":0,"parent":0,"menu_order":0,"comment_status":"closed","ping_status":"closed","template":"","meta":{"inline_featured_image":false},"yoast_head":"<!-- This site is optimized with the Yoast SEO plugin v20.8 - https:\/\/yoast.com\/wordpress\/plugins\/seo\/ -->\n<title>Company info - Dinax V\u00edzkezel\u00e9si Kft., uszodavegyszerek, h\u00e1ztart\u00e1si v\u00edzkezel\u00e9s, ipari v\u00edzkezel\u00e9s<\/title>\n<meta name=\"description\" content=\"Company info Teljesk\u00f6r\u0171 megold\u00e1sok a medencev\u00edz kezel\u00e9sben; professzion\u00e1lis uszodav\u00edz-kezel\u0151 szerek; kl\u00f3rmentes v\u00edzkezel\u00e9s; Dinax V\u00edzkezel\u00e9si Kft., uszodavegyszerek, h\u00e1ztart\u00e1si v\u00edzkezel\u00e9s, ipari v\u00edzkezel\u00e9s longlife \u2013 kl\u00f3rmentes v\u00edzkezel\u00e9s a hossz\u00fa \u00e9let\u00e9rt; Dinax V\u00edzkezel\u00e9si Kft., uszodavegyszerek, h\u00e1ztart\u00e1si v\u00edzkezel\u00e9s, ipari v\u00edzkezel\u00e9s dinax - longlife term\u00e9kcsal\u00e1d a f\u00fcrd\u0151, gy\u00f3gy- \u00e9s term\u00e1lvizek kl\u00f3rmentes fert\u0151tlen\u00edt\u00e9s\u00e9t, pH-be\u00e1ll\u00edt\u00e1s\u00e1t, pelyhes\u00edt\u00e9s\u00e9t \u00e9s algag\u00e1tl\u00e1s\u00e1t, vagyis komplex v\u00edzkezel\u00e9s\u00e9t v\u00e9gzi; Dinax V\u00edzkezel\u00e9si Kft., uszodavegyszerek, h\u00e1ztart\u00e1si v\u00edzkezel\u00e9s, ipari v\u00edzkezel\u00e9s v\u00edzkezel\u00e9si tippek; medencevizek gyakori probl\u00e9m\u00e1i; Dinax V\u00edzkezel\u00e9si Kft., uszodavegyszerek, h\u00e1ztart\u00e1si v\u00edzkezel\u00e9s, ipari v\u00edzkezel\u00e9s alg\u00e1sod\u00e1si probl\u00e9m\u00e1k; Dinax V\u00edzkezel\u00e9si Kft., uszodavegyszerek, h\u00e1ztart\u00e1si v\u00edzkezel\u00e9s, ipari v\u00edzkezel\u00e9s jacuzzik karbantart\u00e1sa; Dinax V\u00edzkezel\u00e9si Kft., uszodavegyszerek, h\u00e1ztart\u00e1si v\u00edzkezel\u00e9s, ipari v\u00edzkezel\u00e9s medenc\u00e9k t\u00e9lies\u00edt\u00e9se; Dinax V\u00edzkezel\u00e9si Kft., uszodavegyszerek, h\u00e1ztart\u00e1si v\u00edzkezel\u00e9s, ipari v\u00edzkezel\u00e9s h\u00e1ztart\u00e1si v\u00edzsz\u0171r\u00e9s; a WATERCOMP INSTITUTE v\u00edzvizsg\u00e1latra szakosodott labor, mely a bevizsg\u00e1lt v\u00edzminta r\u00e9szletes ki\u00e9rt\u00e9kel\u00e9s\u00e9t k\u00f6vet\u0151en nem csak szakv\u00e9lem\u00e9nyt, de r\u00e9szletes, t\u00e9teles felhaszn\u00e1l\u00e1si, fert\u0151tlen\u00edt\u00e9si javaslatot is \u00f6ssze\u00e1ll\u00edt\" \/>\n<meta name=\"robots\" content=\"index, follow, max-snippet:-1, max-image-preview:large, max-video-preview:-1\" \/>\n<link rel=\"canonical\" href=\"https:\/\/dinax.hu\/en\/company-info\/\" \/>\n<meta property=\"og:locale\" content=\"en_US\" \/>\n<meta property=\"og:type\" content=\"article\" \/>\n<meta property=\"og:title\" content=\"Company info - Dinax V\u00edzkezel\u00e9si Kft., uszodavegyszerek, h\u00e1ztart\u00e1si v\u00edzkezel\u00e9s, ipari v\u00edzkezel\u00e9s\" \/>\n<meta property=\"og:description\" content=\"Company info Teljesk\u00f6r\u0171 megold\u00e1sok a medencev\u00edz kezel\u00e9sben; professzion\u00e1lis uszodav\u00edz-kezel\u0151 szerek; kl\u00f3rmentes v\u00edzkezel\u00e9s; Dinax V\u00edzkezel\u00e9si Kft., uszodavegyszerek, h\u00e1ztart\u00e1si v\u00edzkezel\u00e9s, ipari v\u00edzkezel\u00e9s longlife \u2013 kl\u00f3rmentes v\u00edzkezel\u00e9s a hossz\u00fa \u00e9let\u00e9rt; Dinax V\u00edzkezel\u00e9si Kft., uszodavegyszerek, h\u00e1ztart\u00e1si v\u00edzkezel\u00e9s, ipari v\u00edzkezel\u00e9s dinax - longlife term\u00e9kcsal\u00e1d a f\u00fcrd\u0151, gy\u00f3gy- \u00e9s term\u00e1lvizek kl\u00f3rmentes fert\u0151tlen\u00edt\u00e9s\u00e9t, pH-be\u00e1ll\u00edt\u00e1s\u00e1t, pelyhes\u00edt\u00e9s\u00e9t \u00e9s algag\u00e1tl\u00e1s\u00e1t, vagyis komplex v\u00edzkezel\u00e9s\u00e9t v\u00e9gzi; Dinax V\u00edzkezel\u00e9si Kft., uszodavegyszerek, h\u00e1ztart\u00e1si v\u00edzkezel\u00e9s, ipari v\u00edzkezel\u00e9s v\u00edzkezel\u00e9si tippek; medencevizek gyakori probl\u00e9m\u00e1i; Dinax V\u00edzkezel\u00e9si Kft., uszodavegyszerek, h\u00e1ztart\u00e1si v\u00edzkezel\u00e9s, ipari v\u00edzkezel\u00e9s alg\u00e1sod\u00e1si probl\u00e9m\u00e1k; Dinax V\u00edzkezel\u00e9si Kft., uszodavegyszerek, h\u00e1ztart\u00e1si v\u00edzkezel\u00e9s, ipari v\u00edzkezel\u00e9s jacuzzik karbantart\u00e1sa; Dinax V\u00edzkezel\u00e9si Kft., uszodavegyszerek, h\u00e1ztart\u00e1si v\u00edzkezel\u00e9s, ipari v\u00edzkezel\u00e9s medenc\u00e9k t\u00e9lies\u00edt\u00e9se; Dinax V\u00edzkezel\u00e9si Kft., uszodavegyszerek, h\u00e1ztart\u00e1si v\u00edzkezel\u00e9s, ipari v\u00edzkezel\u00e9s h\u00e1ztart\u00e1si v\u00edzsz\u0171r\u00e9s; a WATERCOMP INSTITUTE v\u00edzvizsg\u00e1latra szakosodott labor, mely a bevizsg\u00e1lt v\u00edzminta r\u00e9szletes ki\u00e9rt\u00e9kel\u00e9s\u00e9t k\u00f6vet\u0151en nem csak szakv\u00e9lem\u00e9nyt, de r\u00e9szletes, t\u00e9teles felhaszn\u00e1l\u00e1si, fert\u0151tlen\u00edt\u00e9si javaslatot is \u00f6ssze\u00e1ll\u00edt\" \/>\n<meta property=\"og:url\" content=\"https:\/\/dinax.hu\/en\/company-info\/\" \/>\n<meta property=\"og:site_name\" content=\"Dinax V\u00edzkezel\u00e9si Kft., uszodavegyszerek, h\u00e1ztart\u00e1si v\u00edzkezel\u00e9s, ipari v\u00edzkezel\u00e9s\" \/>\n<meta property=\"article:publisher\" content=\"https:\/\/www.facebook.com\/DinaxKft\" \/>\n<meta property=\"article:modified_time\" content=\"2025-04-22T11:20:24+00:00\" \/>\n<meta name=\"twitter:card\" content=\"summary_large_image\" \/>\n<meta name=\"twitter:label1\" content=\"Est. reading time\" \/>\n\t<meta name=\"twitter:data1\" content=\"1 minute\" \/>\n<script type=\"application\/ld+json\" class=\"yoast-schema-graph\">{\"@context\":\"https:\/\/schema.org\",\"@graph\":[{\"@type\":\"WebPage\",\"@id\":\"https:\/\/dinax.hu\/en\/company-info\/\",\"url\":\"https:\/\/dinax.hu\/en\/company-info\/\",\"name\":\"Company info - Dinax V\u00edzkezel\u00e9si Kft., uszodavegyszerek, h\u00e1ztart\u00e1si v\u00edzkezel\u00e9s, ipari v\u00edzkezel\u00e9s\",\"isPartOf\":{\"@id\":\"https:\/\/dinax.hu\/#website\"},\"datePublished\":\"2023-03-02T07:44:28+00:00\",\"dateModified\":\"2025-04-22T11:20:24+00:00\",\"description\":\"Company info Teljesk\u00f6r\u0171 megold\u00e1sok a medencev\u00edz kezel\u00e9sben; professzion\u00e1lis uszodav\u00edz-kezel\u0151 szerek; kl\u00f3rmentes v\u00edzkezel\u00e9s; Dinax V\u00edzkezel\u00e9si Kft., uszodavegyszerek, h\u00e1ztart\u00e1si v\u00edzkezel\u00e9s, ipari v\u00edzkezel\u00e9s longlife \u2013 kl\u00f3rmentes v\u00edzkezel\u00e9s a hossz\u00fa \u00e9let\u00e9rt; Dinax V\u00edzkezel\u00e9si Kft., uszodavegyszerek, h\u00e1ztart\u00e1si v\u00edzkezel\u00e9s, ipari v\u00edzkezel\u00e9s dinax - longlife term\u00e9kcsal\u00e1d a f\u00fcrd\u0151, gy\u00f3gy- \u00e9s term\u00e1lvizek kl\u00f3rmentes fert\u0151tlen\u00edt\u00e9s\u00e9t, pH-be\u00e1ll\u00edt\u00e1s\u00e1t, pelyhes\u00edt\u00e9s\u00e9t \u00e9s algag\u00e1tl\u00e1s\u00e1t, vagyis komplex v\u00edzkezel\u00e9s\u00e9t v\u00e9gzi; Dinax V\u00edzkezel\u00e9si Kft., uszodavegyszerek, h\u00e1ztart\u00e1si v\u00edzkezel\u00e9s, ipari v\u00edzkezel\u00e9s v\u00edzkezel\u00e9si tippek; medencevizek gyakori probl\u00e9m\u00e1i; Dinax V\u00edzkezel\u00e9si Kft., uszodavegyszerek, h\u00e1ztart\u00e1si v\u00edzkezel\u00e9s, ipari v\u00edzkezel\u00e9s alg\u00e1sod\u00e1si probl\u00e9m\u00e1k; Dinax V\u00edzkezel\u00e9si Kft., uszodavegyszerek, h\u00e1ztart\u00e1si v\u00edzkezel\u00e9s, ipari v\u00edzkezel\u00e9s jacuzzik karbantart\u00e1sa; Dinax V\u00edzkezel\u00e9si Kft., uszodavegyszerek, h\u00e1ztart\u00e1si v\u00edzkezel\u00e9s, ipari v\u00edzkezel\u00e9s medenc\u00e9k t\u00e9lies\u00edt\u00e9se; Dinax V\u00edzkezel\u00e9si Kft., uszodavegyszerek, h\u00e1ztart\u00e1si v\u00edzkezel\u00e9s, ipari v\u00edzkezel\u00e9s h\u00e1ztart\u00e1si v\u00edzsz\u0171r\u00e9s; a WATERCOMP INSTITUTE v\u00edzvizsg\u00e1latra szakosodott labor, mely a bevizsg\u00e1lt v\u00edzminta r\u00e9szletes ki\u00e9rt\u00e9kel\u00e9s\u00e9t k\u00f6vet\u0151en nem csak szakv\u00e9lem\u00e9nyt, de r\u00e9szletes, t\u00e9teles felhaszn\u00e1l\u00e1si, fert\u0151tlen\u00edt\u00e9si javaslatot is \u00f6ssze\u00e1ll\u00edt\",\"breadcrumb\":{\"@id\":\"https:\/\/dinax.hu\/en\/company-info\/#breadcrumb\"},\"inLanguage\":\"en-US\",\"potentialAction\":[{\"@type\":\"ReadAction\",\"target\":[\"https:\/\/dinax.hu\/en\/company-info\/\"]}]},{\"@type\":\"BreadcrumbList\",\"@id\":\"https:\/\/dinax.hu\/en\/company-info\/#breadcrumb\",\"itemListElement\":[{\"@type\":\"ListItem\",\"position\":1,\"name\":\"Kezd\u0151lap\",\"item\":\"https:\/\/dinax.hu\/en\/\"},{\"@type\":\"ListItem\",\"position\":2,\"name\":\"Company info\"}]},{\"@type\":\"WebSite\",\"@id\":\"https:\/\/dinax.hu\/#website\",\"url\":\"https:\/\/dinax.hu\/\",\"name\":\"Dinax V\u00edzkezel\u00e9si Kft., uszodav\u00edz-kezel\u00e9s, h\u00e1ztart\u00e1si v\u00edzkezel\u00e9s, ipari v\u00edzkezel\u00e9s\",\"description\":\"\",\"publisher\":{\"@id\":\"https:\/\/dinax.hu\/#organization\"},\"potentialAction\":[{\"@type\":\"SearchAction\",\"target\":{\"@type\":\"EntryPoint\",\"urlTemplate\":\"https:\/\/dinax.hu\/?s={search_term_string}\"},\"query-input\":\"required name=search_term_string\"}],\"inLanguage\":\"en-US\"},{\"@type\":\"Organization\",\"@id\":\"https:\/\/dinax.hu\/#organization\",\"name\":\"Dinax V\u00edzkezel\u00e9si Kft., uszodav\u00edz-kezel\u00e9s, h\u00e1ztart\u00e1si v\u00edzkezel\u00e9s, ipari v\u00edzkezel\u00e9s\",\"url\":\"https:\/\/dinax.hu\/\",\"logo\":{\"@type\":\"ImageObject\",\"inLanguage\":\"en-US\",\"@id\":\"https:\/\/dinax.hu\/#\/schema\/logo\/image\/\",\"url\":\"https:\/\/dinax.hu\/wp-content\/uploads\/2023\/03\/dinax.svg\",\"contentUrl\":\"https:\/\/dinax.hu\/wp-content\/uploads\/2023\/03\/dinax.svg\",\"width\":\"230\",\"height\":\"85\",\"caption\":\"Dinax V\u00edzkezel\u00e9si Kft., uszodav\u00edz-kezel\u00e9s, h\u00e1ztart\u00e1si v\u00edzkezel\u00e9s, ipari v\u00edzkezel\u00e9s\"},\"image\":{\"@id\":\"https:\/\/dinax.hu\/#\/schema\/logo\/image\/\"},\"sameAs\":[\"https:\/\/www.facebook.com\/DinaxKft\",\"https:\/\/www.instagram.com\/dinaxkft\/\",\"https:\/\/www.youtube.com\/user\/dinaxkft\"]}]}<\/script>\n<!-- \/ Yoast SEO plugin. -->","yoast_head_json":{"title":"Company info - Dinax V\u00edzkezel\u00e9si Kft., uszodavegyszerek, h\u00e1ztart\u00e1si v\u00edzkezel\u00e9s, ipari v\u00edzkezel\u00e9s","description":"Company info Teljesk\u00f6r\u0171 megold\u00e1sok a medencev\u00edz kezel\u00e9sben; professzion\u00e1lis uszodav\u00edz-kezel\u0151 szerek; kl\u00f3rmentes v\u00edzkezel\u00e9s; Dinax V\u00edzkezel\u00e9si Kft., uszodavegyszerek, h\u00e1ztart\u00e1si v\u00edzkezel\u00e9s, ipari v\u00edzkezel\u00e9s longlife \u2013 kl\u00f3rmentes v\u00edzkezel\u00e9s a hossz\u00fa \u00e9let\u00e9rt; Dinax V\u00edzkezel\u00e9si Kft., uszodavegyszerek, h\u00e1ztart\u00e1si v\u00edzkezel\u00e9s, ipari v\u00edzkezel\u00e9s dinax - longlife term\u00e9kcsal\u00e1d a f\u00fcrd\u0151, gy\u00f3gy- \u00e9s term\u00e1lvizek kl\u00f3rmentes fert\u0151tlen\u00edt\u00e9s\u00e9t, pH-be\u00e1ll\u00edt\u00e1s\u00e1t, pelyhes\u00edt\u00e9s\u00e9t \u00e9s algag\u00e1tl\u00e1s\u00e1t, vagyis komplex v\u00edzkezel\u00e9s\u00e9t v\u00e9gzi; Dinax V\u00edzkezel\u00e9si Kft., uszodavegyszerek, h\u00e1ztart\u00e1si v\u00edzkezel\u00e9s, ipari v\u00edzkezel\u00e9s v\u00edzkezel\u00e9si tippek; medencevizek gyakori probl\u00e9m\u00e1i; Dinax V\u00edzkezel\u00e9si Kft., uszodavegyszerek, h\u00e1ztart\u00e1si v\u00edzkezel\u00e9s, ipari v\u00edzkezel\u00e9s alg\u00e1sod\u00e1si probl\u00e9m\u00e1k; Dinax V\u00edzkezel\u00e9si Kft., uszodavegyszerek, h\u00e1ztart\u00e1si v\u00edzkezel\u00e9s, ipari v\u00edzkezel\u00e9s jacuzzik karbantart\u00e1sa; Dinax V\u00edzkezel\u00e9si Kft., uszodavegyszerek, h\u00e1ztart\u00e1si v\u00edzkezel\u00e9s, ipari v\u00edzkezel\u00e9s medenc\u00e9k t\u00e9lies\u00edt\u00e9se; Dinax V\u00edzkezel\u00e9si Kft., uszodavegyszerek, h\u00e1ztart\u00e1si v\u00edzkezel\u00e9s, ipari v\u00edzkezel\u00e9s h\u00e1ztart\u00e1si v\u00edzsz\u0171r\u00e9s; a WATERCOMP INSTITUTE v\u00edzvizsg\u00e1latra szakosodott labor, mely a bevizsg\u00e1lt v\u00edzminta r\u00e9szletes ki\u00e9rt\u00e9kel\u00e9s\u00e9t k\u00f6vet\u0151en nem csak szakv\u00e9lem\u00e9nyt, de r\u00e9szletes, t\u00e9teles felhaszn\u00e1l\u00e1si, fert\u0151tlen\u00edt\u00e9si javaslatot is \u00f6ssze\u00e1ll\u00edt","robots":{"index":"index","follow":"follow","max-snippet":"max-snippet:-1","max-image-preview":"max-image-preview:large","max-video-preview":"max-video-preview:-1"},"canonical":"https:\/\/dinax.hu\/en\/company-info\/","og_locale":"en_US","og_type":"article","og_title":"Company info - Dinax V\u00edzkezel\u00e9si Kft., uszodavegyszerek, h\u00e1ztart\u00e1si v\u00edzkezel\u00e9s, ipari v\u00edzkezel\u00e9s","og_description":"Company info Teljesk\u00f6r\u0171 megold\u00e1sok a medencev\u00edz kezel\u00e9sben; professzion\u00e1lis uszodav\u00edz-kezel\u0151 szerek; kl\u00f3rmentes v\u00edzkezel\u00e9s; Dinax V\u00edzkezel\u00e9si Kft., uszodavegyszerek, h\u00e1ztart\u00e1si v\u00edzkezel\u00e9s, ipari v\u00edzkezel\u00e9s longlife \u2013 kl\u00f3rmentes v\u00edzkezel\u00e9s a hossz\u00fa \u00e9let\u00e9rt; Dinax V\u00edzkezel\u00e9si Kft., uszodavegyszerek, h\u00e1ztart\u00e1si v\u00edzkezel\u00e9s, ipari v\u00edzkezel\u00e9s dinax - longlife term\u00e9kcsal\u00e1d a f\u00fcrd\u0151, gy\u00f3gy- \u00e9s term\u00e1lvizek kl\u00f3rmentes fert\u0151tlen\u00edt\u00e9s\u00e9t, pH-be\u00e1ll\u00edt\u00e1s\u00e1t, pelyhes\u00edt\u00e9s\u00e9t \u00e9s algag\u00e1tl\u00e1s\u00e1t, vagyis komplex v\u00edzkezel\u00e9s\u00e9t v\u00e9gzi; Dinax V\u00edzkezel\u00e9si Kft., uszodavegyszerek, h\u00e1ztart\u00e1si v\u00edzkezel\u00e9s, ipari v\u00edzkezel\u00e9s v\u00edzkezel\u00e9si tippek; medencevizek gyakori probl\u00e9m\u00e1i; Dinax V\u00edzkezel\u00e9si Kft., uszodavegyszerek, h\u00e1ztart\u00e1si v\u00edzkezel\u00e9s, ipari v\u00edzkezel\u00e9s alg\u00e1sod\u00e1si probl\u00e9m\u00e1k; Dinax V\u00edzkezel\u00e9si Kft., uszodavegyszerek, h\u00e1ztart\u00e1si v\u00edzkezel\u00e9s, ipari v\u00edzkezel\u00e9s jacuzzik karbantart\u00e1sa; Dinax V\u00edzkezel\u00e9si Kft., uszodavegyszerek, h\u00e1ztart\u00e1si v\u00edzkezel\u00e9s, ipari v\u00edzkezel\u00e9s medenc\u00e9k t\u00e9lies\u00edt\u00e9se; Dinax V\u00edzkezel\u00e9si Kft., uszodavegyszerek, h\u00e1ztart\u00e1si v\u00edzkezel\u00e9s, ipari v\u00edzkezel\u00e9s h\u00e1ztart\u00e1si v\u00edzsz\u0171r\u00e9s; a WATERCOMP INSTITUTE v\u00edzvizsg\u00e1latra szakosodott labor, mely a bevizsg\u00e1lt v\u00edzminta r\u00e9szletes ki\u00e9rt\u00e9kel\u00e9s\u00e9t k\u00f6vet\u0151en nem csak szakv\u00e9lem\u00e9nyt, de r\u00e9szletes, t\u00e9teles felhaszn\u00e1l\u00e1si, fert\u0151tlen\u00edt\u00e9si javaslatot is \u00f6ssze\u00e1ll\u00edt","og_url":"https:\/\/dinax.hu\/en\/company-info\/","og_site_name":"Dinax V\u00edzkezel\u00e9si Kft., uszodavegyszerek, h\u00e1ztart\u00e1si v\u00edzkezel\u00e9s, ipari v\u00edzkezel\u00e9s","article_publisher":"https:\/\/www.facebook.com\/DinaxKft","article_modified_time":"2025-04-22T11:20:24+00:00","twitter_card":"summary_large_image","twitter_misc":{"Est. reading time":"1 minute"},"schema":{"@context":"https:\/\/schema.org","@graph":[{"@type":"WebPage","@id":"https:\/\/dinax.hu\/en\/company-info\/","url":"https:\/\/dinax.hu\/en\/company-info\/","name":"Company info - Dinax V\u00edzkezel\u00e9si Kft., uszodavegyszerek, h\u00e1ztart\u00e1si v\u00edzkezel\u00e9s, ipari v\u00edzkezel\u00e9s","isPartOf":{"@id":"https:\/\/dinax.hu\/#website"},"datePublished":"2023-03-02T07:44:28+00:00","dateModified":"2025-04-22T11:20:24+00:00","description":"Company info Teljesk\u00f6r\u0171 megold\u00e1sok a medencev\u00edz kezel\u00e9sben; professzion\u00e1lis uszodav\u00edz-kezel\u0151 szerek; kl\u00f3rmentes v\u00edzkezel\u00e9s; Dinax V\u00edzkezel\u00e9si Kft., uszodavegyszerek, h\u00e1ztart\u00e1si v\u00edzkezel\u00e9s, ipari v\u00edzkezel\u00e9s longlife \u2013 kl\u00f3rmentes v\u00edzkezel\u00e9s a hossz\u00fa \u00e9let\u00e9rt; Dinax V\u00edzkezel\u00e9si Kft., uszodavegyszerek, h\u00e1ztart\u00e1si v\u00edzkezel\u00e9s, ipari v\u00edzkezel\u00e9s dinax - longlife term\u00e9kcsal\u00e1d a f\u00fcrd\u0151, gy\u00f3gy- \u00e9s term\u00e1lvizek kl\u00f3rmentes fert\u0151tlen\u00edt\u00e9s\u00e9t, pH-be\u00e1ll\u00edt\u00e1s\u00e1t, pelyhes\u00edt\u00e9s\u00e9t \u00e9s algag\u00e1tl\u00e1s\u00e1t, vagyis komplex v\u00edzkezel\u00e9s\u00e9t v\u00e9gzi; Dinax V\u00edzkezel\u00e9si Kft., uszodavegyszerek, h\u00e1ztart\u00e1si v\u00edzkezel\u00e9s, ipari v\u00edzkezel\u00e9s v\u00edzkezel\u00e9si tippek; medencevizek gyakori probl\u00e9m\u00e1i; Dinax V\u00edzkezel\u00e9si Kft., uszodavegyszerek, h\u00e1ztart\u00e1si v\u00edzkezel\u00e9s, ipari v\u00edzkezel\u00e9s alg\u00e1sod\u00e1si probl\u00e9m\u00e1k; Dinax V\u00edzkezel\u00e9si Kft., uszodavegyszerek, h\u00e1ztart\u00e1si v\u00edzkezel\u00e9s, ipari v\u00edzkezel\u00e9s jacuzzik karbantart\u00e1sa; Dinax V\u00edzkezel\u00e9si Kft., uszodavegyszerek, h\u00e1ztart\u00e1si v\u00edzkezel\u00e9s, ipari v\u00edzkezel\u00e9s medenc\u00e9k t\u00e9lies\u00edt\u00e9se; Dinax V\u00edzkezel\u00e9si Kft., uszodavegyszerek, h\u00e1ztart\u00e1si v\u00edzkezel\u00e9s, ipari v\u00edzkezel\u00e9s h\u00e1ztart\u00e1si v\u00edzsz\u0171r\u00e9s; a WATERCOMP INSTITUTE v\u00edzvizsg\u00e1latra szakosodott labor, mely a bevizsg\u00e1lt v\u00edzminta r\u00e9szletes ki\u00e9rt\u00e9kel\u00e9s\u00e9t k\u00f6vet\u0151en nem csak szakv\u00e9lem\u00e9nyt, de r\u00e9szletes, t\u00e9teles felhaszn\u00e1l\u00e1si, fert\u0151tlen\u00edt\u00e9si javaslatot is \u00f6ssze\u00e1ll\u00edt","breadcrumb":{"@id":"https:\/\/dinax.hu\/en\/company-info\/#breadcrumb"},"inLanguage":"en-US","potentialAction":[{"@type":"ReadAction","target":["https:\/\/dinax.hu\/en\/company-info\/"]}]},{"@type":"BreadcrumbList","@id":"https:\/\/dinax.hu\/en\/company-info\/#breadcrumb","itemListElement":[{"@type":"ListItem","position":1,"name":"Kezd\u0151lap","item":"https:\/\/dinax.hu\/en\/"},{"@type":"ListItem","position":2,"name":"Company info"}]},{"@type":"WebSite","@id":"https:\/\/dinax.hu\/#website","url":"https:\/\/dinax.hu\/","name":"Dinax V\u00edzkezel\u00e9si Kft., uszodav\u00edz-kezel\u00e9s, h\u00e1ztart\u00e1si v\u00edzkezel\u00e9s, ipari v\u00edzkezel\u00e9s","description":"","publisher":{"@id":"https:\/\/dinax.hu\/#organization"},"potentialAction":[{"@type":"SearchAction","target":{"@type":"EntryPoint","urlTemplate":"https:\/\/dinax.hu\/?s={search_term_string}"},"query-input":"required name=search_term_string"}],"inLanguage":"en-US"},{"@type":"Organization","@id":"https:\/\/dinax.hu\/#organization","name":"Dinax V\u00edzkezel\u00e9si Kft., uszodav\u00edz-kezel\u00e9s, h\u00e1ztart\u00e1si v\u00edzkezel\u00e9s, ipari v\u00edzkezel\u00e9s","url":"https:\/\/dinax.hu\/","logo":{"@type":"ImageObject","inLanguage":"en-US","@id":"https:\/\/dinax.hu\/#\/schema\/logo\/image\/","url":"https:\/\/dinax.hu\/wp-content\/uploads\/2023\/03\/dinax.svg","contentUrl":"https:\/\/dinax.hu\/wp-content\/uploads\/2023\/03\/dinax.svg","width":"230","height":"85","caption":"Dinax V\u00edzkezel\u00e9si Kft., uszodav\u00edz-kezel\u00e9s, h\u00e1ztart\u00e1si v\u00edzkezel\u00e9s, ipari v\u00edzkezel\u00e9s"},"image":{"@id":"https:\/\/dinax.hu\/#\/schema\/logo\/image\/"},"sameAs":["https:\/\/www.facebook.com\/DinaxKft","https:\/\/www.instagram.com\/dinaxkft\/","https:\/\/www.youtube.com\/user\/dinaxkft"]}]}},"_links":{"self":[{"href":"https:\/\/dinax.hu\/en\/wp-json\/wp\/v2\/pages\/821"}],"collection":[{"href":"https:\/\/dinax.hu\/en\/wp-json\/wp\/v2\/pages"}],"about":[{"href":"https:\/\/dinax.hu\/en\/wp-json\/wp\/v2\/types\/page"}],"author":[{"embeddable":true,"href":"https:\/\/dinax.hu\/en\/wp-json\/wp\/v2\/users\/2"}],"replies":[{"embeddable":true,"href":"https:\/\/dinax.hu\/en\/wp-json\/wp\/v2\/comments?post=821"}],"version-history":[{"count":4,"href":"https:\/\/dinax.hu\/en\/wp-json\/wp\/v2\/pages\/821\/revisions"}],"predecessor-version":[{"id":1900,"href":"https:\/\/dinax.hu\/en\/wp-json\/wp\/v2\/pages\/821\/revisions\/1900"}],"wp:attachment":[{"href":"https:\/\/dinax.hu\/en\/wp-json\/wp\/v2\/media?parent=821"}],"curies":[{"name":"wp","href":"https:\/\/api.w.org\/{rel}","templated":true}]}}