{"id":742,"date":"2023-04-04T15:27:35","date_gmt":"2023-04-04T13:27:35","guid":{"rendered":"http:\/\/dev-dinaxhu.srv1.clbr.hu\/?page_id=742"},"modified":"2023-06-07T11:00:59","modified_gmt":"2023-06-07T09:00:59","slug":"brown-pool-water","status":"publish","type":"page","link":"https:\/\/dinax.hu\/en\/professional-background\/brown-pool-water\/","title":{"rendered":"Brown pool water"},"content":{"rendered":"<section class=\"wpb-content-wrapper\"><p>[vc_row content_placement=&#8221;middle&#8221; el_class=&#8221;hero-head&#8221;][vc_column width=&#8221;11\/12&#8243; css=&#8221;.vc_custom_1677856120927{padding-right: 0px !important;padding-left: 0px !important;}&#8221;][vc_column_text el_class=&#8221;main-title&#8221;]<\/p>\n<h1>Brown pool water<\/h1>\n<p>[\/vc_column_text][vc_raw_html]JTNDdmlkZW8lMjBhdXRvcGxheSUyMHBsYXlzaW5saW5lJTIwbXV0ZWQlMjBsb29wJTIwc3JjJTNEJTIyJTJGd3AtY29udGVudCUyRnVwbG9hZHMlMkYyMDIzJTJGMDMlMkZoZWFkX2JnLm1wNCUyMiUyMHdpZHRoJTNEJTIyYXV0byUyMiUyMGhlaWdodCUzRCUyMmF1dG8lMjIlMjBhbHQlM0QlMjIlMjIlM0UlM0MlMkZ2aWRlbyUzRQ==[\/vc_raw_html][vc_raw_html el_class=&#8221;img-mask&#8221;]JTNDaW1nJTIwc3JjJTNEJTIyJTJGd3AtY29udGVudCUyRnVwbG9hZHMlMkYyMDIzJTJGMDMlMkZoZWFkLWJnLW1hc2sucG5nJTIyJTNF[\/vc_raw_html][\/vc_column][\/vc_row][vc_row][vc_column width=&#8221;3\/5&#8243; offset=&#8221;vc_col-sm-offset-1\/5&#8243;][vc_column_text]The brownish discolouration of pool water is mainly caused by the iron or manganese content of the filling water reacting with chlorine.<\/p>\n<p>This can appear in the total volume of water, giving it a brownish tint, or in the form of stains on various surfaces.<\/p>\n<p>In these cases, we recommend the following procedure:<\/p>\n<ul>\n<li>Let the chlorine level drop<\/li>\n<li>Pour 2.8 kg of DEWAN-18 per 10 m\u00b3 into the pool water and start the rotation. 8.5 litres of DEWAN-7 are needed for 10 m\u00b3 of water.<\/li>\n<li>Once mixed in the total water volume, it will remove brown discolouration and dissolve iron and manganese deposits within a few days.<\/li>\n<li>Repeated chlorination can cause iron and manganese stains to reappear, which can be prevented by using DINAX METAL MAGIC F.<\/li>\n<li>After the brown colour or the stains have disappeared, add 30-50 ml DINAX METAL MAGIC F to 1 m\u00b3 of pool water to prevent the reappearance of stains<\/li>\n<li>During the treatment, the pool can be used, DEWAN will have a disinfecting effect instead of chlorine. Any remaining DEWAN can be used for further disinfection, but under no circumstances should chlorine be added to the pool while DEWAN is in use.<\/li>\n<li>When the DEWAN has disappeared from the pool (verified by the DEWAN-50 dipstick), you can restart chlorination. For health reasons, it is advisable to stick to chlorine-free disinfection and continue using DEWAN-18\/ DEWAN-7.<\/li>\n<\/ul>\n<p>Our recommended products are available on the link below:<\/p>\n<ul>\n<li><a href=\"http:\/\/shop.dinax.hu\/swimming_pool_technology\/chemicals_\/chlorine_free_disinfection\/\" target=\"_blank\" rel=\"noopener\">Chlorine free disinfection<\/a><\/li>\n<li><a href=\"http:\/\/shop.dinax.hu\/swimming_pool_technology\/chemicals_\/special_agents\/\" target=\"_blank\" rel=\"noopener\">special_agents<\/a><\/li>\n<\/ul>\n<p>[\/vc_column_text][\/vc_column][\/vc_row]<\/p>\n<\/section>","protected":false},"excerpt":{"rendered":"<p>[vc_row content_placement=&#8221;middle&#8221; el_class=&#8221;hero-head&#8221;][vc_column width=&#8221;11\/12&#8243; css=&#8221;.vc_custom_1677856120927{padding-right: 0px !important;padding-left: 0px !important;}&#8221;][vc_column_text el_class=&#8221;main-title&#8221;] Brown pool water [\/vc_column_text][vc_raw_html]JTNDdmlkZW8lMjBhdXRvcGxheSUyMHBsYXlzaW5saW5lJTIwbXV0ZWQlMjBsb29wJTIwc3JjJTNEJTIyJTJGd3AtY29udGVudCUyRnVwbG9hZHMlMkYyMDIzJTJGMDMlMkZoZWFkX2JnLm1wNCUyMiUyMHdpZHRoJTNEJTIyYXV0byUyMiUyMGhlaWdodCUzRCUyMmF1dG8lMjIlMjBhbHQlM0QlMjIlMjIlM0UlM0MlMkZ2aWRlbyUzRQ==[\/vc_raw_html][vc_raw_html el_class=&#8221;img-mask&#8221;]JTNDaW1nJTIwc3JjJTNEJTIyJTJGd3AtY29udGVudCUyRnVwbG9hZHMlMkYyMDIzJTJGMDMlMkZoZWFkLWJnLW1hc2sucG5nJTIyJTNF[\/vc_raw_html][\/vc_column][\/vc_row][vc_row][vc_column width=&#8221;3\/5&#8243; offset=&#8221;vc_col-sm-offset-1\/5&#8243;][vc_column_text]The brownish discolouration of pool water is mainly caused by the iron or manganese content of the filling water reacting with chlorine. This can appear in the total volume of water, giving it a brownish tint, or in the&hellip;<\/p>\n","protected":false},"author":2,"featured_media":885,"parent":748,"menu_order":0,"comment_status":"closed","ping_status":"closed","template":"","meta":{"inline_featured_image":false},"yoast_head":"<!-- This site is optimized with the Yoast SEO plugin v20.8 - https:\/\/yoast.com\/wordpress\/plugins\/seo\/ -->\n<title>Brown pool water - Dinax V\u00edzkezel\u00e9si Kft., uszodavegyszerek, h\u00e1ztart\u00e1si v\u00edzkezel\u00e9s, ipari v\u00edzkezel\u00e9s<\/title>\n<meta name=\"description\" content=\"Professional recommendations from Hungary&#039;s leading water treatment company for residential and utility users on the causes and treatment of brownish discolouration of pool water.\" \/>\n<meta name=\"robots\" content=\"index, follow, max-snippet:-1, max-image-preview:large, max-video-preview:-1\" \/>\n<link rel=\"canonical\" href=\"https:\/\/dinax.hu\/en\/professional-background\/brown-pool-water\/\" \/>\n<meta property=\"og:locale\" content=\"en_US\" \/>\n<meta property=\"og:type\" content=\"article\" \/>\n<meta property=\"og:title\" content=\"Brown pool water - Dinax V\u00edzkezel\u00e9si Kft., uszodavegyszerek, h\u00e1ztart\u00e1si v\u00edzkezel\u00e9s, ipari v\u00edzkezel\u00e9s\" \/>\n<meta property=\"og:description\" content=\"Professional recommendations from Hungary&#039;s leading water treatment company for residential and utility users on the causes and treatment of brownish discolouration of pool water.\" \/>\n<meta property=\"og:url\" content=\"https:\/\/dinax.hu\/en\/professional-background\/brown-pool-water\/\" \/>\n<meta property=\"og:site_name\" content=\"Dinax V\u00edzkezel\u00e9si Kft., uszodavegyszerek, h\u00e1ztart\u00e1si v\u00edzkezel\u00e9s, ipari v\u00edzkezel\u00e9s\" \/>\n<meta property=\"article:publisher\" content=\"https:\/\/www.facebook.com\/DinaxKft\" \/>\n<meta property=\"article:modified_time\" content=\"2023-06-07T09:00:59+00:00\" \/>\n<meta property=\"og:image\" content=\"https:\/\/dinax.hu\/wp-content\/uploads\/2023\/05\/algasodasi-problemak.jpg\" \/>\n\t<meta property=\"og:image:width\" content=\"1500\" \/>\n\t<meta property=\"og:image:height\" content=\"350\" \/>\n\t<meta property=\"og:image:type\" content=\"image\/jpeg\" \/>\n<meta name=\"twitter:card\" content=\"summary_large_image\" \/>\n<meta name=\"twitter:label1\" content=\"Est. reading time\" \/>\n\t<meta name=\"twitter:data1\" content=\"2 minutes\" \/>\n<script type=\"application\/ld+json\" class=\"yoast-schema-graph\">{\"@context\":\"https:\/\/schema.org\",\"@graph\":[{\"@type\":\"WebPage\",\"@id\":\"https:\/\/dinax.hu\/en\/professional-background\/brown-pool-water\/\",\"url\":\"https:\/\/dinax.hu\/en\/professional-background\/brown-pool-water\/\",\"name\":\"Brown pool water - Dinax V\u00edzkezel\u00e9si Kft., uszodavegyszerek, h\u00e1ztart\u00e1si v\u00edzkezel\u00e9s, ipari v\u00edzkezel\u00e9s\",\"isPartOf\":{\"@id\":\"https:\/\/dinax.hu\/#website\"},\"datePublished\":\"2023-04-04T13:27:35+00:00\",\"dateModified\":\"2023-06-07T09:00:59+00:00\",\"description\":\"Professional recommendations from Hungary's leading water treatment company for residential and utility users on the causes and treatment of brownish discolouration of pool water.\",\"breadcrumb\":{\"@id\":\"https:\/\/dinax.hu\/en\/professional-background\/brown-pool-water\/#breadcrumb\"},\"inLanguage\":\"en-US\",\"potentialAction\":[{\"@type\":\"ReadAction\",\"target\":[\"https:\/\/dinax.hu\/en\/professional-background\/brown-pool-water\/\"]}]},{\"@type\":\"BreadcrumbList\",\"@id\":\"https:\/\/dinax.hu\/en\/professional-background\/brown-pool-water\/#breadcrumb\",\"itemListElement\":[{\"@type\":\"ListItem\",\"position\":1,\"name\":\"Kezd\u0151lap\",\"item\":\"https:\/\/dinax.hu\/en\/\"},{\"@type\":\"ListItem\",\"position\":2,\"name\":\"Professional Background\",\"item\":\"https:\/\/dinax.hu\/en\/professional-background\/\"},{\"@type\":\"ListItem\",\"position\":3,\"name\":\"Brown pool water\"}]},{\"@type\":\"WebSite\",\"@id\":\"https:\/\/dinax.hu\/#website\",\"url\":\"https:\/\/dinax.hu\/\",\"name\":\"Dinax V\u00edzkezel\u00e9si Kft., uszodav\u00edz-kezel\u00e9s, h\u00e1ztart\u00e1si v\u00edzkezel\u00e9s, ipari v\u00edzkezel\u00e9s\",\"description\":\"\",\"publisher\":{\"@id\":\"https:\/\/dinax.hu\/#organization\"},\"potentialAction\":[{\"@type\":\"SearchAction\",\"target\":{\"@type\":\"EntryPoint\",\"urlTemplate\":\"https:\/\/dinax.hu\/?s={search_term_string}\"},\"query-input\":\"required name=search_term_string\"}],\"inLanguage\":\"en-US\"},{\"@type\":\"Organization\",\"@id\":\"https:\/\/dinax.hu\/#organization\",\"name\":\"Dinax V\u00edzkezel\u00e9si Kft., uszodav\u00edz-kezel\u00e9s, h\u00e1ztart\u00e1si v\u00edzkezel\u00e9s, ipari v\u00edzkezel\u00e9s\",\"url\":\"https:\/\/dinax.hu\/\",\"logo\":{\"@type\":\"ImageObject\",\"inLanguage\":\"en-US\",\"@id\":\"https:\/\/dinax.hu\/#\/schema\/logo\/image\/\",\"url\":\"https:\/\/dinax.hu\/wp-content\/uploads\/2023\/03\/dinax.svg\",\"contentUrl\":\"https:\/\/dinax.hu\/wp-content\/uploads\/2023\/03\/dinax.svg\",\"width\":\"230\",\"height\":\"85\",\"caption\":\"Dinax V\u00edzkezel\u00e9si Kft., uszodav\u00edz-kezel\u00e9s, h\u00e1ztart\u00e1si v\u00edzkezel\u00e9s, ipari v\u00edzkezel\u00e9s\"},\"image\":{\"@id\":\"https:\/\/dinax.hu\/#\/schema\/logo\/image\/\"},\"sameAs\":[\"https:\/\/www.facebook.com\/DinaxKft\",\"https:\/\/www.instagram.com\/dinaxkft\/\",\"https:\/\/www.youtube.com\/user\/dinaxkft\"]}]}<\/script>\n<!-- \/ Yoast SEO plugin. -->","yoast_head_json":{"title":"Brown pool water - Dinax V\u00edzkezel\u00e9si Kft., uszodavegyszerek, h\u00e1ztart\u00e1si v\u00edzkezel\u00e9s, ipari v\u00edzkezel\u00e9s","description":"Professional recommendations from Hungary's leading water treatment company for residential and utility users on the causes and treatment of brownish discolouration of pool water.","robots":{"index":"index","follow":"follow","max-snippet":"max-snippet:-1","max-image-preview":"max-image-preview:large","max-video-preview":"max-video-preview:-1"},"canonical":"https:\/\/dinax.hu\/en\/professional-background\/brown-pool-water\/","og_locale":"en_US","og_type":"article","og_title":"Brown pool water - Dinax V\u00edzkezel\u00e9si Kft., uszodavegyszerek, h\u00e1ztart\u00e1si v\u00edzkezel\u00e9s, ipari v\u00edzkezel\u00e9s","og_description":"Professional recommendations from Hungary's leading water treatment company for residential and utility users on the causes and treatment of brownish discolouration of pool water.","og_url":"https:\/\/dinax.hu\/en\/professional-background\/brown-pool-water\/","og_site_name":"Dinax V\u00edzkezel\u00e9si Kft., uszodavegyszerek, h\u00e1ztart\u00e1si v\u00edzkezel\u00e9s, ipari v\u00edzkezel\u00e9s","article_publisher":"https:\/\/www.facebook.com\/DinaxKft","article_modified_time":"2023-06-07T09:00:59+00:00","og_image":[{"width":1500,"height":350,"url":"https:\/\/dinax.hu\/wp-content\/uploads\/2023\/05\/algasodasi-problemak.jpg","type":"image\/jpeg"}],"twitter_card":"summary_large_image","twitter_misc":{"Est. reading time":"2 minutes"},"schema":{"@context":"https:\/\/schema.org","@graph":[{"@type":"WebPage","@id":"https:\/\/dinax.hu\/en\/professional-background\/brown-pool-water\/","url":"https:\/\/dinax.hu\/en\/professional-background\/brown-pool-water\/","name":"Brown pool water - Dinax V\u00edzkezel\u00e9si Kft., uszodavegyszerek, h\u00e1ztart\u00e1si v\u00edzkezel\u00e9s, ipari v\u00edzkezel\u00e9s","isPartOf":{"@id":"https:\/\/dinax.hu\/#website"},"datePublished":"2023-04-04T13:27:35+00:00","dateModified":"2023-06-07T09:00:59+00:00","description":"Professional recommendations from Hungary's leading water treatment company for residential and utility users on the causes and treatment of brownish discolouration of pool water.","breadcrumb":{"@id":"https:\/\/dinax.hu\/en\/professional-background\/brown-pool-water\/#breadcrumb"},"inLanguage":"en-US","potentialAction":[{"@type":"ReadAction","target":["https:\/\/dinax.hu\/en\/professional-background\/brown-pool-water\/"]}]},{"@type":"BreadcrumbList","@id":"https:\/\/dinax.hu\/en\/professional-background\/brown-pool-water\/#breadcrumb","itemListElement":[{"@type":"ListItem","position":1,"name":"Kezd\u0151lap","item":"https:\/\/dinax.hu\/en\/"},{"@type":"ListItem","position":2,"name":"Professional Background","item":"https:\/\/dinax.hu\/en\/professional-background\/"},{"@type":"ListItem","position":3,"name":"Brown pool water"}]},{"@type":"WebSite","@id":"https:\/\/dinax.hu\/#website","url":"https:\/\/dinax.hu\/","name":"Dinax V\u00edzkezel\u00e9si Kft., uszodav\u00edz-kezel\u00e9s, h\u00e1ztart\u00e1si v\u00edzkezel\u00e9s, ipari v\u00edzkezel\u00e9s","description":"","publisher":{"@id":"https:\/\/dinax.hu\/#organization"},"potentialAction":[{"@type":"SearchAction","target":{"@type":"EntryPoint","urlTemplate":"https:\/\/dinax.hu\/?s={search_term_string}"},"query-input":"required name=search_term_string"}],"inLanguage":"en-US"},{"@type":"Organization","@id":"https:\/\/dinax.hu\/#organization","name":"Dinax V\u00edzkezel\u00e9si Kft., uszodav\u00edz-kezel\u00e9s, h\u00e1ztart\u00e1si v\u00edzkezel\u00e9s, ipari v\u00edzkezel\u00e9s","url":"https:\/\/dinax.hu\/","logo":{"@type":"ImageObject","inLanguage":"en-US","@id":"https:\/\/dinax.hu\/#\/schema\/logo\/image\/","url":"https:\/\/dinax.hu\/wp-content\/uploads\/2023\/03\/dinax.svg","contentUrl":"https:\/\/dinax.hu\/wp-content\/uploads\/2023\/03\/dinax.svg","width":"230","height":"85","caption":"Dinax V\u00edzkezel\u00e9si Kft., uszodav\u00edz-kezel\u00e9s, h\u00e1ztart\u00e1si v\u00edzkezel\u00e9s, ipari v\u00edzkezel\u00e9s"},"image":{"@id":"https:\/\/dinax.hu\/#\/schema\/logo\/image\/"},"sameAs":["https:\/\/www.facebook.com\/DinaxKft","https:\/\/www.instagram.com\/dinaxkft\/","https:\/\/www.youtube.com\/user\/dinaxkft"]}]}},"_links":{"self":[{"href":"https:\/\/dinax.hu\/en\/wp-json\/wp\/v2\/pages\/742"}],"collection":[{"href":"https:\/\/dinax.hu\/en\/wp-json\/wp\/v2\/pages"}],"about":[{"href":"https:\/\/dinax.hu\/en\/wp-json\/wp\/v2\/types\/page"}],"author":[{"embeddable":true,"href":"https:\/\/dinax.hu\/en\/wp-json\/wp\/v2\/users\/2"}],"replies":[{"embeddable":true,"href":"https:\/\/dinax.hu\/en\/wp-json\/wp\/v2\/comments?post=742"}],"version-history":[{"count":3,"href":"https:\/\/dinax.hu\/en\/wp-json\/wp\/v2\/pages\/742\/revisions"}],"predecessor-version":[{"id":812,"href":"https:\/\/dinax.hu\/en\/wp-json\/wp\/v2\/pages\/742\/revisions\/812"}],"up":[{"embeddable":true,"href":"https:\/\/dinax.hu\/en\/wp-json\/wp\/v2\/pages\/748"}],"wp:featuredmedia":[{"embeddable":true,"href":"https:\/\/dinax.hu\/en\/wp-json\/wp\/v2\/media\/885"}],"wp:attachment":[{"href":"https:\/\/dinax.hu\/en\/wp-json\/wp\/v2\/media?parent=742"}],"curies":[{"name":"wp","href":"https:\/\/api.w.org\/{rel}","templated":true}]}}