{"id":683,"date":"2023-04-04T15:21:24","date_gmt":"2023-04-04T13:21:24","guid":{"rendered":"https:\/\/dev-dinaxhu.srv1.clbr.hu\/?page_id=683"},"modified":"2023-06-07T11:00:11","modified_gmt":"2023-06-07T09:00:11","slug":"household-water-filtration","status":"publish","type":"page","link":"https:\/\/dinax.hu\/en\/professional-background\/household-water-filtration\/","title":{"rendered":"Household water filtration"},"content":{"rendered":"<section class=\"wpb-content-wrapper\"><p>[vc_row content_placement=&#8221;middle&#8221; el_class=&#8221;hero-head&#8221;][vc_column width=&#8221;11\/12&#8243; css=&#8221;.vc_custom_1677856120927{padding-right: 0px !important;padding-left: 0px !important;}&#8221;][vc_column_text el_class=&#8221;main-title&#8221;]<\/p>\n<h1>HOUSEHOLD WATER FILTRATION<\/h1>\n<p>[\/vc_column_text][vc_raw_html]JTNDdmlkZW8lMjBhdXRvcGxheSUyMHBsYXlzaW5saW5lJTIwbXV0ZWQlMjBsb29wJTIwcG9zdGVyJTNEJTIyJTJGd3AtY29udGVudCUyRnVwbG9hZHMlMkYyMDIzJTJGMDQlMkZoYXp0YXJ0YXNpLXZpenN6dXJlcy5qcGclMjIlMjB3aWR0aCUzRCUyMmF1dG8lMjIlMjBoZWlnaHQlM0QlMjJhdXRvJTIyJTIwYWx0JTNEJTIySCVDMyVBMXp0YXJ0JUMzJUExc2klMjBWJUMzJUFEenN6JUM1JUIxciVDMyVBOXMlMjIlM0UlMEElM0Nzb3VyY2UlMjB0eXBlJTNEJTIydmlkZW8lMkZtcDQlMjIlMjBzcmMlM0QlMjIlMkZ3cC1jb250ZW50JTJGdXBsb2FkcyUyRjIwMjMlMkYwNCUyRmhhenRhcnRhc2ktdml6c3p1cmVzLm1wNCUyMiUzRSUwQSUzQ3NvdXJjZSUyMHR5cGUlM0QlMjJ2aWRlbyUyRndlYm0lMjIlMjBzcmMlM0QlMjIlMkZ3cC1jb250ZW50JTJGdXBsb2FkcyUyRjIwMjMlMkYwNCUyRmhhenRhcnRhc2ktdml6c3p1cmVzLndlYm0lMjIlM0UlMEElM0MlMkZ2aWRlbyUzRQ==[\/vc_raw_html][vc_raw_html el_class=&#8221;img-mask&#8221;]JTNDaW1nJTIwc3JjJTNEJTIyJTJGd3AtY29udGVudCUyRnVwbG9hZHMlMkYyMDIzJTJGMDMlMkZoZWFkLWJnLW1hc2sucG5nJTIyJTNF[\/vc_raw_html][\/vc_column][\/vc_row][vc_row][vc_column width=&#8221;3\/5&#8243; offset=&#8221;vc_col-sm-offset-1\/5&#8243;][vc_column_text]Tap water supplied by water companies generally meets the regulations of the country in question. However, they may contain a level of substances that are unhealthy for the body.<\/p>\n<p><strong>The quality of water should be assessed by its smell, colour, salinity, hardness, iron content, and other impurities such as nitrate, nitrite, and arsenic. In order to determine the presence of these substances in tap water, professional testing is necessary, and the type of water treatment equipment can be decided on the basis of the results.<\/strong><\/p>\n<p>We offer the possibility to carry out accelerated or detailed laboratory water testing.<\/p>\n<ul>\n<li>If the water is visibly cloudy or contains sediment, you will need filter cylinders that can absorb it.<\/li>\n<li>If the drinking water has an odour, then there is a bacterial infection in the water, and an activated carbon filter is needed to eliminate this. The most common method used in households is to install activated carbon filters. These bind dissolved organic matter in the water and are therefore suitable for the disposal of chlorine by-products, and also protect against other unpleasant tastes, odours, and colourings.<\/li>\n<\/ul>\n<p>If you are experiencing any of the above, please visit our website and take a look at our wide range of carbon filtration equipment: multifunctional filter cartridges, dechlorination, disinfection, and arsenic removal with filter cartridges.<\/p>\n<p>If you are experiencing water scale formation in your household equipment, your water is too high in calcium and magnesium, which means you need a water softener.<\/p>\n<p>Our recommended products are available on the link below:<\/p>\n<ul>\n<li><a href=\"http:\/\/shop.dinax.hu\/domestic_water_treatment\/softeners\/\" target=\"_blank\" rel=\"noopener\">Softeners<\/a><\/li>\n<li><a href=\"http:\/\/shop.dinax.hu\/domestic_water_treatment\/protection_of_household_machines\/\" target=\"_blank\" rel=\"noopener\">Protection of household machines<\/a><\/li>\n<\/ul>\n<h2>SELF-CLEANING HOUSEHOLD WATER FILTER<\/h2>\n<p><img decoding=\"async\" loading=\"lazy\" class=\"aligncenter wp-image-320 size-full\" src=\"http:\/\/dev-dinaxhu.srv1.clbr.hu\/wp-content\/uploads\/2023\/04\/Kep1.png\" alt=\"\" width=\"269\" height=\"268\" srcset=\"https:\/\/dinax.hu\/wp-content\/uploads\/2023\/04\/Kep1.png 269w, https:\/\/dinax.hu\/wp-content\/uploads\/2023\/04\/Kep1-150x150.png 150w\" sizes=\"(max-width: 269px) 100vw, 269px\" \/><\/p>\n<p>The picture above shows one of the household self-cleaning water filters available from Dinax Ltd. Have a look at the self-cleaning water filtration equipment we offer on our website: Minibravo, Top Clean \u00be\u201d , Bravofil filter \u00be , RBM 1\u201d<\/p>\n<p>The first picture shows the condition after 3 months in a household in Budapest, where you can clearly see the thick deposits on the filter surface. This filter removes impurities larger than 80 microns from the water.<br \/>\nThe second picture shows the filter already self-cleaned<\/p>\n<p>The advantage of a self-cleaning filter is that it can be maintained in one simple operation. The process is started by turning a knob on the top of the unit, where the water flow from the filter spins the contaminants into a container placed under the unit. The filter can then be used again.<\/p>\n<p>Our self-cleaning filters are available on the link below:<\/p>\n<p><a href=\"http:\/\/shop.dinax.hu\/domestic_water_treatment\/filtering\/backwash-filters\/\" target=\"_blank\" rel=\"noopener\">Backwash filters<\/a>[\/vc_column_text][\/vc_column][\/vc_row]<\/p>\n<\/section>","protected":false},"excerpt":{"rendered":"<p>[vc_row content_placement=&#8221;middle&#8221; el_class=&#8221;hero-head&#8221;][vc_column width=&#8221;11\/12&#8243; css=&#8221;.vc_custom_1677856120927{padding-right: 0px !important;padding-left: 0px !important;}&#8221;][vc_column_text el_class=&#8221;main-title&#8221;] HOUSEHOLD WATER FILTRATION [\/vc_column_text][vc_raw_html]JTNDdmlkZW8lMjBhdXRvcGxheSUyMHBsYXlzaW5saW5lJTIwbXV0ZWQlMjBsb29wJTIwcG9zdGVyJTNEJTIyJTJGd3AtY29udGVudCUyRnVwbG9hZHMlMkYyMDIzJTJGMDQlMkZoYXp0YXJ0YXNpLXZpenN6dXJlcy5qcGclMjIlMjB3aWR0aCUzRCUyMmF1dG8lMjIlMjBoZWlnaHQlM0QlMjJhdXRvJTIyJTIwYWx0JTNEJTIySCVDMyVBMXp0YXJ0JUMzJUExc2klMjBWJUMzJUFEenN6JUM1JUIxciVDMyVBOXMlMjIlM0UlMEElM0Nzb3VyY2UlMjB0eXBlJTNEJTIydmlkZW8lMkZtcDQlMjIlMjBzcmMlM0QlMjIlMkZ3cC1jb250ZW50JTJGdXBsb2FkcyUyRjIwMjMlMkYwNCUyRmhhenRhcnRhc2ktdml6c3p1cmVzLm1wNCUyMiUzRSUwQSUzQ3NvdXJjZSUyMHR5cGUlM0QlMjJ2aWRlbyUyRndlYm0lMjIlMjBzcmMlM0QlMjIlMkZ3cC1jb250ZW50JTJGdXBsb2FkcyUyRjIwMjMlMkYwNCUyRmhhenRhcnRhc2ktdml6c3p1cmVzLndlYm0lMjIlM0UlMEElM0MlMkZ2aWRlbyUzRQ==[\/vc_raw_html][vc_raw_html el_class=&#8221;img-mask&#8221;]JTNDaW1nJTIwc3JjJTNEJTIyJTJGd3AtY29udGVudCUyRnVwbG9hZHMlMkYyMDIzJTJGMDMlMkZoZWFkLWJnLW1hc2sucG5nJTIyJTNF[\/vc_raw_html][\/vc_column][\/vc_row][vc_row][vc_column width=&#8221;3\/5&#8243; offset=&#8221;vc_col-sm-offset-1\/5&#8243;][vc_column_text]Tap water supplied by water companies generally meets the regulations of the country in question. However, they may contain a level of substances that are unhealthy for the body. The quality of water should be assessed by its smell,&hellip;<\/p>\n","protected":false},"author":2,"featured_media":623,"parent":748,"menu_order":0,"comment_status":"closed","ping_status":"closed","template":"","meta":{"inline_featured_image":false},"yoast_head":"<!-- This site is optimized with the Yoast SEO plugin v20.8 - https:\/\/yoast.com\/wordpress\/plugins\/seo\/ -->\n<title>Household water filtration - Dinax V\u00edzkezel\u00e9si Kft., uszodavegyszerek, h\u00e1ztart\u00e1si v\u00edzkezel\u00e9s, ipari v\u00edzkezel\u00e9s<\/title>\n<meta name=\"description\" content=\"Professional recommendations from Hungary&#039;s leading water treatment company for residential users on household water testing and filtration options.\" \/>\n<meta name=\"robots\" content=\"index, follow, max-snippet:-1, max-image-preview:large, max-video-preview:-1\" \/>\n<link rel=\"canonical\" href=\"https:\/\/dinax.hu\/en\/professional-background\/household-water-filtration\/\" \/>\n<meta property=\"og:locale\" content=\"en_US\" \/>\n<meta property=\"og:type\" content=\"article\" \/>\n<meta property=\"og:title\" content=\"Household water filtration - Dinax V\u00edzkezel\u00e9si Kft., uszodavegyszerek, h\u00e1ztart\u00e1si v\u00edzkezel\u00e9s, ipari v\u00edzkezel\u00e9s\" \/>\n<meta property=\"og:description\" content=\"Professional recommendations from Hungary&#039;s leading water treatment company for residential users on household water testing and filtration options.\" \/>\n<meta property=\"og:url\" content=\"https:\/\/dinax.hu\/en\/professional-background\/household-water-filtration\/\" \/>\n<meta property=\"og:site_name\" content=\"Dinax V\u00edzkezel\u00e9si Kft., uszodavegyszerek, h\u00e1ztart\u00e1si v\u00edzkezel\u00e9s, ipari v\u00edzkezel\u00e9s\" \/>\n<meta property=\"article:publisher\" content=\"https:\/\/www.facebook.com\/DinaxKft\" \/>\n<meta property=\"article:modified_time\" content=\"2023-06-07T09:00:11+00:00\" \/>\n<meta property=\"og:image\" content=\"https:\/\/dinax.hu\/wp-content\/uploads\/2023\/04\/haztartasi-vizszures.jpg\" \/>\n\t<meta property=\"og:image:width\" content=\"1500\" \/>\n\t<meta property=\"og:image:height\" content=\"350\" \/>\n\t<meta property=\"og:image:type\" content=\"image\/jpeg\" \/>\n<meta name=\"twitter:card\" content=\"summary_large_image\" \/>\n<meta name=\"twitter:label1\" content=\"Est. reading time\" \/>\n\t<meta name=\"twitter:data1\" content=\"3 minutes\" \/>\n<script type=\"application\/ld+json\" class=\"yoast-schema-graph\">{\"@context\":\"https:\/\/schema.org\",\"@graph\":[{\"@type\":\"WebPage\",\"@id\":\"https:\/\/dinax.hu\/en\/professional-background\/household-water-filtration\/\",\"url\":\"https:\/\/dinax.hu\/en\/professional-background\/household-water-filtration\/\",\"name\":\"Household water filtration - Dinax V\u00edzkezel\u00e9si Kft., uszodavegyszerek, h\u00e1ztart\u00e1si v\u00edzkezel\u00e9s, ipari v\u00edzkezel\u00e9s\",\"isPartOf\":{\"@id\":\"https:\/\/dinax.hu\/#website\"},\"datePublished\":\"2023-04-04T13:21:24+00:00\",\"dateModified\":\"2023-06-07T09:00:11+00:00\",\"description\":\"Professional recommendations from Hungary's leading water treatment company for residential users on household water testing and filtration options.\",\"breadcrumb\":{\"@id\":\"https:\/\/dinax.hu\/en\/professional-background\/household-water-filtration\/#breadcrumb\"},\"inLanguage\":\"en-US\",\"potentialAction\":[{\"@type\":\"ReadAction\",\"target\":[\"https:\/\/dinax.hu\/en\/professional-background\/household-water-filtration\/\"]}]},{\"@type\":\"BreadcrumbList\",\"@id\":\"https:\/\/dinax.hu\/en\/professional-background\/household-water-filtration\/#breadcrumb\",\"itemListElement\":[{\"@type\":\"ListItem\",\"position\":1,\"name\":\"Kezd\u0151lap\",\"item\":\"https:\/\/dinax.hu\/en\/\"},{\"@type\":\"ListItem\",\"position\":2,\"name\":\"Professional Background\",\"item\":\"https:\/\/dinax.hu\/en\/professional-background\/\"},{\"@type\":\"ListItem\",\"position\":3,\"name\":\"Household water filtration\"}]},{\"@type\":\"WebSite\",\"@id\":\"https:\/\/dinax.hu\/#website\",\"url\":\"https:\/\/dinax.hu\/\",\"name\":\"Dinax V\u00edzkezel\u00e9si Kft., uszodav\u00edz-kezel\u00e9s, h\u00e1ztart\u00e1si v\u00edzkezel\u00e9s, ipari v\u00edzkezel\u00e9s\",\"description\":\"\",\"publisher\":{\"@id\":\"https:\/\/dinax.hu\/#organization\"},\"potentialAction\":[{\"@type\":\"SearchAction\",\"target\":{\"@type\":\"EntryPoint\",\"urlTemplate\":\"https:\/\/dinax.hu\/?s={search_term_string}\"},\"query-input\":\"required name=search_term_string\"}],\"inLanguage\":\"en-US\"},{\"@type\":\"Organization\",\"@id\":\"https:\/\/dinax.hu\/#organization\",\"name\":\"Dinax V\u00edzkezel\u00e9si Kft., uszodav\u00edz-kezel\u00e9s, h\u00e1ztart\u00e1si v\u00edzkezel\u00e9s, ipari v\u00edzkezel\u00e9s\",\"url\":\"https:\/\/dinax.hu\/\",\"logo\":{\"@type\":\"ImageObject\",\"inLanguage\":\"en-US\",\"@id\":\"https:\/\/dinax.hu\/#\/schema\/logo\/image\/\",\"url\":\"https:\/\/dinax.hu\/wp-content\/uploads\/2023\/03\/dinax.svg\",\"contentUrl\":\"https:\/\/dinax.hu\/wp-content\/uploads\/2023\/03\/dinax.svg\",\"width\":\"230\",\"height\":\"85\",\"caption\":\"Dinax V\u00edzkezel\u00e9si Kft., uszodav\u00edz-kezel\u00e9s, h\u00e1ztart\u00e1si v\u00edzkezel\u00e9s, ipari v\u00edzkezel\u00e9s\"},\"image\":{\"@id\":\"https:\/\/dinax.hu\/#\/schema\/logo\/image\/\"},\"sameAs\":[\"https:\/\/www.facebook.com\/DinaxKft\",\"https:\/\/www.instagram.com\/dinaxkft\/\",\"https:\/\/www.youtube.com\/user\/dinaxkft\"]}]}<\/script>\n<!-- \/ Yoast SEO plugin. -->","yoast_head_json":{"title":"Household water filtration - Dinax V\u00edzkezel\u00e9si Kft., uszodavegyszerek, h\u00e1ztart\u00e1si v\u00edzkezel\u00e9s, ipari v\u00edzkezel\u00e9s","description":"Professional recommendations from Hungary's leading water treatment company for residential users on household water testing and filtration options.","robots":{"index":"index","follow":"follow","max-snippet":"max-snippet:-1","max-image-preview":"max-image-preview:large","max-video-preview":"max-video-preview:-1"},"canonical":"https:\/\/dinax.hu\/en\/professional-background\/household-water-filtration\/","og_locale":"en_US","og_type":"article","og_title":"Household water filtration - Dinax V\u00edzkezel\u00e9si Kft., uszodavegyszerek, h\u00e1ztart\u00e1si v\u00edzkezel\u00e9s, ipari v\u00edzkezel\u00e9s","og_description":"Professional recommendations from Hungary's leading water treatment company for residential users on household water testing and filtration options.","og_url":"https:\/\/dinax.hu\/en\/professional-background\/household-water-filtration\/","og_site_name":"Dinax V\u00edzkezel\u00e9si Kft., uszodavegyszerek, h\u00e1ztart\u00e1si v\u00edzkezel\u00e9s, ipari v\u00edzkezel\u00e9s","article_publisher":"https:\/\/www.facebook.com\/DinaxKft","article_modified_time":"2023-06-07T09:00:11+00:00","og_image":[{"width":1500,"height":350,"url":"https:\/\/dinax.hu\/wp-content\/uploads\/2023\/04\/haztartasi-vizszures.jpg","type":"image\/jpeg"}],"twitter_card":"summary_large_image","twitter_misc":{"Est. reading time":"3 minutes"},"schema":{"@context":"https:\/\/schema.org","@graph":[{"@type":"WebPage","@id":"https:\/\/dinax.hu\/en\/professional-background\/household-water-filtration\/","url":"https:\/\/dinax.hu\/en\/professional-background\/household-water-filtration\/","name":"Household water filtration - Dinax V\u00edzkezel\u00e9si Kft., uszodavegyszerek, h\u00e1ztart\u00e1si v\u00edzkezel\u00e9s, ipari v\u00edzkezel\u00e9s","isPartOf":{"@id":"https:\/\/dinax.hu\/#website"},"datePublished":"2023-04-04T13:21:24+00:00","dateModified":"2023-06-07T09:00:11+00:00","description":"Professional recommendations from Hungary's leading water treatment company for residential users on household water testing and filtration options.","breadcrumb":{"@id":"https:\/\/dinax.hu\/en\/professional-background\/household-water-filtration\/#breadcrumb"},"inLanguage":"en-US","potentialAction":[{"@type":"ReadAction","target":["https:\/\/dinax.hu\/en\/professional-background\/household-water-filtration\/"]}]},{"@type":"BreadcrumbList","@id":"https:\/\/dinax.hu\/en\/professional-background\/household-water-filtration\/#breadcrumb","itemListElement":[{"@type":"ListItem","position":1,"name":"Kezd\u0151lap","item":"https:\/\/dinax.hu\/en\/"},{"@type":"ListItem","position":2,"name":"Professional Background","item":"https:\/\/dinax.hu\/en\/professional-background\/"},{"@type":"ListItem","position":3,"name":"Household water filtration"}]},{"@type":"WebSite","@id":"https:\/\/dinax.hu\/#website","url":"https:\/\/dinax.hu\/","name":"Dinax V\u00edzkezel\u00e9si Kft., uszodav\u00edz-kezel\u00e9s, h\u00e1ztart\u00e1si v\u00edzkezel\u00e9s, ipari v\u00edzkezel\u00e9s","description":"","publisher":{"@id":"https:\/\/dinax.hu\/#organization"},"potentialAction":[{"@type":"SearchAction","target":{"@type":"EntryPoint","urlTemplate":"https:\/\/dinax.hu\/?s={search_term_string}"},"query-input":"required name=search_term_string"}],"inLanguage":"en-US"},{"@type":"Organization","@id":"https:\/\/dinax.hu\/#organization","name":"Dinax V\u00edzkezel\u00e9si Kft., uszodav\u00edz-kezel\u00e9s, h\u00e1ztart\u00e1si v\u00edzkezel\u00e9s, ipari v\u00edzkezel\u00e9s","url":"https:\/\/dinax.hu\/","logo":{"@type":"ImageObject","inLanguage":"en-US","@id":"https:\/\/dinax.hu\/#\/schema\/logo\/image\/","url":"https:\/\/dinax.hu\/wp-content\/uploads\/2023\/03\/dinax.svg","contentUrl":"https:\/\/dinax.hu\/wp-content\/uploads\/2023\/03\/dinax.svg","width":"230","height":"85","caption":"Dinax V\u00edzkezel\u00e9si Kft., uszodav\u00edz-kezel\u00e9s, h\u00e1ztart\u00e1si v\u00edzkezel\u00e9s, ipari v\u00edzkezel\u00e9s"},"image":{"@id":"https:\/\/dinax.hu\/#\/schema\/logo\/image\/"},"sameAs":["https:\/\/www.facebook.com\/DinaxKft","https:\/\/www.instagram.com\/dinaxkft\/","https:\/\/www.youtube.com\/user\/dinaxkft"]}]}},"_links":{"self":[{"href":"https:\/\/dinax.hu\/en\/wp-json\/wp\/v2\/pages\/683"}],"collection":[{"href":"https:\/\/dinax.hu\/en\/wp-json\/wp\/v2\/pages"}],"about":[{"href":"https:\/\/dinax.hu\/en\/wp-json\/wp\/v2\/types\/page"}],"author":[{"embeddable":true,"href":"https:\/\/dinax.hu\/en\/wp-json\/wp\/v2\/users\/2"}],"replies":[{"embeddable":true,"href":"https:\/\/dinax.hu\/en\/wp-json\/wp\/v2\/comments?post=683"}],"version-history":[{"count":4,"href":"https:\/\/dinax.hu\/en\/wp-json\/wp\/v2\/pages\/683\/revisions"}],"predecessor-version":[{"id":898,"href":"https:\/\/dinax.hu\/en\/wp-json\/wp\/v2\/pages\/683\/revisions\/898"}],"up":[{"embeddable":true,"href":"https:\/\/dinax.hu\/en\/wp-json\/wp\/v2\/pages\/748"}],"wp:featuredmedia":[{"embeddable":true,"href":"https:\/\/dinax.hu\/en\/wp-json\/wp\/v2\/media\/623"}],"wp:attachment":[{"href":"https:\/\/dinax.hu\/en\/wp-json\/wp\/v2\/media?parent=683"}],"curies":[{"name":"wp","href":"https:\/\/api.w.org\/{rel}","templated":true}]}}