{"id":679,"date":"2023-04-04T15:20:30","date_gmt":"2023-04-04T13:20:30","guid":{"rendered":"https:\/\/dev-dinaxhu.srv1.clbr.hu\/?page_id=679"},"modified":"2023-06-07T10:59:58","modified_gmt":"2023-06-07T08:59:58","slug":"problems-with-filter-cleaners","status":"publish","type":"page","link":"https:\/\/dinax.hu\/en\/professional-background\/problems-with-filter-cleaners\/","title":{"rendered":"Problems with filter cleaners"},"content":{"rendered":"<section class=\"wpb-content-wrapper\"><p>[vc_row content_placement=&#8221;middle&#8221; el_class=&#8221;hero-head&#8221;][vc_column width=&#8221;11\/12&#8243; css=&#8221;.vc_custom_1677856120927{padding-right: 0px !important;padding-left: 0px !important;}&#8221;][vc_column_text el_class=&#8221;main-title&#8221;]<\/p>\n<h1>PROBLEMS WITH FILTER CLEANERS<\/h1>\n<p>[\/vc_column_text][vc_raw_html]JTNDdmlkZW8lMjBhdXRvcGxheSUyMHBsYXlzaW5saW5lJTIwbXV0ZWQlMjBsb29wJTIwc3JjJTNEJTIyJTJGd3AtY29udGVudCUyRnVwbG9hZHMlMkYyMDIzJTJGMDMlMkZoZWFkX2JnLm1wNCUyMiUyMHdpZHRoJTNEJTIyYXV0byUyMiUyMGhlaWdodCUzRCUyMmF1dG8lMjIlMjBhbHQlM0QlMjIlMjIlM0UlM0MlMkZ2aWRlbyUzRQ==[\/vc_raw_html][vc_raw_html el_class=&#8221;img-mask&#8221;]JTNDaW1nJTIwc3JjJTNEJTIyJTJGd3AtY29udGVudCUyRnVwbG9hZHMlMkYyMDIzJTJGMDMlMkZoZWFkLWJnLW1hc2sucG5nJTIyJTNF[\/vc_raw_html][\/vc_column][\/vc_row][vc_row][vc_column width=&#8221;3\/5&#8243; offset=&#8221;vc_col-sm-offset-1\/5&#8243;][vc_column_text]You can find information about the phenomena, problems, challenges and solutions to these problems on this page. First, identify the filter&#8217;s contamination, then click on the link to the procedure to see how you can effectively refurbish your paper filter deposit.<\/p>\n<p><strong>Water scale (grey, crumbly, powdery material) or brownish-yellowish, flaky drying, hard material<\/strong><\/p>\n<ul>\n<li>Recommended agent: Dinax\u00ae Filter Cleaner (1 kg, 20 kg)<\/li>\n<\/ul>\n<p><strong>Brownish, sticky, slimy deposits or yellowish discolouration of the filter cartridge (apparently clean filter)<\/strong><\/p>\n<ul>\n<li>Rrecommended agents: Dinax\u00ae Filter Fizzy (250 g &#8211; 5 treatments), Dinax\u00ae Filter Kondi (100 g &#8211; 5 treatments)<\/li>\n<\/ul>\n<p><strong>For very heavy general contamination or periodic maintenance<\/strong><\/p>\n<ul>\n<li>recommended agents: Dinax\u00ae Filter Fizzy P (250 g &#8211; 5 treatments), Dinax\u00ae Filter Kondi (100 g &#8211; 5 treatments), Dinax\u00ae Filter Cleaner (1 kg, 20 kg)<\/li>\n<\/ul>\n<p><strong>Regular cleaning <\/strong><\/p>\n<ul>\n<li>Recommended for weekly cleaning: Alga-Shock\u00ae P (0,5 kg, 1 kg, 5 kg, 10 kg, 25 kg, 50 kg)<\/li>\n<li>Recommended for monthly cleaning: Alga-Shock\u00ae P (0,5 kg, 1 kg, 5 kg, 10 kg, 25 kg, 50 kg), Dinax\u00ae Filter Cleaner (1 kg, 20 kg)<\/li>\n<\/ul>\n<p><strong>White-coloured plaque at the base of the filter ribs\/plates <\/strong><\/p>\n<ul>\n<li>Recommended agents: Alga-Shock\u00ae P (1 kg, 5 kg, 10 kg, 25 kg, 50 kg), Dinax\u00ae Filter Fizzy P (250 g \u2013 for 5 treatments), Dinax\u00ae Filter Kondi WP (100 g &#8211; for 5 treatments), Dinax\u00ae Filter Cleaner F (1 kg, 20 kg)<\/li>\n<\/ul>\n<p><strong>Pink deposits at the base of the filter fins\/plates<\/strong><\/p>\n<ul>\n<li>Recommended agents: Alga-Shock\u00ae P (1 kg, 5 kg, 10 kg, 25 kg, 50 kg), Dinax\u00ae Filter Fizzy (250 g \u2013 for 5 treatments), Dinax\u00ae Filter Kondi WP (100 g &#8211; \u2013 for 5 treatments), Dinax\u00ae Filter Cleaner (1 kg, 20 kg)<\/li>\n<\/ul>\n<p><strong>Brownish-black, eraser-like smearing dirt <\/strong><br \/>\nCleaning is free of charge for our partners in our shop.<br \/>\nOur recommended products are available on the link below:<\/p>\n<ul>\n<li><a href=\"http:\/\/shop.dinax.hu\/swimming_pool_technology\/chemicals_\/filter_cleaners\/\" target=\"_blank\" rel=\"noopener\">Filter Cleaners<\/a><\/li>\n<li><a href=\"http:\/\/shop.dinax.hu\/swimming_pool_technology\/water_treatment_of_whirlpool_baths_spas\/chlorine_based_disinfection_\/\" target=\"_blank\" rel=\"noopener\">Chlorine based disinfection<\/a><\/li>\n<\/ul>\n<p>[\/vc_column_text][\/vc_column][\/vc_row]<\/p>\n<\/section>","protected":false},"excerpt":{"rendered":"<p>[vc_row content_placement=&#8221;middle&#8221; el_class=&#8221;hero-head&#8221;][vc_column width=&#8221;11\/12&#8243; css=&#8221;.vc_custom_1677856120927{padding-right: 0px !important;padding-left: 0px !important;}&#8221;][vc_column_text el_class=&#8221;main-title&#8221;] PROBLEMS WITH FILTER CLEANERS [\/vc_column_text][vc_raw_html]JTNDdmlkZW8lMjBhdXRvcGxheSUyMHBsYXlzaW5saW5lJTIwbXV0ZWQlMjBsb29wJTIwc3JjJTNEJTIyJTJGd3AtY29udGVudCUyRnVwbG9hZHMlMkYyMDIzJTJGMDMlMkZoZWFkX2JnLm1wNCUyMiUyMHdpZHRoJTNEJTIyYXV0byUyMiUyMGhlaWdodCUzRCUyMmF1dG8lMjIlMjBhbHQlM0QlMjIlMjIlM0UlM0MlMkZ2aWRlbyUzRQ==[\/vc_raw_html][vc_raw_html el_class=&#8221;img-mask&#8221;]JTNDaW1nJTIwc3JjJTNEJTIyJTJGd3AtY29udGVudCUyRnVwbG9hZHMlMkYyMDIzJTJGMDMlMkZoZWFkLWJnLW1hc2sucG5nJTIyJTNF[\/vc_raw_html][\/vc_column][\/vc_row][vc_row][vc_column width=&#8221;3\/5&#8243; offset=&#8221;vc_col-sm-offset-1\/5&#8243;][vc_column_text]You can find information about the phenomena, problems, challenges and solutions to these problems on this page. First, identify the filter&#8217;s contamination, then click on the link to the procedure to see how you can effectively refurbish your&hellip;<\/p>\n","protected":false},"author":2,"featured_media":602,"parent":748,"menu_order":0,"comment_status":"closed","ping_status":"closed","template":"","meta":{"inline_featured_image":false},"yoast_head":"<!-- This site is optimized with the Yoast SEO plugin v20.8 - https:\/\/yoast.com\/wordpress\/plugins\/seo\/ -->\n<title>Problems with filter cleaners - Dinax V\u00edzkezel\u00e9si Kft., uszodavegyszerek, h\u00e1ztart\u00e1si v\u00edzkezel\u00e9s, ipari v\u00edzkezel\u00e9s<\/title>\n<meta name=\"description\" content=\"Professional recommendations from Hungary&#039;s leading water treatment company for cleaning clogged, contaminated filter cartridges for residential and utility users.\" \/>\n<meta name=\"robots\" content=\"index, follow, max-snippet:-1, max-image-preview:large, max-video-preview:-1\" \/>\n<link rel=\"canonical\" href=\"https:\/\/dinax.hu\/en\/professional-background\/problems-with-filter-cleaners\/\" \/>\n<meta property=\"og:locale\" content=\"en_US\" \/>\n<meta property=\"og:type\" content=\"article\" \/>\n<meta property=\"og:title\" content=\"Problems with filter cleaners - Dinax V\u00edzkezel\u00e9si Kft., uszodavegyszerek, h\u00e1ztart\u00e1si v\u00edzkezel\u00e9s, ipari v\u00edzkezel\u00e9s\" \/>\n<meta property=\"og:description\" content=\"Professional recommendations from Hungary&#039;s leading water treatment company for cleaning clogged, contaminated filter cartridges for residential and utility users.\" \/>\n<meta property=\"og:url\" content=\"https:\/\/dinax.hu\/en\/professional-background\/problems-with-filter-cleaners\/\" \/>\n<meta property=\"og:site_name\" content=\"Dinax V\u00edzkezel\u00e9si Kft., uszodavegyszerek, h\u00e1ztart\u00e1si v\u00edzkezel\u00e9s, ipari v\u00edzkezel\u00e9s\" \/>\n<meta property=\"article:publisher\" content=\"https:\/\/www.facebook.com\/DinaxKft\" \/>\n<meta property=\"article:modified_time\" content=\"2023-06-07T08:59:58+00:00\" \/>\n<meta property=\"og:image\" content=\"https:\/\/dinax.hu\/wp-content\/uploads\/2023\/04\/medenceapolas.jpg\" \/>\n\t<meta property=\"og:image:width\" content=\"1500\" \/>\n\t<meta property=\"og:image:height\" content=\"350\" \/>\n\t<meta property=\"og:image:type\" content=\"image\/jpeg\" \/>\n<meta name=\"twitter:card\" content=\"summary_large_image\" \/>\n<meta name=\"twitter:label1\" content=\"Est. reading time\" \/>\n\t<meta name=\"twitter:data1\" content=\"2 minutes\" \/>\n<script type=\"application\/ld+json\" class=\"yoast-schema-graph\">{\"@context\":\"https:\/\/schema.org\",\"@graph\":[{\"@type\":\"WebPage\",\"@id\":\"https:\/\/dinax.hu\/en\/professional-background\/problems-with-filter-cleaners\/\",\"url\":\"https:\/\/dinax.hu\/en\/professional-background\/problems-with-filter-cleaners\/\",\"name\":\"Problems with filter cleaners - Dinax V\u00edzkezel\u00e9si Kft., uszodavegyszerek, h\u00e1ztart\u00e1si v\u00edzkezel\u00e9s, ipari v\u00edzkezel\u00e9s\",\"isPartOf\":{\"@id\":\"https:\/\/dinax.hu\/#website\"},\"datePublished\":\"2023-04-04T13:20:30+00:00\",\"dateModified\":\"2023-06-07T08:59:58+00:00\",\"description\":\"Professional recommendations from Hungary's leading water treatment company for cleaning clogged, contaminated filter cartridges for residential and utility users.\",\"breadcrumb\":{\"@id\":\"https:\/\/dinax.hu\/en\/professional-background\/problems-with-filter-cleaners\/#breadcrumb\"},\"inLanguage\":\"en-US\",\"potentialAction\":[{\"@type\":\"ReadAction\",\"target\":[\"https:\/\/dinax.hu\/en\/professional-background\/problems-with-filter-cleaners\/\"]}]},{\"@type\":\"BreadcrumbList\",\"@id\":\"https:\/\/dinax.hu\/en\/professional-background\/problems-with-filter-cleaners\/#breadcrumb\",\"itemListElement\":[{\"@type\":\"ListItem\",\"position\":1,\"name\":\"Kezd\u0151lap\",\"item\":\"https:\/\/dinax.hu\/en\/\"},{\"@type\":\"ListItem\",\"position\":2,\"name\":\"Professional Background\",\"item\":\"https:\/\/dinax.hu\/en\/professional-background\/\"},{\"@type\":\"ListItem\",\"position\":3,\"name\":\"Problems with filter cleaners\"}]},{\"@type\":\"WebSite\",\"@id\":\"https:\/\/dinax.hu\/#website\",\"url\":\"https:\/\/dinax.hu\/\",\"name\":\"Dinax V\u00edzkezel\u00e9si Kft., uszodav\u00edz-kezel\u00e9s, h\u00e1ztart\u00e1si v\u00edzkezel\u00e9s, ipari v\u00edzkezel\u00e9s\",\"description\":\"\",\"publisher\":{\"@id\":\"https:\/\/dinax.hu\/#organization\"},\"potentialAction\":[{\"@type\":\"SearchAction\",\"target\":{\"@type\":\"EntryPoint\",\"urlTemplate\":\"https:\/\/dinax.hu\/?s={search_term_string}\"},\"query-input\":\"required name=search_term_string\"}],\"inLanguage\":\"en-US\"},{\"@type\":\"Organization\",\"@id\":\"https:\/\/dinax.hu\/#organization\",\"name\":\"Dinax V\u00edzkezel\u00e9si Kft., uszodav\u00edz-kezel\u00e9s, h\u00e1ztart\u00e1si v\u00edzkezel\u00e9s, ipari v\u00edzkezel\u00e9s\",\"url\":\"https:\/\/dinax.hu\/\",\"logo\":{\"@type\":\"ImageObject\",\"inLanguage\":\"en-US\",\"@id\":\"https:\/\/dinax.hu\/#\/schema\/logo\/image\/\",\"url\":\"https:\/\/dinax.hu\/wp-content\/uploads\/2023\/03\/dinax.svg\",\"contentUrl\":\"https:\/\/dinax.hu\/wp-content\/uploads\/2023\/03\/dinax.svg\",\"width\":\"230\",\"height\":\"85\",\"caption\":\"Dinax V\u00edzkezel\u00e9si Kft., uszodav\u00edz-kezel\u00e9s, h\u00e1ztart\u00e1si v\u00edzkezel\u00e9s, ipari v\u00edzkezel\u00e9s\"},\"image\":{\"@id\":\"https:\/\/dinax.hu\/#\/schema\/logo\/image\/\"},\"sameAs\":[\"https:\/\/www.facebook.com\/DinaxKft\",\"https:\/\/www.instagram.com\/dinaxkft\/\",\"https:\/\/www.youtube.com\/user\/dinaxkft\"]}]}<\/script>\n<!-- \/ Yoast SEO plugin. -->","yoast_head_json":{"title":"Problems with filter cleaners - Dinax V\u00edzkezel\u00e9si Kft., uszodavegyszerek, h\u00e1ztart\u00e1si v\u00edzkezel\u00e9s, ipari v\u00edzkezel\u00e9s","description":"Professional recommendations from Hungary's leading water treatment company for cleaning clogged, contaminated filter cartridges for residential and utility users.","robots":{"index":"index","follow":"follow","max-snippet":"max-snippet:-1","max-image-preview":"max-image-preview:large","max-video-preview":"max-video-preview:-1"},"canonical":"https:\/\/dinax.hu\/en\/professional-background\/problems-with-filter-cleaners\/","og_locale":"en_US","og_type":"article","og_title":"Problems with filter cleaners - Dinax V\u00edzkezel\u00e9si Kft., uszodavegyszerek, h\u00e1ztart\u00e1si v\u00edzkezel\u00e9s, ipari v\u00edzkezel\u00e9s","og_description":"Professional recommendations from Hungary's leading water treatment company for cleaning clogged, contaminated filter cartridges for residential and utility users.","og_url":"https:\/\/dinax.hu\/en\/professional-background\/problems-with-filter-cleaners\/","og_site_name":"Dinax V\u00edzkezel\u00e9si Kft., uszodavegyszerek, h\u00e1ztart\u00e1si v\u00edzkezel\u00e9s, ipari v\u00edzkezel\u00e9s","article_publisher":"https:\/\/www.facebook.com\/DinaxKft","article_modified_time":"2023-06-07T08:59:58+00:00","og_image":[{"width":1500,"height":350,"url":"https:\/\/dinax.hu\/wp-content\/uploads\/2023\/04\/medenceapolas.jpg","type":"image\/jpeg"}],"twitter_card":"summary_large_image","twitter_misc":{"Est. reading time":"2 minutes"},"schema":{"@context":"https:\/\/schema.org","@graph":[{"@type":"WebPage","@id":"https:\/\/dinax.hu\/en\/professional-background\/problems-with-filter-cleaners\/","url":"https:\/\/dinax.hu\/en\/professional-background\/problems-with-filter-cleaners\/","name":"Problems with filter cleaners - Dinax V\u00edzkezel\u00e9si Kft., uszodavegyszerek, h\u00e1ztart\u00e1si v\u00edzkezel\u00e9s, ipari v\u00edzkezel\u00e9s","isPartOf":{"@id":"https:\/\/dinax.hu\/#website"},"datePublished":"2023-04-04T13:20:30+00:00","dateModified":"2023-06-07T08:59:58+00:00","description":"Professional recommendations from Hungary's leading water treatment company for cleaning clogged, contaminated filter cartridges for residential and utility users.","breadcrumb":{"@id":"https:\/\/dinax.hu\/en\/professional-background\/problems-with-filter-cleaners\/#breadcrumb"},"inLanguage":"en-US","potentialAction":[{"@type":"ReadAction","target":["https:\/\/dinax.hu\/en\/professional-background\/problems-with-filter-cleaners\/"]}]},{"@type":"BreadcrumbList","@id":"https:\/\/dinax.hu\/en\/professional-background\/problems-with-filter-cleaners\/#breadcrumb","itemListElement":[{"@type":"ListItem","position":1,"name":"Kezd\u0151lap","item":"https:\/\/dinax.hu\/en\/"},{"@type":"ListItem","position":2,"name":"Professional Background","item":"https:\/\/dinax.hu\/en\/professional-background\/"},{"@type":"ListItem","position":3,"name":"Problems with filter cleaners"}]},{"@type":"WebSite","@id":"https:\/\/dinax.hu\/#website","url":"https:\/\/dinax.hu\/","name":"Dinax V\u00edzkezel\u00e9si Kft., uszodav\u00edz-kezel\u00e9s, h\u00e1ztart\u00e1si v\u00edzkezel\u00e9s, ipari v\u00edzkezel\u00e9s","description":"","publisher":{"@id":"https:\/\/dinax.hu\/#organization"},"potentialAction":[{"@type":"SearchAction","target":{"@type":"EntryPoint","urlTemplate":"https:\/\/dinax.hu\/?s={search_term_string}"},"query-input":"required name=search_term_string"}],"inLanguage":"en-US"},{"@type":"Organization","@id":"https:\/\/dinax.hu\/#organization","name":"Dinax V\u00edzkezel\u00e9si Kft., uszodav\u00edz-kezel\u00e9s, h\u00e1ztart\u00e1si v\u00edzkezel\u00e9s, ipari v\u00edzkezel\u00e9s","url":"https:\/\/dinax.hu\/","logo":{"@type":"ImageObject","inLanguage":"en-US","@id":"https:\/\/dinax.hu\/#\/schema\/logo\/image\/","url":"https:\/\/dinax.hu\/wp-content\/uploads\/2023\/03\/dinax.svg","contentUrl":"https:\/\/dinax.hu\/wp-content\/uploads\/2023\/03\/dinax.svg","width":"230","height":"85","caption":"Dinax V\u00edzkezel\u00e9si Kft., uszodav\u00edz-kezel\u00e9s, h\u00e1ztart\u00e1si v\u00edzkezel\u00e9s, ipari v\u00edzkezel\u00e9s"},"image":{"@id":"https:\/\/dinax.hu\/#\/schema\/logo\/image\/"},"sameAs":["https:\/\/www.facebook.com\/DinaxKft","https:\/\/www.instagram.com\/dinaxkft\/","https:\/\/www.youtube.com\/user\/dinaxkft"]}]}},"_links":{"self":[{"href":"https:\/\/dinax.hu\/en\/wp-json\/wp\/v2\/pages\/679"}],"collection":[{"href":"https:\/\/dinax.hu\/en\/wp-json\/wp\/v2\/pages"}],"about":[{"href":"https:\/\/dinax.hu\/en\/wp-json\/wp\/v2\/types\/page"}],"author":[{"embeddable":true,"href":"https:\/\/dinax.hu\/en\/wp-json\/wp\/v2\/users\/2"}],"replies":[{"embeddable":true,"href":"https:\/\/dinax.hu\/en\/wp-json\/wp\/v2\/comments?post=679"}],"version-history":[{"count":4,"href":"https:\/\/dinax.hu\/en\/wp-json\/wp\/v2\/pages\/679\/revisions"}],"predecessor-version":[{"id":902,"href":"https:\/\/dinax.hu\/en\/wp-json\/wp\/v2\/pages\/679\/revisions\/902"}],"up":[{"embeddable":true,"href":"https:\/\/dinax.hu\/en\/wp-json\/wp\/v2\/pages\/748"}],"wp:featuredmedia":[{"embeddable":true,"href":"https:\/\/dinax.hu\/en\/wp-json\/wp\/v2\/media\/602"}],"wp:attachment":[{"href":"https:\/\/dinax.hu\/en\/wp-json\/wp\/v2\/media?parent=679"}],"curies":[{"name":"wp","href":"https:\/\/api.w.org\/{rel}","templated":true}]}}