{"id":673,"date":"2023-04-04T15:17:58","date_gmt":"2023-04-04T13:17:58","guid":{"rendered":"https:\/\/dev-dinaxhu.srv1.clbr.hu\/?page_id=673"},"modified":"2023-06-07T10:59:33","modified_gmt":"2023-06-07T08:59:33","slug":"hot-tub-maintenance","status":"publish","type":"page","link":"https:\/\/dinax.hu\/en\/professional-background\/hot-tub-maintenance\/","title":{"rendered":"Hot tub maintenance"},"content":{"rendered":"<section class=\"wpb-content-wrapper\"><p>[vc_row content_placement=&#8221;middle&#8221; el_class=&#8221;hero-head&#8221;][vc_column width=&#8221;11\/12&#8243; css=&#8221;.vc_custom_1677856120927{padding-right: 0px !important;padding-left: 0px !important;}&#8221;][vc_column_text el_class=&#8221;main-title&#8221;]<\/p>\n<h1>HOT TUB MAINTENANCE<\/h1>\n<p>[\/vc_column_text][vc_raw_html]JTNDdmlkZW8lMjBhdXRvcGxheSUyMHBsYXlzaW5saW5lJTIwbXV0ZWQlMjBsb29wJTIwcG9zdGVyJTNEJTIyJTJGd3AtY29udGVudCUyRnVwbG9hZHMlMkYyMDIzJTJGMDQlMkZqYWN1enppay1rYXJiYW50YXJ0YXNhLmpwZyUyMiUyMHdpZHRoJTNEJTIyYXV0byUyMiUyMGhlaWdodCUzRCUyMmF1dG8lMjIlMjBhbHQlM0QlMjJKYWN1enppayUyMGthcmJhbnRhcnQlQzMlQTFzYSUyMiUzRSUwQSUzQ3NvdXJjZSUyMHR5cGUlM0QlMjJ2aWRlbyUyRm1wNCUyMiUyMHNyYyUzRCUyMiUyRndwLWNvbnRlbnQlMkZ1cGxvYWRzJTJGMjAyMyUyRjA0JTJGamFjdXp6aWsta2FyYmFudGFydGFzYS5tcDQlMjIlM0UlMEElM0Nzb3VyY2UlMjB0eXBlJTNEJTIydmlkZW8lMkZ3ZWJtJTIyJTIwc3JjJTNEJTIyJTJGd3AtY29udGVudCUyRnVwbG9hZHMlMkYyMDIzJTJGMDQlMkZqYWN1enppay1rYXJiYW50YXJ0YXNhLndlYm0lMjIlM0UlMEElM0MlMkZ2aWRlbyUzRQ==[\/vc_raw_html][vc_raw_html el_class=&#8221;img-mask&#8221;]JTNDaW1nJTIwc3JjJTNEJTIyJTJGd3AtY29udGVudCUyRnVwbG9hZHMlMkYyMDIzJTJGMDMlMkZoZWFkLWJnLW1hc2sucG5nJTIyJTNF[\/vc_raw_html][\/vc_column][\/vc_row][vc_row][vc_column width=&#8221;3\/5&#8243; offset=&#8221;vc_col-sm-offset-1\/5&#8243;][vc_column_text]<\/p>\n<h2><b>REGULAR MAINTENANCE<\/b><\/h2>\n<p><b>Maintenance<\/b> <b>frequency:<\/b>\u00a01-2 per week (depending on load)<br \/>\n<b>Maintenance area: <\/b>Filter<br \/>\n<b>Materials required for maintenance:<\/b>\u00a0ALGA-SHOCK P<\/p>\n<p><b>Purpose of the maintenance: <\/b><\/p>\n<p>Regular cleaning of the filter can prevent unnecessary chemical wastage and help to filter pool water more efficiently.<\/p>\n<p><b>Maintenance Process:<\/b><\/p>\n<p>Dissolve one teaspoon of ALGA-SHOCK P in a bucket of warm water. Remove the filter insert and place it in the solution. Leave to stand for an hour or two, then rinse thoroughly with a strong jet of water. Put the filter cartridge back in place.<\/p>\n<h2><b>PERIODICAL MAINTENANCE<\/b><\/h2>\n<p><b>Maintenance frequency: <\/b>\u00a0Every 5-8 weeks (depending on load)<br \/>\n<b>Maintenance areas: <\/b>Filter, pool, piping<br \/>\n<b>Maintenance materials: <\/b>\u00a0DINASAN P, ALGA-SHOCK P, FILTER CLEANER<\/p>\n<p><b>The purpose of maintenance:<\/b><\/p>\n<p>To eliminate unforeseen problems at the start of a new disinfection method, it is advisable to clean the pool thoroughly.<\/p>\n<p>For pools in continuous operation, it is necessary to periodically change the water and thoroughly clean the piping and the pool area.<\/p>\n<p>Our recommended products are available on the link below:<\/p>\n<p><a href=\"http:\/\/shop.dinax.hu\/swimming_pool_technology\/chemicals_\/chlorine_based_disinfection\/\" target=\"_blank\" rel=\"noopener\">Chlorine based disinfection<\/a><\/p>\n<p><a href=\"http:\/\/shop.dinax.hu\/swimming_pool_technology\/water_treatment_of_whirlpool_baths_spas\/chlorine_based_disinfection_\/\" target=\"_blank\" rel=\"noopener\">Chlorine based disinfection<\/a><\/p>\n<h2><b>Maintenance procedure:<\/b><\/h2>\n<p><b>Step 1:<\/b>\u00a0Removal of greasy deposits with DINASAN P: After using the whirlpool, the cleaning agent should be added to the used water to be drained. For 1 m\u00b3 of water, 200 g DINASAN P is required. If possible, the chemical should be added directly to the equalisation tank or skimmer. If dosing by skimmer is not feasible, dissolve the granules in 5-10 litres of water and add directly to the pool water. After dosing, run the water pump for about 5 minutes and allow the product to work in the water for at least one hour. After one hour, run the pump again for 2-3 minutes. Then drain the whirlpool and rinse with clean water! Warm water increases the cleaning effect!<\/p>\n<p><b>Step 2:<\/b>\u00a0Disinfect the entire pool and piping system with ALGA-SHOCK P: Fill the pool! Add 50 g ALGA-SHOCK P per cubic metre of water (up to 1-2 tablespoons). Move the water with the experience elements to mix the product well! Allow the chemical to act for at least 2 hours and then drain off the entire amount of water. (If you do not wish to drain the pool for economic reasons, wait until the chlorine level has decreased. DEWAN\u00ae-18 and ALGA-SHOCK P neutralize each other in the pool water, so if you want to get your pool back in use quickly, you can add DEWAN-18 even after shocking, but expect to need to use significantly more disinfectant to establish the initial concentration.<\/p>\n<p><b>Step 3<\/b> Check the filter, remove inorganic impurities (e.g. scale) with DINAX FILTER CLEANER, and replace the filter cartridge if necessary. Remove the filter cartridge after shock treatment of the pool water! If it is very worn, replace it! If you see that replacement is not yet necessary, rinse with running water (e.g., shower) and spray the filter cartridge evenly with DINAX FILTER CLEANER, for which you can buy a spray nozzle separately in our shop. Allow the product to work for half an hour, and then rinse the filter cartridge thoroughly. If possible, the treatment is more effective if the filter can be placed in a container of approximately the same diameter as the filter and soaked in FILTER CLEANER for half an hour. After thorough rinsing, replace the filter insert! If you have used a spray nozzle, rinse it too! After step 3, the pool can be used again, depending on the disinfectant level.[\/vc_column_text][\/vc_column][\/vc_row]<\/p>\n<\/section>","protected":false},"excerpt":{"rendered":"<p>[vc_row content_placement=&#8221;middle&#8221; el_class=&#8221;hero-head&#8221;][vc_column width=&#8221;11\/12&#8243; css=&#8221;.vc_custom_1677856120927{padding-right: 0px !important;padding-left: 0px !important;}&#8221;][vc_column_text el_class=&#8221;main-title&#8221;] HOT TUB MAINTENANCE [\/vc_column_text][vc_raw_html]JTNDdmlkZW8lMjBhdXRvcGxheSUyMHBsYXlzaW5saW5lJTIwbXV0ZWQlMjBsb29wJTIwcG9zdGVyJTNEJTIyJTJGd3AtY29udGVudCUyRnVwbG9hZHMlMkYyMDIzJTJGMDQlMkZqYWN1enppay1rYXJiYW50YXJ0YXNhLmpwZyUyMiUyMHdpZHRoJTNEJTIyYXV0byUyMiUyMGhlaWdodCUzRCUyMmF1dG8lMjIlMjBhbHQlM0QlMjJKYWN1enppayUyMGthcmJhbnRhcnQlQzMlQTFzYSUyMiUzRSUwQSUzQ3NvdXJjZSUyMHR5cGUlM0QlMjJ2aWRlbyUyRm1wNCUyMiUyMHNyYyUzRCUyMiUyRndwLWNvbnRlbnQlMkZ1cGxvYWRzJTJGMjAyMyUyRjA0JTJGamFjdXp6aWsta2FyYmFudGFydGFzYS5tcDQlMjIlM0UlMEElM0Nzb3VyY2UlMjB0eXBlJTNEJTIydmlkZW8lMkZ3ZWJtJTIyJTIwc3JjJTNEJTIyJTJGd3AtY29udGVudCUyRnVwbG9hZHMlMkYyMDIzJTJGMDQlMkZqYWN1enppay1rYXJiYW50YXJ0YXNhLndlYm0lMjIlM0UlMEElM0MlMkZ2aWRlbyUzRQ==[\/vc_raw_html][vc_raw_html el_class=&#8221;img-mask&#8221;]JTNDaW1nJTIwc3JjJTNEJTIyJTJGd3AtY29udGVudCUyRnVwbG9hZHMlMkYyMDIzJTJGMDMlMkZoZWFkLWJnLW1hc2sucG5nJTIyJTNF[\/vc_raw_html][\/vc_column][\/vc_row][vc_row][vc_column width=&#8221;3\/5&#8243; offset=&#8221;vc_col-sm-offset-1\/5&#8243;][vc_column_text] REGULAR MAINTENANCE Maintenance frequency:\u00a01-2 per week (depending on load) Maintenance area: Filter Materials required for maintenance:\u00a0ALGA-SHOCK P Purpose of the maintenance: Regular cleaning of the filter can prevent unnecessary chemical wastage and help to filter pool water more&hellip;<\/p>\n","protected":false},"author":2,"featured_media":609,"parent":748,"menu_order":0,"comment_status":"closed","ping_status":"closed","template":"","meta":{"inline_featured_image":false},"yoast_head":"<!-- This site is optimized with the Yoast SEO plugin v20.8 - https:\/\/yoast.com\/wordpress\/plugins\/seo\/ -->\n<title>Hot tub maintenance - Dinax V\u00edzkezel\u00e9si Kft., uszodavegyszerek, h\u00e1ztart\u00e1si v\u00edzkezel\u00e9s, ipari v\u00edzkezel\u00e9s<\/title>\n<meta name=\"description\" content=\"Professional recommendations from Hungary&#039;s leading water treatment company for regular and periodic maintenance of jacuzzis for residential and utility users.\" \/>\n<meta name=\"robots\" content=\"index, follow, max-snippet:-1, max-image-preview:large, max-video-preview:-1\" \/>\n<link rel=\"canonical\" href=\"https:\/\/dinax.hu\/en\/professional-background\/hot-tub-maintenance\/\" \/>\n<meta property=\"og:locale\" content=\"en_US\" \/>\n<meta property=\"og:type\" content=\"article\" \/>\n<meta property=\"og:title\" content=\"Hot tub maintenance - Dinax V\u00edzkezel\u00e9si Kft., uszodavegyszerek, h\u00e1ztart\u00e1si v\u00edzkezel\u00e9s, ipari v\u00edzkezel\u00e9s\" \/>\n<meta property=\"og:description\" content=\"Professional recommendations from Hungary&#039;s leading water treatment company for regular and periodic maintenance of jacuzzis for residential and utility users.\" \/>\n<meta property=\"og:url\" content=\"https:\/\/dinax.hu\/en\/professional-background\/hot-tub-maintenance\/\" \/>\n<meta property=\"og:site_name\" content=\"Dinax V\u00edzkezel\u00e9si Kft., uszodavegyszerek, h\u00e1ztart\u00e1si v\u00edzkezel\u00e9s, ipari v\u00edzkezel\u00e9s\" \/>\n<meta property=\"article:publisher\" content=\"https:\/\/www.facebook.com\/DinaxKft\" \/>\n<meta property=\"article:modified_time\" content=\"2023-06-07T08:59:33+00:00\" \/>\n<meta property=\"og:image\" content=\"https:\/\/dinax.hu\/wp-content\/uploads\/2023\/04\/kulteri-jacuzzik-teliesitese.jpg\" \/>\n\t<meta property=\"og:image:width\" content=\"1500\" \/>\n\t<meta property=\"og:image:height\" content=\"350\" \/>\n\t<meta property=\"og:image:type\" content=\"image\/jpeg\" \/>\n<meta name=\"twitter:card\" content=\"summary_large_image\" \/>\n<meta name=\"twitter:label1\" content=\"Est. reading time\" \/>\n\t<meta name=\"twitter:data1\" content=\"3 minutes\" \/>\n<script type=\"application\/ld+json\" class=\"yoast-schema-graph\">{\"@context\":\"https:\/\/schema.org\",\"@graph\":[{\"@type\":\"WebPage\",\"@id\":\"https:\/\/dinax.hu\/en\/professional-background\/hot-tub-maintenance\/\",\"url\":\"https:\/\/dinax.hu\/en\/professional-background\/hot-tub-maintenance\/\",\"name\":\"Hot tub maintenance - Dinax V\u00edzkezel\u00e9si Kft., uszodavegyszerek, h\u00e1ztart\u00e1si v\u00edzkezel\u00e9s, ipari v\u00edzkezel\u00e9s\",\"isPartOf\":{\"@id\":\"https:\/\/dinax.hu\/#website\"},\"datePublished\":\"2023-04-04T13:17:58+00:00\",\"dateModified\":\"2023-06-07T08:59:33+00:00\",\"description\":\"Professional recommendations from Hungary's leading water treatment company for regular and periodic maintenance of jacuzzis for residential and utility users.\",\"breadcrumb\":{\"@id\":\"https:\/\/dinax.hu\/en\/professional-background\/hot-tub-maintenance\/#breadcrumb\"},\"inLanguage\":\"en-US\",\"potentialAction\":[{\"@type\":\"ReadAction\",\"target\":[\"https:\/\/dinax.hu\/en\/professional-background\/hot-tub-maintenance\/\"]}]},{\"@type\":\"BreadcrumbList\",\"@id\":\"https:\/\/dinax.hu\/en\/professional-background\/hot-tub-maintenance\/#breadcrumb\",\"itemListElement\":[{\"@type\":\"ListItem\",\"position\":1,\"name\":\"Kezd\u0151lap\",\"item\":\"https:\/\/dinax.hu\/en\/\"},{\"@type\":\"ListItem\",\"position\":2,\"name\":\"Professional Background\",\"item\":\"https:\/\/dinax.hu\/en\/professional-background\/\"},{\"@type\":\"ListItem\",\"position\":3,\"name\":\"Hot tub maintenance\"}]},{\"@type\":\"WebSite\",\"@id\":\"https:\/\/dinax.hu\/#website\",\"url\":\"https:\/\/dinax.hu\/\",\"name\":\"Dinax V\u00edzkezel\u00e9si Kft., uszodav\u00edz-kezel\u00e9s, h\u00e1ztart\u00e1si v\u00edzkezel\u00e9s, ipari v\u00edzkezel\u00e9s\",\"description\":\"\",\"publisher\":{\"@id\":\"https:\/\/dinax.hu\/#organization\"},\"potentialAction\":[{\"@type\":\"SearchAction\",\"target\":{\"@type\":\"EntryPoint\",\"urlTemplate\":\"https:\/\/dinax.hu\/?s={search_term_string}\"},\"query-input\":\"required name=search_term_string\"}],\"inLanguage\":\"en-US\"},{\"@type\":\"Organization\",\"@id\":\"https:\/\/dinax.hu\/#organization\",\"name\":\"Dinax V\u00edzkezel\u00e9si Kft., uszodav\u00edz-kezel\u00e9s, h\u00e1ztart\u00e1si v\u00edzkezel\u00e9s, ipari v\u00edzkezel\u00e9s\",\"url\":\"https:\/\/dinax.hu\/\",\"logo\":{\"@type\":\"ImageObject\",\"inLanguage\":\"en-US\",\"@id\":\"https:\/\/dinax.hu\/#\/schema\/logo\/image\/\",\"url\":\"https:\/\/dinax.hu\/wp-content\/uploads\/2023\/03\/dinax.svg\",\"contentUrl\":\"https:\/\/dinax.hu\/wp-content\/uploads\/2023\/03\/dinax.svg\",\"width\":\"230\",\"height\":\"85\",\"caption\":\"Dinax V\u00edzkezel\u00e9si Kft., uszodav\u00edz-kezel\u00e9s, h\u00e1ztart\u00e1si v\u00edzkezel\u00e9s, ipari v\u00edzkezel\u00e9s\"},\"image\":{\"@id\":\"https:\/\/dinax.hu\/#\/schema\/logo\/image\/\"},\"sameAs\":[\"https:\/\/www.facebook.com\/DinaxKft\",\"https:\/\/www.instagram.com\/dinaxkft\/\",\"https:\/\/www.youtube.com\/user\/dinaxkft\"]}]}<\/script>\n<!-- \/ Yoast SEO plugin. -->","yoast_head_json":{"title":"Hot tub maintenance - Dinax V\u00edzkezel\u00e9si Kft., uszodavegyszerek, h\u00e1ztart\u00e1si v\u00edzkezel\u00e9s, ipari v\u00edzkezel\u00e9s","description":"Professional recommendations from Hungary's leading water treatment company for regular and periodic maintenance of jacuzzis for residential and utility users.","robots":{"index":"index","follow":"follow","max-snippet":"max-snippet:-1","max-image-preview":"max-image-preview:large","max-video-preview":"max-video-preview:-1"},"canonical":"https:\/\/dinax.hu\/en\/professional-background\/hot-tub-maintenance\/","og_locale":"en_US","og_type":"article","og_title":"Hot tub maintenance - Dinax V\u00edzkezel\u00e9si Kft., uszodavegyszerek, h\u00e1ztart\u00e1si v\u00edzkezel\u00e9s, ipari v\u00edzkezel\u00e9s","og_description":"Professional recommendations from Hungary's leading water treatment company for regular and periodic maintenance of jacuzzis for residential and utility users.","og_url":"https:\/\/dinax.hu\/en\/professional-background\/hot-tub-maintenance\/","og_site_name":"Dinax V\u00edzkezel\u00e9si Kft., uszodavegyszerek, h\u00e1ztart\u00e1si v\u00edzkezel\u00e9s, ipari v\u00edzkezel\u00e9s","article_publisher":"https:\/\/www.facebook.com\/DinaxKft","article_modified_time":"2023-06-07T08:59:33+00:00","og_image":[{"width":1500,"height":350,"url":"https:\/\/dinax.hu\/wp-content\/uploads\/2023\/04\/kulteri-jacuzzik-teliesitese.jpg","type":"image\/jpeg"}],"twitter_card":"summary_large_image","twitter_misc":{"Est. reading time":"3 minutes"},"schema":{"@context":"https:\/\/schema.org","@graph":[{"@type":"WebPage","@id":"https:\/\/dinax.hu\/en\/professional-background\/hot-tub-maintenance\/","url":"https:\/\/dinax.hu\/en\/professional-background\/hot-tub-maintenance\/","name":"Hot tub maintenance - Dinax V\u00edzkezel\u00e9si Kft., uszodavegyszerek, h\u00e1ztart\u00e1si v\u00edzkezel\u00e9s, ipari v\u00edzkezel\u00e9s","isPartOf":{"@id":"https:\/\/dinax.hu\/#website"},"datePublished":"2023-04-04T13:17:58+00:00","dateModified":"2023-06-07T08:59:33+00:00","description":"Professional recommendations from Hungary's leading water treatment company for regular and periodic maintenance of jacuzzis for residential and utility users.","breadcrumb":{"@id":"https:\/\/dinax.hu\/en\/professional-background\/hot-tub-maintenance\/#breadcrumb"},"inLanguage":"en-US","potentialAction":[{"@type":"ReadAction","target":["https:\/\/dinax.hu\/en\/professional-background\/hot-tub-maintenance\/"]}]},{"@type":"BreadcrumbList","@id":"https:\/\/dinax.hu\/en\/professional-background\/hot-tub-maintenance\/#breadcrumb","itemListElement":[{"@type":"ListItem","position":1,"name":"Kezd\u0151lap","item":"https:\/\/dinax.hu\/en\/"},{"@type":"ListItem","position":2,"name":"Professional Background","item":"https:\/\/dinax.hu\/en\/professional-background\/"},{"@type":"ListItem","position":3,"name":"Hot tub maintenance"}]},{"@type":"WebSite","@id":"https:\/\/dinax.hu\/#website","url":"https:\/\/dinax.hu\/","name":"Dinax V\u00edzkezel\u00e9si Kft., uszodav\u00edz-kezel\u00e9s, h\u00e1ztart\u00e1si v\u00edzkezel\u00e9s, ipari v\u00edzkezel\u00e9s","description":"","publisher":{"@id":"https:\/\/dinax.hu\/#organization"},"potentialAction":[{"@type":"SearchAction","target":{"@type":"EntryPoint","urlTemplate":"https:\/\/dinax.hu\/?s={search_term_string}"},"query-input":"required name=search_term_string"}],"inLanguage":"en-US"},{"@type":"Organization","@id":"https:\/\/dinax.hu\/#organization","name":"Dinax V\u00edzkezel\u00e9si Kft., uszodav\u00edz-kezel\u00e9s, h\u00e1ztart\u00e1si v\u00edzkezel\u00e9s, ipari v\u00edzkezel\u00e9s","url":"https:\/\/dinax.hu\/","logo":{"@type":"ImageObject","inLanguage":"en-US","@id":"https:\/\/dinax.hu\/#\/schema\/logo\/image\/","url":"https:\/\/dinax.hu\/wp-content\/uploads\/2023\/03\/dinax.svg","contentUrl":"https:\/\/dinax.hu\/wp-content\/uploads\/2023\/03\/dinax.svg","width":"230","height":"85","caption":"Dinax V\u00edzkezel\u00e9si Kft., uszodav\u00edz-kezel\u00e9s, h\u00e1ztart\u00e1si v\u00edzkezel\u00e9s, ipari v\u00edzkezel\u00e9s"},"image":{"@id":"https:\/\/dinax.hu\/#\/schema\/logo\/image\/"},"sameAs":["https:\/\/www.facebook.com\/DinaxKft","https:\/\/www.instagram.com\/dinaxkft\/","https:\/\/www.youtube.com\/user\/dinaxkft"]}]}},"_links":{"self":[{"href":"https:\/\/dinax.hu\/en\/wp-json\/wp\/v2\/pages\/673"}],"collection":[{"href":"https:\/\/dinax.hu\/en\/wp-json\/wp\/v2\/pages"}],"about":[{"href":"https:\/\/dinax.hu\/en\/wp-json\/wp\/v2\/types\/page"}],"author":[{"embeddable":true,"href":"https:\/\/dinax.hu\/en\/wp-json\/wp\/v2\/users\/2"}],"replies":[{"embeddable":true,"href":"https:\/\/dinax.hu\/en\/wp-json\/wp\/v2\/comments?post=673"}],"version-history":[{"count":4,"href":"https:\/\/dinax.hu\/en\/wp-json\/wp\/v2\/pages\/673\/revisions"}],"predecessor-version":[{"id":897,"href":"https:\/\/dinax.hu\/en\/wp-json\/wp\/v2\/pages\/673\/revisions\/897"}],"up":[{"embeddable":true,"href":"https:\/\/dinax.hu\/en\/wp-json\/wp\/v2\/pages\/748"}],"wp:featuredmedia":[{"embeddable":true,"href":"https:\/\/dinax.hu\/en\/wp-json\/wp\/v2\/media\/609"}],"wp:attachment":[{"href":"https:\/\/dinax.hu\/en\/wp-json\/wp\/v2\/media?parent=673"}],"curies":[{"name":"wp","href":"https:\/\/api.w.org\/{rel}","templated":true}]}}