{"id":670,"date":"2023-04-04T15:07:38","date_gmt":"2023-04-04T13:07:38","guid":{"rendered":"https:\/\/dev-dinaxhu.srv1.clbr.hu\/?page_id=670"},"modified":"2023-06-07T10:59:25","modified_gmt":"2023-06-07T08:59:25","slug":"winterising-outdoor-jacuzzis","status":"publish","type":"page","link":"https:\/\/dinax.hu\/en\/professional-background\/winterising-outdoor-jacuzzis\/","title":{"rendered":"Winterising outdoor jacuzzis"},"content":{"rendered":"<section class=\"wpb-content-wrapper\"><p>[vc_row content_placement=&#8221;middle&#8221; el_class=&#8221;hero-head&#8221;][vc_column width=&#8221;11\/12&#8243; css=&#8221;.vc_custom_1677856120927{padding-right: 0px !important;padding-left: 0px !important;}&#8221;][vc_column_text el_class=&#8221;main-title&#8221;]<\/p>\n<h1>WINTERISING OUTDOOR JACUZZIS<\/h1>\n<p>[\/vc_column_text][vc_raw_html]JTNDdmlkZW8lMjBhdXRvcGxheSUyMHBsYXlzaW5saW5lJTIwbXV0ZWQlMjBsb29wJTIwcG9zdGVyJTNEJTIyJTJGd3AtY29udGVudCUyRnVwbG9hZHMlMkYyMDIzJTJGMDQlMkZrdWx0ZXJpLWphY3V6emlrLXRlbGllc2l0ZXNlLmpwZyUyMiUyMHdpZHRoJTNEJTIyYXV0byUyMiUyMGhlaWdodCUzRCUyMmF1dG8lMjIlMjBhbHQlM0QlMjJLJUMzJUJDbHQlQzMlQTlyaSUyMEphY3V6emlrJTIwVCVDMyVBOWxpZXMlQzMlQUR0JUMzJUE5c2UlMjIlM0UlMEElM0Nzb3VyY2UlMjB0eXBlJTNEJTIydmlkZW8lMkZtcDQlMjIlMjBzcmMlM0QlMjIlMkZ3cC1jb250ZW50JTJGdXBsb2FkcyUyRjIwMjMlMkYwNCUyRmt1bHRlcmktamFjdXp6aWstdGVsaWVzaXRlc2UubXA0JTIyJTNFJTBBJTNDc291cmNlJTIwdHlwZSUzRCUyMnZpZGVvJTJGd2VibSUyMiUyMHNyYyUzRCUyMiUyRndwLWNvbnRlbnQlMkZ1cGxvYWRzJTJGMjAyMyUyRjA0JTJGa3VsdGVyaS1qYWN1enppay10ZWxpZXNpdGVzZS53ZWJtJTIyJTNFJTBBJTNDJTJGdmlkZW8lM0U=[\/vc_raw_html][vc_raw_html el_class=&#8221;img-mask&#8221;]JTNDaW1nJTIwc3JjJTNEJTIyJTJGd3AtY29udGVudCUyRnVwbG9hZHMlMkYyMDIzJTJGMDMlMkZoZWFkLWJnLW1hc2sucG5nJTIyJTNF[\/vc_raw_html][\/vc_column][\/vc_row][vc_row][vc_column width=&#8221;3\/5&#8243; offset=&#8221;vc_col-sm-offset-1\/5&#8243;][vc_column_text]If you don&#8217;t plan to use the hot tub during the winter, you have two options for wintering the pool:<\/p>\n<p><strong>Full drainage<\/strong><\/p>\n<p>The pool, the pumps and the entire piping system must be drained, and the pool must be covered. Due to the nature of massage pools, this is a very delicate task, and we always recommend that you consult an expert!<\/p>\n<p><strong>Reduced mode<\/strong><\/p>\n<p>The pool water does not need to be drained, but it should be kept at the lowest temperature throughout the winter. The chemical requirements are low during this period; no other pool management procedures are necessary, and only the heating and electricity costs are to be considered.[\/vc_column_text][\/vc_column][\/vc_row]<\/p>\n<\/section>","protected":false},"excerpt":{"rendered":"<p>[vc_row content_placement=&#8221;middle&#8221; el_class=&#8221;hero-head&#8221;][vc_column width=&#8221;11\/12&#8243; css=&#8221;.vc_custom_1677856120927{padding-right: 0px !important;padding-left: 0px !important;}&#8221;][vc_column_text el_class=&#8221;main-title&#8221;] WINTERISING OUTDOOR JACUZZIS [\/vc_column_text][vc_raw_html]JTNDdmlkZW8lMjBhdXRvcGxheSUyMHBsYXlzaW5saW5lJTIwbXV0ZWQlMjBsb29wJTIwcG9zdGVyJTNEJTIyJTJGd3AtY29udGVudCUyRnVwbG9hZHMlMkYyMDIzJTJGMDQlMkZrdWx0ZXJpLWphY3V6emlrLXRlbGllc2l0ZXNlLmpwZyUyMiUyMHdpZHRoJTNEJTIyYXV0byUyMiUyMGhlaWdodCUzRCUyMmF1dG8lMjIlMjBhbHQlM0QlMjJLJUMzJUJDbHQlQzMlQTlyaSUyMEphY3V6emlrJTIwVCVDMyVBOWxpZXMlQzMlQUR0JUMzJUE5c2UlMjIlM0UlMEElM0Nzb3VyY2UlMjB0eXBlJTNEJTIydmlkZW8lMkZtcDQlMjIlMjBzcmMlM0QlMjIlMkZ3cC1jb250ZW50JTJGdXBsb2FkcyUyRjIwMjMlMkYwNCUyRmt1bHRlcmktamFjdXp6aWstdGVsaWVzaXRlc2UubXA0JTIyJTNFJTBBJTNDc291cmNlJTIwdHlwZSUzRCUyMnZpZGVvJTJGd2VibSUyMiUyMHNyYyUzRCUyMiUyRndwLWNvbnRlbnQlMkZ1cGxvYWRzJTJGMjAyMyUyRjA0JTJGa3VsdGVyaS1qYWN1enppay10ZWxpZXNpdGVzZS53ZWJtJTIyJTNFJTBBJTNDJTJGdmlkZW8lM0U=[\/vc_raw_html][vc_raw_html el_class=&#8221;img-mask&#8221;]JTNDaW1nJTIwc3JjJTNEJTIyJTJGd3AtY29udGVudCUyRnVwbG9hZHMlMkYyMDIzJTJGMDMlMkZoZWFkLWJnLW1hc2sucG5nJTIyJTNF[\/vc_raw_html][\/vc_column][\/vc_row][vc_row][vc_column width=&#8221;3\/5&#8243; offset=&#8221;vc_col-sm-offset-1\/5&#8243;][vc_column_text]If you don&#8217;t plan to use the hot tub during the winter, you have two options for wintering the pool: Full drainage The pool, the pumps and the entire piping system must be drained, and the pool must be&hellip;<\/p>\n","protected":false},"author":2,"featured_media":616,"parent":748,"menu_order":0,"comment_status":"closed","ping_status":"closed","template":"","meta":{"inline_featured_image":false},"yoast_head":"<!-- This site is optimized with the Yoast SEO plugin v20.8 - https:\/\/yoast.com\/wordpress\/plugins\/seo\/ -->\n<title>Winterising outdoor jacuzzis - Dinax V\u00edzkezel\u00e9si Kft., uszodavegyszerek, h\u00e1ztart\u00e1si v\u00edzkezel\u00e9s, ipari v\u00edzkezel\u00e9s<\/title>\n<meta name=\"description\" content=\"Professional advice from Hungary&#039;s leading water treatment company for residential and utility users on winterizing outdoor jacuzzis.\" \/>\n<meta name=\"robots\" content=\"index, follow, max-snippet:-1, max-image-preview:large, max-video-preview:-1\" \/>\n<link rel=\"canonical\" href=\"https:\/\/dinax.hu\/en\/professional-background\/winterising-outdoor-jacuzzis\/\" \/>\n<meta property=\"og:locale\" content=\"en_US\" \/>\n<meta property=\"og:type\" content=\"article\" \/>\n<meta property=\"og:title\" content=\"Winterising outdoor jacuzzis - Dinax V\u00edzkezel\u00e9si Kft., uszodavegyszerek, h\u00e1ztart\u00e1si v\u00edzkezel\u00e9s, ipari v\u00edzkezel\u00e9s\" \/>\n<meta property=\"og:description\" content=\"Professional advice from Hungary&#039;s leading water treatment company for residential and utility users on winterizing outdoor jacuzzis.\" \/>\n<meta property=\"og:url\" content=\"https:\/\/dinax.hu\/en\/professional-background\/winterising-outdoor-jacuzzis\/\" \/>\n<meta property=\"og:site_name\" content=\"Dinax V\u00edzkezel\u00e9si Kft., uszodavegyszerek, h\u00e1ztart\u00e1si v\u00edzkezel\u00e9s, ipari v\u00edzkezel\u00e9s\" \/>\n<meta property=\"article:publisher\" content=\"https:\/\/www.facebook.com\/DinaxKft\" \/>\n<meta property=\"article:modified_time\" content=\"2023-06-07T08:59:25+00:00\" \/>\n<meta property=\"og:image\" content=\"https:\/\/dinax.hu\/wp-content\/uploads\/2023\/04\/jacuzzik-karbantartasa.jpg\" \/>\n\t<meta property=\"og:image:width\" content=\"1500\" \/>\n\t<meta property=\"og:image:height\" content=\"350\" \/>\n\t<meta property=\"og:image:type\" content=\"image\/jpeg\" \/>\n<meta name=\"twitter:card\" content=\"summary_large_image\" \/>\n<meta name=\"twitter:label1\" content=\"Est. reading time\" \/>\n\t<meta name=\"twitter:data1\" content=\"1 minute\" \/>\n<script type=\"application\/ld+json\" class=\"yoast-schema-graph\">{\"@context\":\"https:\/\/schema.org\",\"@graph\":[{\"@type\":\"WebPage\",\"@id\":\"https:\/\/dinax.hu\/en\/professional-background\/winterising-outdoor-jacuzzis\/\",\"url\":\"https:\/\/dinax.hu\/en\/professional-background\/winterising-outdoor-jacuzzis\/\",\"name\":\"Winterising outdoor jacuzzis - Dinax V\u00edzkezel\u00e9si Kft., uszodavegyszerek, h\u00e1ztart\u00e1si v\u00edzkezel\u00e9s, ipari v\u00edzkezel\u00e9s\",\"isPartOf\":{\"@id\":\"https:\/\/dinax.hu\/#website\"},\"datePublished\":\"2023-04-04T13:07:38+00:00\",\"dateModified\":\"2023-06-07T08:59:25+00:00\",\"description\":\"Professional advice from Hungary's leading water treatment company for residential and utility users on winterizing outdoor jacuzzis.\",\"breadcrumb\":{\"@id\":\"https:\/\/dinax.hu\/en\/professional-background\/winterising-outdoor-jacuzzis\/#breadcrumb\"},\"inLanguage\":\"en-US\",\"potentialAction\":[{\"@type\":\"ReadAction\",\"target\":[\"https:\/\/dinax.hu\/en\/professional-background\/winterising-outdoor-jacuzzis\/\"]}]},{\"@type\":\"BreadcrumbList\",\"@id\":\"https:\/\/dinax.hu\/en\/professional-background\/winterising-outdoor-jacuzzis\/#breadcrumb\",\"itemListElement\":[{\"@type\":\"ListItem\",\"position\":1,\"name\":\"Kezd\u0151lap\",\"item\":\"https:\/\/dinax.hu\/en\/\"},{\"@type\":\"ListItem\",\"position\":2,\"name\":\"Professional Background\",\"item\":\"https:\/\/dinax.hu\/en\/professional-background\/\"},{\"@type\":\"ListItem\",\"position\":3,\"name\":\"Winterising outdoor jacuzzis\"}]},{\"@type\":\"WebSite\",\"@id\":\"https:\/\/dinax.hu\/#website\",\"url\":\"https:\/\/dinax.hu\/\",\"name\":\"Dinax V\u00edzkezel\u00e9si Kft., uszodav\u00edz-kezel\u00e9s, h\u00e1ztart\u00e1si v\u00edzkezel\u00e9s, ipari v\u00edzkezel\u00e9s\",\"description\":\"\",\"publisher\":{\"@id\":\"https:\/\/dinax.hu\/#organization\"},\"potentialAction\":[{\"@type\":\"SearchAction\",\"target\":{\"@type\":\"EntryPoint\",\"urlTemplate\":\"https:\/\/dinax.hu\/?s={search_term_string}\"},\"query-input\":\"required name=search_term_string\"}],\"inLanguage\":\"en-US\"},{\"@type\":\"Organization\",\"@id\":\"https:\/\/dinax.hu\/#organization\",\"name\":\"Dinax V\u00edzkezel\u00e9si Kft., uszodav\u00edz-kezel\u00e9s, h\u00e1ztart\u00e1si v\u00edzkezel\u00e9s, ipari v\u00edzkezel\u00e9s\",\"url\":\"https:\/\/dinax.hu\/\",\"logo\":{\"@type\":\"ImageObject\",\"inLanguage\":\"en-US\",\"@id\":\"https:\/\/dinax.hu\/#\/schema\/logo\/image\/\",\"url\":\"https:\/\/dinax.hu\/wp-content\/uploads\/2023\/03\/dinax.svg\",\"contentUrl\":\"https:\/\/dinax.hu\/wp-content\/uploads\/2023\/03\/dinax.svg\",\"width\":\"230\",\"height\":\"85\",\"caption\":\"Dinax V\u00edzkezel\u00e9si Kft., uszodav\u00edz-kezel\u00e9s, h\u00e1ztart\u00e1si v\u00edzkezel\u00e9s, ipari v\u00edzkezel\u00e9s\"},\"image\":{\"@id\":\"https:\/\/dinax.hu\/#\/schema\/logo\/image\/\"},\"sameAs\":[\"https:\/\/www.facebook.com\/DinaxKft\",\"https:\/\/www.instagram.com\/dinaxkft\/\",\"https:\/\/www.youtube.com\/user\/dinaxkft\"]}]}<\/script>\n<!-- \/ Yoast SEO plugin. -->","yoast_head_json":{"title":"Winterising outdoor jacuzzis - Dinax V\u00edzkezel\u00e9si Kft., uszodavegyszerek, h\u00e1ztart\u00e1si v\u00edzkezel\u00e9s, ipari v\u00edzkezel\u00e9s","description":"Professional advice from Hungary's leading water treatment company for residential and utility users on winterizing outdoor jacuzzis.","robots":{"index":"index","follow":"follow","max-snippet":"max-snippet:-1","max-image-preview":"max-image-preview:large","max-video-preview":"max-video-preview:-1"},"canonical":"https:\/\/dinax.hu\/en\/professional-background\/winterising-outdoor-jacuzzis\/","og_locale":"en_US","og_type":"article","og_title":"Winterising outdoor jacuzzis - Dinax V\u00edzkezel\u00e9si Kft., uszodavegyszerek, h\u00e1ztart\u00e1si v\u00edzkezel\u00e9s, ipari v\u00edzkezel\u00e9s","og_description":"Professional advice from Hungary's leading water treatment company for residential and utility users on winterizing outdoor jacuzzis.","og_url":"https:\/\/dinax.hu\/en\/professional-background\/winterising-outdoor-jacuzzis\/","og_site_name":"Dinax V\u00edzkezel\u00e9si Kft., uszodavegyszerek, h\u00e1ztart\u00e1si v\u00edzkezel\u00e9s, ipari v\u00edzkezel\u00e9s","article_publisher":"https:\/\/www.facebook.com\/DinaxKft","article_modified_time":"2023-06-07T08:59:25+00:00","og_image":[{"width":1500,"height":350,"url":"https:\/\/dinax.hu\/wp-content\/uploads\/2023\/04\/jacuzzik-karbantartasa.jpg","type":"image\/jpeg"}],"twitter_card":"summary_large_image","twitter_misc":{"Est. reading time":"1 minute"},"schema":{"@context":"https:\/\/schema.org","@graph":[{"@type":"WebPage","@id":"https:\/\/dinax.hu\/en\/professional-background\/winterising-outdoor-jacuzzis\/","url":"https:\/\/dinax.hu\/en\/professional-background\/winterising-outdoor-jacuzzis\/","name":"Winterising outdoor jacuzzis - Dinax V\u00edzkezel\u00e9si Kft., uszodavegyszerek, h\u00e1ztart\u00e1si v\u00edzkezel\u00e9s, ipari v\u00edzkezel\u00e9s","isPartOf":{"@id":"https:\/\/dinax.hu\/#website"},"datePublished":"2023-04-04T13:07:38+00:00","dateModified":"2023-06-07T08:59:25+00:00","description":"Professional advice from Hungary's leading water treatment company for residential and utility users on winterizing outdoor jacuzzis.","breadcrumb":{"@id":"https:\/\/dinax.hu\/en\/professional-background\/winterising-outdoor-jacuzzis\/#breadcrumb"},"inLanguage":"en-US","potentialAction":[{"@type":"ReadAction","target":["https:\/\/dinax.hu\/en\/professional-background\/winterising-outdoor-jacuzzis\/"]}]},{"@type":"BreadcrumbList","@id":"https:\/\/dinax.hu\/en\/professional-background\/winterising-outdoor-jacuzzis\/#breadcrumb","itemListElement":[{"@type":"ListItem","position":1,"name":"Kezd\u0151lap","item":"https:\/\/dinax.hu\/en\/"},{"@type":"ListItem","position":2,"name":"Professional Background","item":"https:\/\/dinax.hu\/en\/professional-background\/"},{"@type":"ListItem","position":3,"name":"Winterising outdoor jacuzzis"}]},{"@type":"WebSite","@id":"https:\/\/dinax.hu\/#website","url":"https:\/\/dinax.hu\/","name":"Dinax V\u00edzkezel\u00e9si Kft., uszodav\u00edz-kezel\u00e9s, h\u00e1ztart\u00e1si v\u00edzkezel\u00e9s, ipari v\u00edzkezel\u00e9s","description":"","publisher":{"@id":"https:\/\/dinax.hu\/#organization"},"potentialAction":[{"@type":"SearchAction","target":{"@type":"EntryPoint","urlTemplate":"https:\/\/dinax.hu\/?s={search_term_string}"},"query-input":"required name=search_term_string"}],"inLanguage":"en-US"},{"@type":"Organization","@id":"https:\/\/dinax.hu\/#organization","name":"Dinax V\u00edzkezel\u00e9si Kft., uszodav\u00edz-kezel\u00e9s, h\u00e1ztart\u00e1si v\u00edzkezel\u00e9s, ipari v\u00edzkezel\u00e9s","url":"https:\/\/dinax.hu\/","logo":{"@type":"ImageObject","inLanguage":"en-US","@id":"https:\/\/dinax.hu\/#\/schema\/logo\/image\/","url":"https:\/\/dinax.hu\/wp-content\/uploads\/2023\/03\/dinax.svg","contentUrl":"https:\/\/dinax.hu\/wp-content\/uploads\/2023\/03\/dinax.svg","width":"230","height":"85","caption":"Dinax V\u00edzkezel\u00e9si Kft., uszodav\u00edz-kezel\u00e9s, h\u00e1ztart\u00e1si v\u00edzkezel\u00e9s, ipari v\u00edzkezel\u00e9s"},"image":{"@id":"https:\/\/dinax.hu\/#\/schema\/logo\/image\/"},"sameAs":["https:\/\/www.facebook.com\/DinaxKft","https:\/\/www.instagram.com\/dinaxkft\/","https:\/\/www.youtube.com\/user\/dinaxkft"]}]}},"_links":{"self":[{"href":"https:\/\/dinax.hu\/en\/wp-json\/wp\/v2\/pages\/670"}],"collection":[{"href":"https:\/\/dinax.hu\/en\/wp-json\/wp\/v2\/pages"}],"about":[{"href":"https:\/\/dinax.hu\/en\/wp-json\/wp\/v2\/types\/page"}],"author":[{"embeddable":true,"href":"https:\/\/dinax.hu\/en\/wp-json\/wp\/v2\/users\/2"}],"replies":[{"embeddable":true,"href":"https:\/\/dinax.hu\/en\/wp-json\/wp\/v2\/comments?post=670"}],"version-history":[{"count":4,"href":"https:\/\/dinax.hu\/en\/wp-json\/wp\/v2\/pages\/670\/revisions"}],"predecessor-version":[{"id":904,"href":"https:\/\/dinax.hu\/en\/wp-json\/wp\/v2\/pages\/670\/revisions\/904"}],"up":[{"embeddable":true,"href":"https:\/\/dinax.hu\/en\/wp-json\/wp\/v2\/pages\/748"}],"wp:featuredmedia":[{"embeddable":true,"href":"https:\/\/dinax.hu\/en\/wp-json\/wp\/v2\/media\/616"}],"wp:attachment":[{"href":"https:\/\/dinax.hu\/en\/wp-json\/wp\/v2\/media?parent=670"}],"curies":[{"name":"wp","href":"https:\/\/api.w.org\/{rel}","templated":true}]}}