{"id":667,"date":"2023-04-04T15:06:04","date_gmt":"2023-04-04T13:06:04","guid":{"rendered":"https:\/\/dev-dinaxhu.srv1.clbr.hu\/?page_id=667"},"modified":"2023-06-07T10:59:17","modified_gmt":"2023-06-07T08:59:17","slug":"pool-maintenance","status":"publish","type":"page","link":"https:\/\/dinax.hu\/en\/professional-background\/pool-maintenance\/","title":{"rendered":"Pool maintenance"},"content":{"rendered":"<section class=\"wpb-content-wrapper\"><p>[vc_row content_placement=&#8221;middle&#8221; el_class=&#8221;hero-head&#8221;][vc_column width=&#8221;11\/12&#8243; css=&#8221;.vc_custom_1677856120927{padding-right: 0px !important;padding-left: 0px !important;}&#8221;][vc_column_text el_class=&#8221;main-title&#8221;]<\/p>\n<h1>POOL MAINTENANCE<\/h1>\n<p>[\/vc_column_text][vc_raw_html]JTNDdmlkZW8lMjBhdXRvcGxheSUyMHBsYXlzaW5saW5lJTIwbXV0ZWQlMjBsb29wJTIwcG9zdGVyJTNEJTIyJTJGd3AtY29udGVudCUyRnVwbG9hZHMlMkYyMDIzJTJGMDQlMkZtZWRlbmNlYXBvbGFzLmpwZyUyMiUyMHdpZHRoJTNEJTIyYXV0byUyMiUyMGhlaWdodCUzRCUyMmF1dG8lMjIlMjBhbHQlM0QlMjJNZWRlbmNlJUMzJUExcG9sJUMzJUExcyUyMiUzRSUwQSUzQ3NvdXJjZSUyMHR5cGUlM0QlMjJ2aWRlbyUyRm1wNCUyMiUyMHNyYyUzRCUyMiUyRndwLWNvbnRlbnQlMkZ1cGxvYWRzJTJGMjAyMyUyRjA0JTJGbWVkZW5jZWFwb2xhcy5tcDQlMjIlM0UlMEElM0Nzb3VyY2UlMjB0eXBlJTNEJTIydmlkZW8lMkZ3ZWJtJTIyJTIwc3JjJTNEJTIyJTJGd3AtY29udGVudCUyRnVwbG9hZHMlMkYyMDIzJTJGMDQlMkZtZWRlbmNlYXBvbGFzLndlYm0lMjIlM0UlMEElM0MlMkZ2aWRlbyUzRQ==[\/vc_raw_html][vc_raw_html el_class=&#8221;img-mask&#8221;]JTNDaW1nJTIwc3JjJTNEJTIyJTJGd3AtY29udGVudCUyRnVwbG9hZHMlMkYyMDIzJTJGMDMlMkZoZWFkLWJnLW1hc2sucG5nJTIyJTNF[\/vc_raw_html][\/vc_column][\/vc_row][vc_row][vc_column width=&#8221;3\/5&#8243; offset=&#8221;vc_col-sm-offset-1\/5&#8243;][vc_column_text]<strong>1. pH-SETTING<\/strong><\/p>\n<ul>\n<li>DINAX\u00ae MINUS P &#8211; granulate &#8211; pH-reducing powder for swimming pool water. Dosage: for 0.1 pH reduction, add 0.1 kg to 10 m\u00b3 of swimming pool water<\/li>\n<li>DINAX\u00ae PLUS P &#8211; granulate &#8211; pH increasing powder for swimming pool water. Dosage: to increase the pH by 0.1, add 0.1 kg to 10 m\u00b3 of swimming pool water<\/li>\n<\/ul>\n<p>Our pH setting products are available on the link below:<br \/>\n<a href=\"http:\/\/shop.dinax.hu\/swimming_pool_technology\/chemicals_\/ph_control\/\" target=\"_blank\" rel=\"noopener\">pH control<\/a><\/p>\n<p><strong>2. DISINFECTION<\/strong><\/p>\n<p>Chlorine-free disinfection:<\/p>\n<ul>\n<li>DEWAN\u00ae-18 &#8211; liquid &#8211; chlorine-free (active oxygen) disinfectant. Dosage: 400 ml DEWAN\u00ae-18 per 1 m\u00b3 of bath water per week.<\/li>\n<\/ul>\n<p>Chlorine disinfection:<\/p>\n<ul>\n<li>BLUE SUPER TABS T &#8211; 200 g tablets &#8211; chlorine-containing combined disinfectant for WETWATER 3 in 1 (disinfects, flocculates, de-algae). Dosage: 1 200 g tablet per week for 20 m\u00b3 of water<\/li>\n<li>BLUE SUPER TABS WP &#8211; 20 g tablets &#8211; chlorine-based combined disinfectant for small pools and hot tubs, 3 in 1 (disinfects, flocculates, de-algae). Dosage: 1 20 g tablet per week for 2 m\u00b3 of water<\/li>\n<li>STABILE KLORIN T &#8211; 200 g tablets &#8211; slow-dissolving swimming pool water disinfectant for bigger pools. Dosage: 1 tablet (200 g) per week for 20 m\u00b3 of water<\/li>\n<li>ALGA-SHOCK\u00ae WP &#8211; 20 g tablets &#8211; chlorine disinfectant for small pools and hot tubs. Dosage: 1 tablet per 1 m\u00b3 of water per week<\/li>\n<li>ALGA-SHOCK\u00ae P &#8211; granules &#8211; swimming pool water disinfectant granules. Dosage: 9 g (one level tablespoon) of ALGA-SHOCK\u00ae P should be added to 10 m\u00b3 of water to establish the initial disinfectant level. To shock: For 10 m\u00b3 of pool water, dissolve 0.5 kg of ALGA-SHOCK\u00ae P in 10 litres of water and pour into the pool water in a divided quantity.<\/li>\n<\/ul>\n<p>Our recommended products for chlorine-free\/chlorine-based disinfection can be found here:<\/p>\n<ul>\n<li><a href=\"http:\/\/shop.dinax.hu\/swimming_pool_technology\/chemicals_\/chlorine_free_disinfection\/\" target=\"_blank\" rel=\"noopener\">Chlorine free disinfection<\/a><\/li>\n<li><a href=\"http:\/\/shop.dinax.hu\/swimming_pool_technology\/chemicals_\/chlorine_based_disinfection\/\" target=\"_blank\" rel=\"noopener\">Chlorine based disinfection<\/a><\/li>\n<\/ul>\n<p><strong>3. MEASUREMENT<\/strong><\/p>\n<p>Testers:<\/p>\n<ul>\n<li>Chlorine\/pH tester tablet (DPD1, Phenolred)<\/li>\n<li>Chlorine\/pH mini tester tablet (DPD1, Phenolred)<\/li>\n<\/ul>\n<p>Reagents:<\/p>\n<ul>\n<li>DPD1\/DPD3\/Phenolred tablets<\/li>\n<li>TAYLOR reagents<\/li>\n<\/ul>\n<p>Measuring strips:<\/p>\n<ul>\n<li>DEWAN\u00ae-50 measuring strip<\/li>\n<li>Chlorine\/pH measuring strip<\/li>\n<\/ul>\n<p>Digital instruments:<\/p>\n<ul>\n<li>FT11 digital pH and temperature meter<\/li>\n<li>AD31, AD32 digital conductivity, salinity and temperature meters<\/li>\n<li>Digital chlorine meter (HI701)<\/li>\n<\/ul>\n<p>Our recommended products are available on the link below:<br \/>\n<a href=\"http:\/\/shop.dinax.hu\/swimming_pool_technology\/water_quality_testing\/\" target=\"_blank\" rel=\"noopener\">Water quality testing<\/a><\/p>\n<p><strong>4. ALGAE REMOVAL <\/strong><\/p>\n<ul>\n<li>ALGI-CID &#8211; liquid &#8211; algaecide (for chlorine and chlorine-free disinfection.) Dosage: 40-60 ml\/10 m\u00b3\/week<\/li>\n<li>CHLORALGIN &#8211; liquid &#8211; algaecide (for chlorine disinfection.) Dosage: 40-60 ml\/10 m\u00b3\/week<\/li>\n<li>ALGA-SHOCK\u00ae P &#8211; granulate &#8211; swimming pool water disinfectant granulates for shock treatment. Dosage: for 10 m\u00b3 of pool water, dissolve 0,5 kg of ALGA-SHOCK\u00ae P in 10 litres of water and pour into the pool water in a divided quantity<\/li>\n<\/ul>\n<p>Our recommended products are available on the link below:<br \/>\n<a href=\"http:\/\/shop.dinax.hu\/swimming_pool_technology\/chemicals_\/algae_elimination\/\" target=\"_blank\" rel=\"noopener\">Algae elimination<\/a><\/p>\n<p><strong>5. FLOCCULATION<\/strong><\/p>\n<ul>\n<li>DINAX\u00ae FLOCK F &#8211; 100 ml &#8211; liquid &#8211; swimming pool water flaking liquid. Product to be diluted. Dosage: 100 ml\/10 m\u00b3 DINAX\u00ae FLOCK P &#8211; sachet tablet &#8211; swimming pool water flake-off agent. (1-2 per week) 1 textile bag for 50 m\u00b3 of pool water<\/li>\n<\/ul>\n<p>Our recommended products are available on the link below:<br \/>\n<a href=\"http:\/\/shop.dinax.hu\/swimming_pool_technology\/chemicals_\/flocculation\/\" target=\"_blank\" rel=\"noopener\">Flocculation<\/a><\/p>\n<p><strong>6. FILTRATION AND WATER ROTATION<\/strong><\/p>\n<ul>\n<li>DINAX\u00ae FILTER FIZZY P 250 gr (5 doses) &#8211; paper filter cleaner. Dosage: Fill a 5- to 10-litre bucket with warm water, dissolve one sachet of filter cleaner powder &#8220;A&#8221; and one sachet of filter cleaner powder &#8220;B&#8221;, and soak the filter in it<\/li>\n<li>DINAX\u00ae FILTER CLEANER F &#8211; liquid &#8211; sand filter and filter cartridge cleaner. Dosing for filter sand: add 200-300 ml of filter cleaning liquid to the skimmer. Dosing for cleaning filter cartridges: remove the filter cartridge from the filter housing and spray it with filter cleaning liquid, then wash it with a strong jet of water after the expiry of the action time.<\/li>\n<li>Burnt quartz sand in sand filters<\/li>\n<li>Green glass high-quality filter media for sand filters<\/li>\n<\/ul>\n<p>Our recommended products are available on the link below:<br \/>\n<a href=\"http:\/\/shop.dinax.hu\/swimming_pool_technology\/chemicals_\/filter_cleaners\/\" target=\"_blank\" rel=\"noopener\">Filter cleaners<\/a>[\/vc_column_text][\/vc_column][\/vc_row]<\/p>\n<\/section>","protected":false},"excerpt":{"rendered":"<p>[vc_row content_placement=&#8221;middle&#8221; el_class=&#8221;hero-head&#8221;][vc_column width=&#8221;11\/12&#8243; css=&#8221;.vc_custom_1677856120927{padding-right: 0px !important;padding-left: 0px !important;}&#8221;][vc_column_text el_class=&#8221;main-title&#8221;] POOL MAINTENANCE [\/vc_column_text][vc_raw_html]JTNDdmlkZW8lMjBhdXRvcGxheSUyMHBsYXlzaW5saW5lJTIwbXV0ZWQlMjBsb29wJTIwcG9zdGVyJTNEJTIyJTJGd3AtY29udGVudCUyRnVwbG9hZHMlMkYyMDIzJTJGMDQlMkZtZWRlbmNlYXBvbGFzLmpwZyUyMiUyMHdpZHRoJTNEJTIyYXV0byUyMiUyMGhlaWdodCUzRCUyMmF1dG8lMjIlMjBhbHQlM0QlMjJNZWRlbmNlJUMzJUExcG9sJUMzJUExcyUyMiUzRSUwQSUzQ3NvdXJjZSUyMHR5cGUlM0QlMjJ2aWRlbyUyRm1wNCUyMiUyMHNyYyUzRCUyMiUyRndwLWNvbnRlbnQlMkZ1cGxvYWRzJTJGMjAyMyUyRjA0JTJGbWVkZW5jZWFwb2xhcy5tcDQlMjIlM0UlMEElM0Nzb3VyY2UlMjB0eXBlJTNEJTIydmlkZW8lMkZ3ZWJtJTIyJTIwc3JjJTNEJTIyJTJGd3AtY29udGVudCUyRnVwbG9hZHMlMkYyMDIzJTJGMDQlMkZtZWRlbmNlYXBvbGFzLndlYm0lMjIlM0UlMEElM0MlMkZ2aWRlbyUzRQ==[\/vc_raw_html][vc_raw_html el_class=&#8221;img-mask&#8221;]JTNDaW1nJTIwc3JjJTNEJTIyJTJGd3AtY29udGVudCUyRnVwbG9hZHMlMkYyMDIzJTJGMDMlMkZoZWFkLWJnLW1hc2sucG5nJTIyJTNF[\/vc_raw_html][\/vc_column][\/vc_row][vc_row][vc_column width=&#8221;3\/5&#8243; offset=&#8221;vc_col-sm-offset-1\/5&#8243;][vc_column_text]1. pH-SETTING DINAX\u00ae MINUS P &#8211; granulate &#8211; pH-reducing powder for swimming pool water. Dosage: for 0.1 pH reduction, add 0.1 kg to 10 m\u00b3 of swimming pool water DINAX\u00ae PLUS P &#8211; granulate &#8211; pH increasing powder for swimming&hellip;<\/p>\n","protected":false},"author":2,"featured_media":592,"parent":748,"menu_order":0,"comment_status":"closed","ping_status":"closed","template":"","meta":{"inline_featured_image":false},"yoast_head":"<!-- This site is optimized with the Yoast SEO plugin v20.8 - https:\/\/yoast.com\/wordpress\/plugins\/seo\/ -->\n<title>Pool maintenance - Dinax V\u00edzkezel\u00e9si Kft., uszodavegyszerek, h\u00e1ztart\u00e1si v\u00edzkezel\u00e9s, ipari v\u00edzkezel\u00e9s<\/title>\n<meta name=\"description\" content=\"Professional recommendations from Hungary&#039;s leading water treatment company for residential and utility users on the six most important steps in pool care.\" \/>\n<meta name=\"robots\" content=\"index, follow, max-snippet:-1, max-image-preview:large, max-video-preview:-1\" \/>\n<link rel=\"canonical\" href=\"https:\/\/dinax.hu\/en\/professional-background\/pool-maintenance\/\" \/>\n<meta property=\"og:locale\" content=\"en_US\" \/>\n<meta property=\"og:type\" content=\"article\" \/>\n<meta property=\"og:title\" content=\"Pool maintenance - Dinax V\u00edzkezel\u00e9si Kft., uszodavegyszerek, h\u00e1ztart\u00e1si v\u00edzkezel\u00e9s, ipari v\u00edzkezel\u00e9s\" \/>\n<meta property=\"og:description\" content=\"Professional recommendations from Hungary&#039;s leading water treatment company for residential and utility users on the six most important steps in pool care.\" \/>\n<meta property=\"og:url\" content=\"https:\/\/dinax.hu\/en\/professional-background\/pool-maintenance\/\" \/>\n<meta property=\"og:site_name\" content=\"Dinax V\u00edzkezel\u00e9si Kft., uszodavegyszerek, h\u00e1ztart\u00e1si v\u00edzkezel\u00e9s, ipari v\u00edzkezel\u00e9s\" \/>\n<meta property=\"article:publisher\" content=\"https:\/\/www.facebook.com\/DinaxKft\" \/>\n<meta property=\"article:modified_time\" content=\"2023-06-07T08:59:17+00:00\" \/>\n<meta property=\"og:image\" content=\"https:\/\/dinax.hu\/wp-content\/uploads\/2023\/04\/kulteri-medencek-vizkezelese.jpg\" \/>\n\t<meta property=\"og:image:width\" content=\"1500\" \/>\n\t<meta property=\"og:image:height\" content=\"350\" \/>\n\t<meta property=\"og:image:type\" content=\"image\/jpeg\" \/>\n<meta name=\"twitter:card\" content=\"summary_large_image\" \/>\n<meta name=\"twitter:label1\" content=\"Est. reading time\" \/>\n\t<meta name=\"twitter:data1\" content=\"3 minutes\" \/>\n<script type=\"application\/ld+json\" class=\"yoast-schema-graph\">{\"@context\":\"https:\/\/schema.org\",\"@graph\":[{\"@type\":\"WebPage\",\"@id\":\"https:\/\/dinax.hu\/en\/professional-background\/pool-maintenance\/\",\"url\":\"https:\/\/dinax.hu\/en\/professional-background\/pool-maintenance\/\",\"name\":\"Pool maintenance - Dinax V\u00edzkezel\u00e9si Kft., uszodavegyszerek, h\u00e1ztart\u00e1si v\u00edzkezel\u00e9s, ipari v\u00edzkezel\u00e9s\",\"isPartOf\":{\"@id\":\"https:\/\/dinax.hu\/#website\"},\"datePublished\":\"2023-04-04T13:06:04+00:00\",\"dateModified\":\"2023-06-07T08:59:17+00:00\",\"description\":\"Professional recommendations from Hungary's leading water treatment company for residential and utility users on the six most important steps in pool care.\",\"breadcrumb\":{\"@id\":\"https:\/\/dinax.hu\/en\/professional-background\/pool-maintenance\/#breadcrumb\"},\"inLanguage\":\"en-US\",\"potentialAction\":[{\"@type\":\"ReadAction\",\"target\":[\"https:\/\/dinax.hu\/en\/professional-background\/pool-maintenance\/\"]}]},{\"@type\":\"BreadcrumbList\",\"@id\":\"https:\/\/dinax.hu\/en\/professional-background\/pool-maintenance\/#breadcrumb\",\"itemListElement\":[{\"@type\":\"ListItem\",\"position\":1,\"name\":\"Kezd\u0151lap\",\"item\":\"https:\/\/dinax.hu\/en\/\"},{\"@type\":\"ListItem\",\"position\":2,\"name\":\"Professional Background\",\"item\":\"https:\/\/dinax.hu\/en\/professional-background\/\"},{\"@type\":\"ListItem\",\"position\":3,\"name\":\"Pool maintenance\"}]},{\"@type\":\"WebSite\",\"@id\":\"https:\/\/dinax.hu\/#website\",\"url\":\"https:\/\/dinax.hu\/\",\"name\":\"Dinax V\u00edzkezel\u00e9si Kft., uszodav\u00edz-kezel\u00e9s, h\u00e1ztart\u00e1si v\u00edzkezel\u00e9s, ipari v\u00edzkezel\u00e9s\",\"description\":\"\",\"publisher\":{\"@id\":\"https:\/\/dinax.hu\/#organization\"},\"potentialAction\":[{\"@type\":\"SearchAction\",\"target\":{\"@type\":\"EntryPoint\",\"urlTemplate\":\"https:\/\/dinax.hu\/?s={search_term_string}\"},\"query-input\":\"required name=search_term_string\"}],\"inLanguage\":\"en-US\"},{\"@type\":\"Organization\",\"@id\":\"https:\/\/dinax.hu\/#organization\",\"name\":\"Dinax V\u00edzkezel\u00e9si Kft., uszodav\u00edz-kezel\u00e9s, h\u00e1ztart\u00e1si v\u00edzkezel\u00e9s, ipari v\u00edzkezel\u00e9s\",\"url\":\"https:\/\/dinax.hu\/\",\"logo\":{\"@type\":\"ImageObject\",\"inLanguage\":\"en-US\",\"@id\":\"https:\/\/dinax.hu\/#\/schema\/logo\/image\/\",\"url\":\"https:\/\/dinax.hu\/wp-content\/uploads\/2023\/03\/dinax.svg\",\"contentUrl\":\"https:\/\/dinax.hu\/wp-content\/uploads\/2023\/03\/dinax.svg\",\"width\":\"230\",\"height\":\"85\",\"caption\":\"Dinax V\u00edzkezel\u00e9si Kft., uszodav\u00edz-kezel\u00e9s, h\u00e1ztart\u00e1si v\u00edzkezel\u00e9s, ipari v\u00edzkezel\u00e9s\"},\"image\":{\"@id\":\"https:\/\/dinax.hu\/#\/schema\/logo\/image\/\"},\"sameAs\":[\"https:\/\/www.facebook.com\/DinaxKft\",\"https:\/\/www.instagram.com\/dinaxkft\/\",\"https:\/\/www.youtube.com\/user\/dinaxkft\"]}]}<\/script>\n<!-- \/ Yoast SEO plugin. -->","yoast_head_json":{"title":"Pool maintenance - Dinax V\u00edzkezel\u00e9si Kft., uszodavegyszerek, h\u00e1ztart\u00e1si v\u00edzkezel\u00e9s, ipari v\u00edzkezel\u00e9s","description":"Professional recommendations from Hungary's leading water treatment company for residential and utility users on the six most important steps in pool care.","robots":{"index":"index","follow":"follow","max-snippet":"max-snippet:-1","max-image-preview":"max-image-preview:large","max-video-preview":"max-video-preview:-1"},"canonical":"https:\/\/dinax.hu\/en\/professional-background\/pool-maintenance\/","og_locale":"en_US","og_type":"article","og_title":"Pool maintenance - Dinax V\u00edzkezel\u00e9si Kft., uszodavegyszerek, h\u00e1ztart\u00e1si v\u00edzkezel\u00e9s, ipari v\u00edzkezel\u00e9s","og_description":"Professional recommendations from Hungary's leading water treatment company for residential and utility users on the six most important steps in pool care.","og_url":"https:\/\/dinax.hu\/en\/professional-background\/pool-maintenance\/","og_site_name":"Dinax V\u00edzkezel\u00e9si Kft., uszodavegyszerek, h\u00e1ztart\u00e1si v\u00edzkezel\u00e9s, ipari v\u00edzkezel\u00e9s","article_publisher":"https:\/\/www.facebook.com\/DinaxKft","article_modified_time":"2023-06-07T08:59:17+00:00","og_image":[{"width":1500,"height":350,"url":"https:\/\/dinax.hu\/wp-content\/uploads\/2023\/04\/kulteri-medencek-vizkezelese.jpg","type":"image\/jpeg"}],"twitter_card":"summary_large_image","twitter_misc":{"Est. reading time":"3 minutes"},"schema":{"@context":"https:\/\/schema.org","@graph":[{"@type":"WebPage","@id":"https:\/\/dinax.hu\/en\/professional-background\/pool-maintenance\/","url":"https:\/\/dinax.hu\/en\/professional-background\/pool-maintenance\/","name":"Pool maintenance - Dinax V\u00edzkezel\u00e9si Kft., uszodavegyszerek, h\u00e1ztart\u00e1si v\u00edzkezel\u00e9s, ipari v\u00edzkezel\u00e9s","isPartOf":{"@id":"https:\/\/dinax.hu\/#website"},"datePublished":"2023-04-04T13:06:04+00:00","dateModified":"2023-06-07T08:59:17+00:00","description":"Professional recommendations from Hungary's leading water treatment company for residential and utility users on the six most important steps in pool care.","breadcrumb":{"@id":"https:\/\/dinax.hu\/en\/professional-background\/pool-maintenance\/#breadcrumb"},"inLanguage":"en-US","potentialAction":[{"@type":"ReadAction","target":["https:\/\/dinax.hu\/en\/professional-background\/pool-maintenance\/"]}]},{"@type":"BreadcrumbList","@id":"https:\/\/dinax.hu\/en\/professional-background\/pool-maintenance\/#breadcrumb","itemListElement":[{"@type":"ListItem","position":1,"name":"Kezd\u0151lap","item":"https:\/\/dinax.hu\/en\/"},{"@type":"ListItem","position":2,"name":"Professional Background","item":"https:\/\/dinax.hu\/en\/professional-background\/"},{"@type":"ListItem","position":3,"name":"Pool maintenance"}]},{"@type":"WebSite","@id":"https:\/\/dinax.hu\/#website","url":"https:\/\/dinax.hu\/","name":"Dinax V\u00edzkezel\u00e9si Kft., uszodav\u00edz-kezel\u00e9s, h\u00e1ztart\u00e1si v\u00edzkezel\u00e9s, ipari v\u00edzkezel\u00e9s","description":"","publisher":{"@id":"https:\/\/dinax.hu\/#organization"},"potentialAction":[{"@type":"SearchAction","target":{"@type":"EntryPoint","urlTemplate":"https:\/\/dinax.hu\/?s={search_term_string}"},"query-input":"required name=search_term_string"}],"inLanguage":"en-US"},{"@type":"Organization","@id":"https:\/\/dinax.hu\/#organization","name":"Dinax V\u00edzkezel\u00e9si Kft., uszodav\u00edz-kezel\u00e9s, h\u00e1ztart\u00e1si v\u00edzkezel\u00e9s, ipari v\u00edzkezel\u00e9s","url":"https:\/\/dinax.hu\/","logo":{"@type":"ImageObject","inLanguage":"en-US","@id":"https:\/\/dinax.hu\/#\/schema\/logo\/image\/","url":"https:\/\/dinax.hu\/wp-content\/uploads\/2023\/03\/dinax.svg","contentUrl":"https:\/\/dinax.hu\/wp-content\/uploads\/2023\/03\/dinax.svg","width":"230","height":"85","caption":"Dinax V\u00edzkezel\u00e9si Kft., uszodav\u00edz-kezel\u00e9s, h\u00e1ztart\u00e1si v\u00edzkezel\u00e9s, ipari v\u00edzkezel\u00e9s"},"image":{"@id":"https:\/\/dinax.hu\/#\/schema\/logo\/image\/"},"sameAs":["https:\/\/www.facebook.com\/DinaxKft","https:\/\/www.instagram.com\/dinaxkft\/","https:\/\/www.youtube.com\/user\/dinaxkft"]}]}},"_links":{"self":[{"href":"https:\/\/dinax.hu\/en\/wp-json\/wp\/v2\/pages\/667"}],"collection":[{"href":"https:\/\/dinax.hu\/en\/wp-json\/wp\/v2\/pages"}],"about":[{"href":"https:\/\/dinax.hu\/en\/wp-json\/wp\/v2\/types\/page"}],"author":[{"embeddable":true,"href":"https:\/\/dinax.hu\/en\/wp-json\/wp\/v2\/users\/2"}],"replies":[{"embeddable":true,"href":"https:\/\/dinax.hu\/en\/wp-json\/wp\/v2\/comments?post=667"}],"version-history":[{"count":4,"href":"https:\/\/dinax.hu\/en\/wp-json\/wp\/v2\/pages\/667\/revisions"}],"predecessor-version":[{"id":901,"href":"https:\/\/dinax.hu\/en\/wp-json\/wp\/v2\/pages\/667\/revisions\/901"}],"up":[{"embeddable":true,"href":"https:\/\/dinax.hu\/en\/wp-json\/wp\/v2\/pages\/748"}],"wp:featuredmedia":[{"embeddable":true,"href":"https:\/\/dinax.hu\/en\/wp-json\/wp\/v2\/media\/592"}],"wp:attachment":[{"href":"https:\/\/dinax.hu\/en\/wp-json\/wp\/v2\/media?parent=667"}],"curies":[{"name":"wp","href":"https:\/\/api.w.org\/{rel}","templated":true}]}}