{"id":654,"date":"2023-03-02T08:24:39","date_gmt":"2023-03-02T07:24:39","guid":{"rendered":"https:\/\/dev-dinaxhu.srv1.clbr.hu\/?page_id=654"},"modified":"2023-06-07T10:55:38","modified_gmt":"2023-06-07T08:55:38","slug":"longlife","status":"publish","type":"page","link":"https:\/\/dinax.hu\/en\/longlife\/","title":{"rendered":"Longlife"},"content":{"rendered":"<section class=\"wpb-content-wrapper\"><p>[vc_row content_placement=&#8221;middle&#8221; el_class=&#8221;hero-head&#8221;][vc_column width=&#8221;11\/12&#8243; css=&#8221;.vc_custom_1677856120927{padding-right: 0px !important;padding-left: 0px !important;}&#8221;][vc_column_text el_class=&#8221;main-title&#8221;]<\/p>\n<h1>LONGLIFE &#8211; CHLORINE-FREE WATER TREATMENT FOR PROLONGED LIVING<\/h1>\n<p>[\/vc_column_text][vc_raw_html]JTNDdmlkZW8lMjBhdXRvcGxheSUyMHBsYXlzaW5saW5lJTIwbXV0ZWQlMjBsb29wJTIwcG9zdGVyJTNEJTIyJTJGd3AtY29udGVudCUyRnVwbG9hZHMlMkYyMDIzJTJGMDQlMkZsb25nbGlmZS5qcGclMjIlMjB3aWR0aCUzRCUyMmF1dG8lMjIlMjBoZWlnaHQlM0QlMjJhdXRvJTIyJTIwYWx0JTNEJTIyJTIyJTNFJTBBJTNDc291cmNlJTIwdHlwZSUzRCUyMnZpZGVvJTJGbXA0JTIyJTIwc3JjJTNEJTIyJTJGd3AtY29udGVudCUyRnVwbG9hZHMlMkYyMDIzJTJGMDQlMkZsb25nbGlmZS5tcDQlMjIlM0UlMEElM0Nzb3VyY2UlMjB0eXBlJTNEJTIydmlkZW8lMkZ3ZWJtJTIyJTIwc3JjJTNEJTIyJTJGd3AtY29udGVudCUyRnVwbG9hZHMlMkYyMDIzJTJGMDQlMkZsb25nbGlmZS53ZWJtJTIyJTNFJTBBJTNDJTJGdmlkZW8lM0U=[\/vc_raw_html][vc_raw_html el_class=&#8221;img-mask&#8221;]JTNDaW1nJTIwc3JjJTNEJTIyJTJGd3AtY29udGVudCUyRnVwbG9hZHMlMkYyMDIzJTJGMDMlMkZoZWFkLWJnLW1hc2sucG5nJTIyJTNF[\/vc_raw_html][\/vc_column][\/vc_row][vc_row][vc_column width=&#8221;3\/5&#8243; offset=&#8221;vc_col-sm-offset-1\/5&#8243;][vc_column_text]<b>The LONGLIFE range of products disinfects, adjusts pH, flocculates, and treats algae in bathing, spa, and thermal waters, i.e., provides complex water treatment without changing the composition of the water&#8217;s medicinal substances! These substances are also used in places where chlorine cannot be used under any circumstances, such as waters with a high ammonium or organic content, which, if treated with chlorine, would produce carcinogenic substances. The long-term positive effects of LONGLIFE products are proven by the experience of several large hotel chains and thermal spas throughout Europe. <\/b><\/p>\n<h2>THE LONGLIFE PRODUCT PORTFOLIO<\/h2>\n<p><b>CHLORINE-FREE DISINFECTION<\/b><\/p>\n<p>The LONGLIFE Chlorine Free Disinfection product range consists of patented disinfectant liquids with a much higher stability than hydrogen peroxide, because they contain additional components that increase effectiveness. They are specifically recommended for the treatment of wellness facilities, competition pools, and baby\/children&#8217;s swimming pools. Uniquely, they do not alter the composition of the spa water, so they can also be used to disinfect drain and fill pools.<\/p>\n<p><b>CHLORINE-FREE PH ADJUSTMENT<\/b><\/p>\n<p>Although the effectiveness of chlorine-free disinfectants is not affected by pH, keeping the pH within the range of 7.2-7.4 is an essential part of bathing water treatment. High pH levels can lead to a strong increase in the tendency to scale, and pH levels above 7.8 or below 6.8 can irritate bathers&#8217; skin. Therefore, LONGLIFE Chlorine-free pH-boosting and pH-reducing solutions ensure an optimal pH value and, thus, an enjoyable bathing experience in public pools, spas and private pools.<\/p>\n<p><b>CHLORINE-FREE FLOCCULATION<\/b><\/p>\n<p>Tiny, microscopic impurities in pool water, although invisible to the naked eye, cause the water to become opaque in larger quantities, making it hard to see the bottom of the pool. To ensure crystal-clear, sparkling pool water, these impurities can be converted by flocculants into filterable flakes, which in this state are large enough to be bound to the filter media. LONGLIFE&#8217;s chlorine-free flocculants help to keep the pool water cleaner and clearer even when disinfectants are used.<\/p>\n<p><strong>CHLORINE-FREE ALGAE TREATMENT<\/strong><\/p>\n<p>Algae are plant microorganisms that provide a breeding ground for bacteria. When they proliferate, they first cause aesthetic problems. If not treated properly, the water, which initially appears cloudy and greenish, can later turn into a stringy, lumpy, or even gelatinous substance floating in the water, which can be physically disturbing. In addition to the direct health risks posed by algae, the main danger of algae growth is that the algae consume the disinfectant, allowing the growth of truly dangerous bacteria. LONGLIFE Chlorine Free Algaecides prevent algae growth by reducing the phosphate content of the water, ensuring crystal clear, healthy water.[\/vc_column_text][\/vc_column][\/vc_row]<\/p>\n<\/section>","protected":false},"excerpt":{"rendered":"<p>[vc_row content_placement=&#8221;middle&#8221; el_class=&#8221;hero-head&#8221;][vc_column width=&#8221;11\/12&#8243; css=&#8221;.vc_custom_1677856120927{padding-right: 0px !important;padding-left: 0px !important;}&#8221;][vc_column_text el_class=&#8221;main-title&#8221;] LONGLIFE &#8211; CHLORINE-FREE WATER TREATMENT FOR PROLONGED LIVING [\/vc_column_text][vc_raw_html]JTNDdmlkZW8lMjBhdXRvcGxheSUyMHBsYXlzaW5saW5lJTIwbXV0ZWQlMjBsb29wJTIwcG9zdGVyJTNEJTIyJTJGd3AtY29udGVudCUyRnVwbG9hZHMlMkYyMDIzJTJGMDQlMkZsb25nbGlmZS5qcGclMjIlMjB3aWR0aCUzRCUyMmF1dG8lMjIlMjBoZWlnaHQlM0QlMjJhdXRvJTIyJTIwYWx0JTNEJTIyJTIyJTNFJTBBJTNDc291cmNlJTIwdHlwZSUzRCUyMnZpZGVvJTJGbXA0JTIyJTIwc3JjJTNEJTIyJTJGd3AtY29udGVudCUyRnVwbG9hZHMlMkYyMDIzJTJGMDQlMkZsb25nbGlmZS5tcDQlMjIlM0UlMEElM0Nzb3VyY2UlMjB0eXBlJTNEJTIydmlkZW8lMkZ3ZWJtJTIyJTIwc3JjJTNEJTIyJTJGd3AtY29udGVudCUyRnVwbG9hZHMlMkYyMDIzJTJGMDQlMkZsb25nbGlmZS53ZWJtJTIyJTNFJTBBJTNDJTJGdmlkZW8lM0U=[\/vc_raw_html][vc_raw_html el_class=&#8221;img-mask&#8221;]JTNDaW1nJTIwc3JjJTNEJTIyJTJGd3AtY29udGVudCUyRnVwbG9hZHMlMkYyMDIzJTJGMDMlMkZoZWFkLWJnLW1hc2sucG5nJTIyJTNF[\/vc_raw_html][\/vc_column][\/vc_row][vc_row][vc_column width=&#8221;3\/5&#8243; offset=&#8221;vc_col-sm-offset-1\/5&#8243;][vc_column_text]The LONGLIFE range of products disinfects, adjusts pH, flocculates, and treats algae in bathing, spa, and thermal waters, i.e., provides complex water treatment without changing the composition of the water&#8217;s medicinal substances! These substances&hellip;<\/p>\n","protected":false},"author":2,"featured_media":577,"parent":0,"menu_order":0,"comment_status":"closed","ping_status":"closed","template":"","meta":{"inline_featured_image":false,"footnotes":""},"class_list":["post-654","page","type-page","status-publish","has-post-thumbnail","hentry","description-off"],"yoast_head":"<!-- This site is optimized with the Yoast SEO plugin v20.8 - https:\/\/yoast.com\/wordpress\/plugins\/seo\/ -->\n<title>Longlife - Dinax V\u00edzkezel\u00e9si Kft., uszodavegyszerek, h\u00e1ztart\u00e1si v\u00edzkezel\u00e9s, ipari v\u00edzkezel\u00e9s<\/title>\n<meta name=\"description\" content=\"The LONGLIFE range of products disinfects bathing and thermal waters without chlorine and treats algae, preserving the composition of the water&#039;s medicinal properties.\" \/>\n<meta name=\"robots\" content=\"index, follow, max-snippet:-1, max-image-preview:large, max-video-preview:-1\" \/>\n<link rel=\"canonical\" href=\"https:\/\/dinax.hu\/en\/longlife\/\" \/>\n<meta property=\"og:locale\" content=\"en_US\" \/>\n<meta property=\"og:type\" content=\"article\" \/>\n<meta property=\"og:title\" content=\"Longlife - Dinax V\u00edzkezel\u00e9si Kft., uszodavegyszerek, h\u00e1ztart\u00e1si v\u00edzkezel\u00e9s, ipari v\u00edzkezel\u00e9s\" \/>\n<meta property=\"og:description\" content=\"The LONGLIFE range of products disinfects bathing and thermal waters without chlorine and treats algae, preserving the composition of the water&#039;s medicinal properties.\" \/>\n<meta property=\"og:url\" content=\"https:\/\/dinax.hu\/en\/longlife\/\" \/>\n<meta property=\"og:site_name\" content=\"Dinax V\u00edzkezel\u00e9si Kft., uszodavegyszerek, h\u00e1ztart\u00e1si v\u00edzkezel\u00e9s, ipari v\u00edzkezel\u00e9s\" \/>\n<meta property=\"article:publisher\" content=\"https:\/\/www.facebook.com\/DinaxKft\" \/>\n<meta property=\"article:modified_time\" content=\"2023-06-07T08:55:38+00:00\" \/>\n<meta property=\"og:image\" content=\"https:\/\/dinax.hu\/wp-content\/uploads\/2023\/04\/longlife.jpg\" \/>\n\t<meta property=\"og:image:width\" content=\"1500\" \/>\n\t<meta property=\"og:image:height\" content=\"350\" \/>\n\t<meta property=\"og:image:type\" content=\"image\/jpeg\" \/>\n<meta name=\"twitter:card\" content=\"summary_large_image\" \/>\n<meta name=\"twitter:label1\" content=\"Est. reading time\" \/>\n\t<meta name=\"twitter:data1\" content=\"2 minutes\" \/>\n<script type=\"application\/ld+json\" class=\"yoast-schema-graph\">{\"@context\":\"https:\/\/schema.org\",\"@graph\":[{\"@type\":\"WebPage\",\"@id\":\"https:\/\/dinax.hu\/en\/longlife\/\",\"url\":\"https:\/\/dinax.hu\/en\/longlife\/\",\"name\":\"Longlife - Dinax V\u00edzkezel\u00e9si Kft., uszodavegyszerek, h\u00e1ztart\u00e1si v\u00edzkezel\u00e9s, ipari v\u00edzkezel\u00e9s\",\"isPartOf\":{\"@id\":\"https:\/\/dinax.hu\/#website\"},\"datePublished\":\"2023-03-02T07:24:39+00:00\",\"dateModified\":\"2023-06-07T08:55:38+00:00\",\"description\":\"The LONGLIFE range of products disinfects bathing and thermal waters without chlorine and treats algae, preserving the composition of the water's medicinal properties.\",\"breadcrumb\":{\"@id\":\"https:\/\/dinax.hu\/en\/longlife\/#breadcrumb\"},\"inLanguage\":\"en-US\",\"potentialAction\":[{\"@type\":\"ReadAction\",\"target\":[\"https:\/\/dinax.hu\/en\/longlife\/\"]}]},{\"@type\":\"BreadcrumbList\",\"@id\":\"https:\/\/dinax.hu\/en\/longlife\/#breadcrumb\",\"itemListElement\":[{\"@type\":\"ListItem\",\"position\":1,\"name\":\"Kezd\u0151lap\",\"item\":\"https:\/\/dinax.hu\/en\/\"},{\"@type\":\"ListItem\",\"position\":2,\"name\":\"Longlife\"}]},{\"@type\":\"WebSite\",\"@id\":\"https:\/\/dinax.hu\/#website\",\"url\":\"https:\/\/dinax.hu\/\",\"name\":\"Dinax V\u00edzkezel\u00e9si Kft., uszodav\u00edz-kezel\u00e9s, h\u00e1ztart\u00e1si v\u00edzkezel\u00e9s, ipari v\u00edzkezel\u00e9s\",\"description\":\"\",\"publisher\":{\"@id\":\"https:\/\/dinax.hu\/#organization\"},\"potentialAction\":[{\"@type\":\"SearchAction\",\"target\":{\"@type\":\"EntryPoint\",\"urlTemplate\":\"https:\/\/dinax.hu\/?s={search_term_string}\"},\"query-input\":\"required name=search_term_string\"}],\"inLanguage\":\"en-US\"},{\"@type\":\"Organization\",\"@id\":\"https:\/\/dinax.hu\/#organization\",\"name\":\"Dinax V\u00edzkezel\u00e9si Kft., uszodav\u00edz-kezel\u00e9s, h\u00e1ztart\u00e1si v\u00edzkezel\u00e9s, ipari v\u00edzkezel\u00e9s\",\"url\":\"https:\/\/dinax.hu\/\",\"logo\":{\"@type\":\"ImageObject\",\"inLanguage\":\"en-US\",\"@id\":\"https:\/\/dinax.hu\/#\/schema\/logo\/image\/\",\"url\":\"https:\/\/dinax.hu\/wp-content\/uploads\/2023\/03\/dinax.svg\",\"contentUrl\":\"https:\/\/dinax.hu\/wp-content\/uploads\/2023\/03\/dinax.svg\",\"width\":\"230\",\"height\":\"85\",\"caption\":\"Dinax V\u00edzkezel\u00e9si Kft., uszodav\u00edz-kezel\u00e9s, h\u00e1ztart\u00e1si v\u00edzkezel\u00e9s, ipari v\u00edzkezel\u00e9s\"},\"image\":{\"@id\":\"https:\/\/dinax.hu\/#\/schema\/logo\/image\/\"},\"sameAs\":[\"https:\/\/www.facebook.com\/DinaxKft\",\"https:\/\/www.instagram.com\/dinaxkft\/\",\"https:\/\/www.youtube.com\/user\/dinaxkft\"]}]}<\/script>\n<!-- \/ Yoast SEO plugin. -->","yoast_head_json":{"title":"Longlife - Dinax V\u00edzkezel\u00e9si Kft., uszodavegyszerek, h\u00e1ztart\u00e1si v\u00edzkezel\u00e9s, ipari v\u00edzkezel\u00e9s","description":"The LONGLIFE range of products disinfects bathing and thermal waters without chlorine and treats algae, preserving the composition of the water's medicinal properties.","robots":{"index":"index","follow":"follow","max-snippet":"max-snippet:-1","max-image-preview":"max-image-preview:large","max-video-preview":"max-video-preview:-1"},"canonical":"https:\/\/dinax.hu\/en\/longlife\/","og_locale":"en_US","og_type":"article","og_title":"Longlife - Dinax V\u00edzkezel\u00e9si Kft., uszodavegyszerek, h\u00e1ztart\u00e1si v\u00edzkezel\u00e9s, ipari v\u00edzkezel\u00e9s","og_description":"The LONGLIFE range of products disinfects bathing and thermal waters without chlorine and treats algae, preserving the composition of the water's medicinal properties.","og_url":"https:\/\/dinax.hu\/en\/longlife\/","og_site_name":"Dinax V\u00edzkezel\u00e9si Kft., uszodavegyszerek, h\u00e1ztart\u00e1si v\u00edzkezel\u00e9s, ipari v\u00edzkezel\u00e9s","article_publisher":"https:\/\/www.facebook.com\/DinaxKft","article_modified_time":"2023-06-07T08:55:38+00:00","og_image":[{"width":1500,"height":350,"url":"https:\/\/dinax.hu\/wp-content\/uploads\/2023\/04\/longlife.jpg","type":"image\/jpeg"}],"twitter_card":"summary_large_image","twitter_misc":{"Est. reading time":"2 minutes"},"schema":{"@context":"https:\/\/schema.org","@graph":[{"@type":"WebPage","@id":"https:\/\/dinax.hu\/en\/longlife\/","url":"https:\/\/dinax.hu\/en\/longlife\/","name":"Longlife - Dinax V\u00edzkezel\u00e9si Kft., uszodavegyszerek, h\u00e1ztart\u00e1si v\u00edzkezel\u00e9s, ipari v\u00edzkezel\u00e9s","isPartOf":{"@id":"https:\/\/dinax.hu\/#website"},"datePublished":"2023-03-02T07:24:39+00:00","dateModified":"2023-06-07T08:55:38+00:00","description":"The LONGLIFE range of products disinfects bathing and thermal waters without chlorine and treats algae, preserving the composition of the water's medicinal properties.","breadcrumb":{"@id":"https:\/\/dinax.hu\/en\/longlife\/#breadcrumb"},"inLanguage":"en-US","potentialAction":[{"@type":"ReadAction","target":["https:\/\/dinax.hu\/en\/longlife\/"]}]},{"@type":"BreadcrumbList","@id":"https:\/\/dinax.hu\/en\/longlife\/#breadcrumb","itemListElement":[{"@type":"ListItem","position":1,"name":"Kezd\u0151lap","item":"https:\/\/dinax.hu\/en\/"},{"@type":"ListItem","position":2,"name":"Longlife"}]},{"@type":"WebSite","@id":"https:\/\/dinax.hu\/#website","url":"https:\/\/dinax.hu\/","name":"Dinax V\u00edzkezel\u00e9si Kft., uszodav\u00edz-kezel\u00e9s, h\u00e1ztart\u00e1si v\u00edzkezel\u00e9s, ipari v\u00edzkezel\u00e9s","description":"","publisher":{"@id":"https:\/\/dinax.hu\/#organization"},"potentialAction":[{"@type":"SearchAction","target":{"@type":"EntryPoint","urlTemplate":"https:\/\/dinax.hu\/?s={search_term_string}"},"query-input":"required name=search_term_string"}],"inLanguage":"en-US"},{"@type":"Organization","@id":"https:\/\/dinax.hu\/#organization","name":"Dinax V\u00edzkezel\u00e9si Kft., uszodav\u00edz-kezel\u00e9s, h\u00e1ztart\u00e1si v\u00edzkezel\u00e9s, ipari v\u00edzkezel\u00e9s","url":"https:\/\/dinax.hu\/","logo":{"@type":"ImageObject","inLanguage":"en-US","@id":"https:\/\/dinax.hu\/#\/schema\/logo\/image\/","url":"https:\/\/dinax.hu\/wp-content\/uploads\/2023\/03\/dinax.svg","contentUrl":"https:\/\/dinax.hu\/wp-content\/uploads\/2023\/03\/dinax.svg","width":"230","height":"85","caption":"Dinax V\u00edzkezel\u00e9si Kft., uszodav\u00edz-kezel\u00e9s, h\u00e1ztart\u00e1si v\u00edzkezel\u00e9s, ipari v\u00edzkezel\u00e9s"},"image":{"@id":"https:\/\/dinax.hu\/#\/schema\/logo\/image\/"},"sameAs":["https:\/\/www.facebook.com\/DinaxKft","https:\/\/www.instagram.com\/dinaxkft\/","https:\/\/www.youtube.com\/user\/dinaxkft"]}]}},"_links":{"self":[{"href":"https:\/\/dinax.hu\/en\/wp-json\/wp\/v2\/pages\/654","targetHints":{"allow":["GET"]}}],"collection":[{"href":"https:\/\/dinax.hu\/en\/wp-json\/wp\/v2\/pages"}],"about":[{"href":"https:\/\/dinax.hu\/en\/wp-json\/wp\/v2\/types\/page"}],"author":[{"embeddable":true,"href":"https:\/\/dinax.hu\/en\/wp-json\/wp\/v2\/users\/2"}],"replies":[{"embeddable":true,"href":"https:\/\/dinax.hu\/en\/wp-json\/wp\/v2\/comments?post=654"}],"version-history":[{"count":3,"href":"https:\/\/dinax.hu\/en\/wp-json\/wp\/v2\/pages\/654\/revisions"}],"predecessor-version":[{"id":808,"href":"https:\/\/dinax.hu\/en\/wp-json\/wp\/v2\/pages\/654\/revisions\/808"}],"wp:featuredmedia":[{"embeddable":true,"href":"https:\/\/dinax.hu\/en\/wp-json\/wp\/v2\/media\/577"}],"wp:attachment":[{"href":"https:\/\/dinax.hu\/en\/wp-json\/wp\/v2\/media?parent=654"}],"curies":[{"name":"wp","href":"https:\/\/api.w.org\/{rel}","templated":true}]}}