{"id":651,"date":"2023-03-02T08:23:57","date_gmt":"2023-03-02T07:23:57","guid":{"rendered":"https:\/\/dev-dinaxhu.srv1.clbr.hu\/?page_id=651"},"modified":"2023-06-07T10:55:02","modified_gmt":"2023-06-07T08:55:02","slug":"about-us","status":"publish","type":"page","link":"https:\/\/dinax.hu\/en\/about-us\/","title":{"rendered":"About Us"},"content":{"rendered":"<section class=\"wpb-content-wrapper\"><p>[vc_row content_placement=&#8221;middle&#8221; el_class=&#8221;hero-head&#8221;][vc_column width=&#8221;11\/12&#8243; css=&#8221;.vc_custom_1677856120927{padding-right: 0px !important;padding-left: 0px !important;}&#8221;][vc_column_text el_class=&#8221;main-title&#8221;]<\/p>\n<h1>ABOUT US<\/h1>\n<p>[\/vc_column_text][vc_raw_html]JTNDdmlkZW8lMjBhdXRvcGxheSUyMHBsYXlzaW5saW5lJTIwbXV0ZWQlMjBsb29wJTIwcG9zdGVyJTNEJTIyJTJGd3AtY29udGVudCUyRnVwbG9hZHMlMkYyMDIzJTJGMDQlMkZyb2x1bmsuanBnJTIyJTIwd2lkdGglM0QlMjJhdXRvJTIyJTIwaGVpZ2h0JTNEJTIyYXV0byUyMiUyMGFsdCUzRCUyMiUyMiUzRSUwQSUzQ3NvdXJjZSUyMHR5cGUlM0QlMjJ2aWRlbyUyRm1wNCUyMiUyMHNyYyUzRCUyMiUyRndwLWNvbnRlbnQlMkZ1cGxvYWRzJTJGMjAyMyUyRjA1JTJGcm9sdW5rLTEubXA0JTIyJTNFJTBBJTNDc291cmNlJTIwdHlwZSUzRCUyMnZpZGVvJTJGd2VibSUyMiUyMHNyYyUzRCUyMiUyRndwLWNvbnRlbnQlMkZ1cGxvYWRzJTJGMjAyMyUyRjA1JTJGcm9sdW5rLTEud2VibSUyMiUzRSUwQSUzQyUyRnZpZGVvJTNF[\/vc_raw_html][vc_raw_html el_class=&#8221;img-mask&#8221;]JTNDaW1nJTIwc3JjJTNEJTIyJTJGd3AtY29udGVudCUyRnVwbG9hZHMlMkYyMDIzJTJGMDMlMkZoZWFkLWJnLW1hc2sucG5nJTIyJTNF[\/vc_raw_html][\/vc_column][\/vc_row][vc_row][vc_column width=&#8221;3\/5&#8243; offset=&#8221;vc_col-sm-offset-1\/5&#8243;][vc_column_text]<b>Founded in 1995, Dinax earned the prestigious &#8220;For Budapest&#8217;s Economy&#8221; and &#8220;For Hungary&#8217;s Economy&#8221; awards in recognition of its premium public and private water treatment solutions. With more than 27 years of professional experience in manufacturing, distribution, and consulting \u2013 plus its outstanding testing background \u2013 the company is constantly improving to better serve their trusted clients. Backed by EN ISO 9001:2015 &amp; EN ISO 14001:2015 certifications for water testing, Dinax\u2019s in-house laboratory provides customised water utilisation and disinfection consulting based on water analysis.<\/b><\/p>\n<p>DINAX\u2019s product range covers the entire field of residential, corporate, and industrial water treatment, including:<\/p>\n<ul>\n<li>water treatment of public and private pools and hot tubs,<\/li>\n<li>residential water treatment, and<\/li>\n<li>industrial water treatment.<span class=\"Apple-converted-space\">\u00a0<\/span><\/li>\n<\/ul>\n<p>In addition, we supply environmentally friendly biological products for agricultural plants and industrial wastewater treatment.<\/p>\n<h2>Our activities<\/h2>\n<p><b>PRODUCTION:<\/b><\/p>\n<p>The vast majority of our products are manufactured in our own production facilities. Thanks to decades of manufacturing experience of our chemical engineers, we are able to supply uniquely high-purity products with international licences.<\/p>\n<p><b>DELIVERY:<\/b><\/p>\n<p>Not only do we have our own production capacity, but our ADR trucks deliver our products to the entire CEE region. For further deliveries, we use our well-established transport partners.<\/p>\n<p><b>LABORATORY:<\/b><\/p>\n<p>In addition to in-process quality control, our laboratory is also equipped for drinking and bath water testing. For water treatment, a precise knowledge of water quality is essential in order to be able to make a detailed and professional proposal for the treatment that meets the customer&#8217;s needs. For technological purposes, we carry out high-precision analyses of water samples coming into the laboratory as a basis for the development of problem-solving proposals.<\/p>\n<p>In addition to water testing, our laboratory offers the following services:<\/p>\n<ul>\n<li>Analysis and suggestions for the appropriate cleaning material and process for the removal of scale and mineral deposits on the basis of a sample (e.g. tiles, pipe sections);<\/li>\n<li>microscopic examination and cleaning of the sand filter material, professional recommendation of the appropriate treatment procedure, and replacement of the material based on its condition;<\/li>\n<li>checking, calibrating, and repairing measuring instruments.<\/li>\n<\/ul>\n<p><strong>THE LONGLIFE PORTFOLIO:<\/strong><\/p>\n<p>DINAX is the market leader in the CEE region in the field of chlorine-free swimming pool water disinfection, being the first company to recognise the market demand for chlorine-free disinfection. DINAX was the first company in Europe to develop a unique chlorine-free disinfectant suitable for bathing water, which was patented and resulted in the LONGLIFE product range. Thanks to this, the company is the sole leader in the chlorine-free swimming pool disinfection and water treatment market.<\/p>\n<p>The company\u2019s mission is to use its decades of professional knowledge and experience to enable the complete treatment of industrial and bathing water, thus ensuring the purity of water and the long-term health of users.[\/vc_column_text][\/vc_column][\/vc_row]<\/p>\n<\/section>","protected":false},"excerpt":{"rendered":"<p>[vc_row content_placement=&#8221;middle&#8221; el_class=&#8221;hero-head&#8221;][vc_column width=&#8221;11\/12&#8243; css=&#8221;.vc_custom_1677856120927{padding-right: 0px !important;padding-left: 0px !important;}&#8221;][vc_column_text el_class=&#8221;main-title&#8221;] ABOUT US [\/vc_column_text][vc_raw_html]JTNDdmlkZW8lMjBhdXRvcGxheSUyMHBsYXlzaW5saW5lJTIwbXV0ZWQlMjBsb29wJTIwcG9zdGVyJTNEJTIyJTJGd3AtY29udGVudCUyRnVwbG9hZHMlMkYyMDIzJTJGMDQlMkZyb2x1bmsuanBnJTIyJTIwd2lkdGglM0QlMjJhdXRvJTIyJTIwaGVpZ2h0JTNEJTIyYXV0byUyMiUyMGFsdCUzRCUyMiUyMiUzRSUwQSUzQ3NvdXJjZSUyMHR5cGUlM0QlMjJ2aWRlbyUyRm1wNCUyMiUyMHNyYyUzRCUyMiUyRndwLWNvbnRlbnQlMkZ1cGxvYWRzJTJGMjAyMyUyRjA1JTJGcm9sdW5rLTEubXA0JTIyJTNFJTBBJTNDc291cmNlJTIwdHlwZSUzRCUyMnZpZGVvJTJGd2VibSUyMiUyMHNyYyUzRCUyMiUyRndwLWNvbnRlbnQlMkZ1cGxvYWRzJTJGMjAyMyUyRjA1JTJGcm9sdW5rLTEud2VibSUyMiUzRSUwQSUzQyUyRnZpZGVvJTNF[\/vc_raw_html][vc_raw_html el_class=&#8221;img-mask&#8221;]JTNDaW1nJTIwc3JjJTNEJTIyJTJGd3AtY29udGVudCUyRnVwbG9hZHMlMkYyMDIzJTJGMDMlMkZoZWFkLWJnLW1hc2sucG5nJTIyJTNF[\/vc_raw_html][\/vc_column][\/vc_row][vc_row][vc_column width=&#8221;3\/5&#8243; offset=&#8221;vc_col-sm-offset-1\/5&#8243;][vc_column_text]Founded in 1995, Dinax earned the prestigious &#8220;For Budapest&#8217;s Economy&#8221; and &#8220;For Hungary&#8217;s Economy&#8221; awards in recognition of its premium public and private water treatment solutions. With more than 27 years of professional experience in manufacturing, distribution, and consulting \u2013&hellip;<\/p>\n","protected":false},"author":2,"featured_media":578,"parent":0,"menu_order":0,"comment_status":"closed","ping_status":"closed","template":"","meta":{"inline_featured_image":false},"yoast_head":"<!-- This site is optimized with the Yoast SEO plugin v20.8 - https:\/\/yoast.com\/wordpress\/plugins\/seo\/ -->\n<title>About Us - Dinax V\u00edzkezel\u00e9si Kft., uszodavegyszerek, h\u00e1ztart\u00e1si v\u00edzkezel\u00e9s, ipari v\u00edzkezel\u00e9s<\/title>\n<meta name=\"description\" content=\"For 27 years, DINAX Ltd. has been providing chlorine and chlorine-free disinfection of swimming and bathing pools, cleaning and treatment of whirlpools, domestic and industrial water.\" \/>\n<meta name=\"robots\" content=\"index, follow, max-snippet:-1, max-image-preview:large, max-video-preview:-1\" \/>\n<link rel=\"canonical\" href=\"https:\/\/dinax.hu\/en\/about-us\/\" \/>\n<meta property=\"og:locale\" content=\"en_US\" \/>\n<meta property=\"og:type\" content=\"article\" \/>\n<meta property=\"og:title\" content=\"About Us - Dinax V\u00edzkezel\u00e9si Kft., uszodavegyszerek, h\u00e1ztart\u00e1si v\u00edzkezel\u00e9s, ipari v\u00edzkezel\u00e9s\" \/>\n<meta property=\"og:description\" content=\"For 27 years, DINAX Ltd. has been providing chlorine and chlorine-free disinfection of swimming and bathing pools, cleaning and treatment of whirlpools, domestic and industrial water.\" \/>\n<meta property=\"og:url\" content=\"https:\/\/dinax.hu\/en\/about-us\/\" \/>\n<meta property=\"og:site_name\" content=\"Dinax V\u00edzkezel\u00e9si Kft., uszodavegyszerek, h\u00e1ztart\u00e1si v\u00edzkezel\u00e9s, ipari v\u00edzkezel\u00e9s\" \/>\n<meta property=\"article:publisher\" content=\"https:\/\/www.facebook.com\/DinaxKft\" \/>\n<meta property=\"article:modified_time\" content=\"2023-06-07T08:55:02+00:00\" \/>\n<meta property=\"og:image\" content=\"https:\/\/dinax.hu\/wp-content\/uploads\/2023\/04\/rolunk.jpg\" \/>\n\t<meta property=\"og:image:width\" content=\"1500\" \/>\n\t<meta property=\"og:image:height\" content=\"350\" \/>\n\t<meta property=\"og:image:type\" content=\"image\/jpeg\" \/>\n<meta name=\"twitter:card\" content=\"summary_large_image\" \/>\n<meta name=\"twitter:label1\" content=\"Est. reading time\" \/>\n\t<meta name=\"twitter:data1\" content=\"3 minutes\" \/>\n<script type=\"application\/ld+json\" class=\"yoast-schema-graph\">{\"@context\":\"https:\/\/schema.org\",\"@graph\":[{\"@type\":\"WebPage\",\"@id\":\"https:\/\/dinax.hu\/en\/about-us\/\",\"url\":\"https:\/\/dinax.hu\/en\/about-us\/\",\"name\":\"About Us - Dinax V\u00edzkezel\u00e9si Kft., uszodavegyszerek, h\u00e1ztart\u00e1si v\u00edzkezel\u00e9s, ipari v\u00edzkezel\u00e9s\",\"isPartOf\":{\"@id\":\"https:\/\/dinax.hu\/#website\"},\"datePublished\":\"2023-03-02T07:23:57+00:00\",\"dateModified\":\"2023-06-07T08:55:02+00:00\",\"description\":\"For 27 years, DINAX Ltd. has been providing chlorine and chlorine-free disinfection of swimming and bathing pools, cleaning and treatment of whirlpools, domestic and industrial water.\",\"breadcrumb\":{\"@id\":\"https:\/\/dinax.hu\/en\/about-us\/#breadcrumb\"},\"inLanguage\":\"en-US\",\"potentialAction\":[{\"@type\":\"ReadAction\",\"target\":[\"https:\/\/dinax.hu\/en\/about-us\/\"]}]},{\"@type\":\"BreadcrumbList\",\"@id\":\"https:\/\/dinax.hu\/en\/about-us\/#breadcrumb\",\"itemListElement\":[{\"@type\":\"ListItem\",\"position\":1,\"name\":\"Kezd\u0151lap\",\"item\":\"https:\/\/dinax.hu\/en\/\"},{\"@type\":\"ListItem\",\"position\":2,\"name\":\"About Us\"}]},{\"@type\":\"WebSite\",\"@id\":\"https:\/\/dinax.hu\/#website\",\"url\":\"https:\/\/dinax.hu\/\",\"name\":\"Dinax V\u00edzkezel\u00e9si Kft., uszodav\u00edz-kezel\u00e9s, h\u00e1ztart\u00e1si v\u00edzkezel\u00e9s, ipari v\u00edzkezel\u00e9s\",\"description\":\"\",\"publisher\":{\"@id\":\"https:\/\/dinax.hu\/#organization\"},\"potentialAction\":[{\"@type\":\"SearchAction\",\"target\":{\"@type\":\"EntryPoint\",\"urlTemplate\":\"https:\/\/dinax.hu\/?s={search_term_string}\"},\"query-input\":\"required name=search_term_string\"}],\"inLanguage\":\"en-US\"},{\"@type\":\"Organization\",\"@id\":\"https:\/\/dinax.hu\/#organization\",\"name\":\"Dinax V\u00edzkezel\u00e9si Kft., uszodav\u00edz-kezel\u00e9s, h\u00e1ztart\u00e1si v\u00edzkezel\u00e9s, ipari v\u00edzkezel\u00e9s\",\"url\":\"https:\/\/dinax.hu\/\",\"logo\":{\"@type\":\"ImageObject\",\"inLanguage\":\"en-US\",\"@id\":\"https:\/\/dinax.hu\/#\/schema\/logo\/image\/\",\"url\":\"https:\/\/dinax.hu\/wp-content\/uploads\/2023\/03\/dinax.svg\",\"contentUrl\":\"https:\/\/dinax.hu\/wp-content\/uploads\/2023\/03\/dinax.svg\",\"width\":\"230\",\"height\":\"85\",\"caption\":\"Dinax V\u00edzkezel\u00e9si Kft., uszodav\u00edz-kezel\u00e9s, h\u00e1ztart\u00e1si v\u00edzkezel\u00e9s, ipari v\u00edzkezel\u00e9s\"},\"image\":{\"@id\":\"https:\/\/dinax.hu\/#\/schema\/logo\/image\/\"},\"sameAs\":[\"https:\/\/www.facebook.com\/DinaxKft\",\"https:\/\/www.instagram.com\/dinaxkft\/\",\"https:\/\/www.youtube.com\/user\/dinaxkft\"]}]}<\/script>\n<!-- \/ Yoast SEO plugin. -->","yoast_head_json":{"title":"About Us - Dinax V\u00edzkezel\u00e9si Kft., uszodavegyszerek, h\u00e1ztart\u00e1si v\u00edzkezel\u00e9s, ipari v\u00edzkezel\u00e9s","description":"For 27 years, DINAX Ltd. has been providing chlorine and chlorine-free disinfection of swimming and bathing pools, cleaning and treatment of whirlpools, domestic and industrial water.","robots":{"index":"index","follow":"follow","max-snippet":"max-snippet:-1","max-image-preview":"max-image-preview:large","max-video-preview":"max-video-preview:-1"},"canonical":"https:\/\/dinax.hu\/en\/about-us\/","og_locale":"en_US","og_type":"article","og_title":"About Us - Dinax V\u00edzkezel\u00e9si Kft., uszodavegyszerek, h\u00e1ztart\u00e1si v\u00edzkezel\u00e9s, ipari v\u00edzkezel\u00e9s","og_description":"For 27 years, DINAX Ltd. has been providing chlorine and chlorine-free disinfection of swimming and bathing pools, cleaning and treatment of whirlpools, domestic and industrial water.","og_url":"https:\/\/dinax.hu\/en\/about-us\/","og_site_name":"Dinax V\u00edzkezel\u00e9si Kft., uszodavegyszerek, h\u00e1ztart\u00e1si v\u00edzkezel\u00e9s, ipari v\u00edzkezel\u00e9s","article_publisher":"https:\/\/www.facebook.com\/DinaxKft","article_modified_time":"2023-06-07T08:55:02+00:00","og_image":[{"width":1500,"height":350,"url":"https:\/\/dinax.hu\/wp-content\/uploads\/2023\/04\/rolunk.jpg","type":"image\/jpeg"}],"twitter_card":"summary_large_image","twitter_misc":{"Est. reading time":"3 minutes"},"schema":{"@context":"https:\/\/schema.org","@graph":[{"@type":"WebPage","@id":"https:\/\/dinax.hu\/en\/about-us\/","url":"https:\/\/dinax.hu\/en\/about-us\/","name":"About Us - Dinax V\u00edzkezel\u00e9si Kft., uszodavegyszerek, h\u00e1ztart\u00e1si v\u00edzkezel\u00e9s, ipari v\u00edzkezel\u00e9s","isPartOf":{"@id":"https:\/\/dinax.hu\/#website"},"datePublished":"2023-03-02T07:23:57+00:00","dateModified":"2023-06-07T08:55:02+00:00","description":"For 27 years, DINAX Ltd. has been providing chlorine and chlorine-free disinfection of swimming and bathing pools, cleaning and treatment of whirlpools, domestic and industrial water.","breadcrumb":{"@id":"https:\/\/dinax.hu\/en\/about-us\/#breadcrumb"},"inLanguage":"en-US","potentialAction":[{"@type":"ReadAction","target":["https:\/\/dinax.hu\/en\/about-us\/"]}]},{"@type":"BreadcrumbList","@id":"https:\/\/dinax.hu\/en\/about-us\/#breadcrumb","itemListElement":[{"@type":"ListItem","position":1,"name":"Kezd\u0151lap","item":"https:\/\/dinax.hu\/en\/"},{"@type":"ListItem","position":2,"name":"About Us"}]},{"@type":"WebSite","@id":"https:\/\/dinax.hu\/#website","url":"https:\/\/dinax.hu\/","name":"Dinax V\u00edzkezel\u00e9si Kft., uszodav\u00edz-kezel\u00e9s, h\u00e1ztart\u00e1si v\u00edzkezel\u00e9s, ipari v\u00edzkezel\u00e9s","description":"","publisher":{"@id":"https:\/\/dinax.hu\/#organization"},"potentialAction":[{"@type":"SearchAction","target":{"@type":"EntryPoint","urlTemplate":"https:\/\/dinax.hu\/?s={search_term_string}"},"query-input":"required name=search_term_string"}],"inLanguage":"en-US"},{"@type":"Organization","@id":"https:\/\/dinax.hu\/#organization","name":"Dinax V\u00edzkezel\u00e9si Kft., uszodav\u00edz-kezel\u00e9s, h\u00e1ztart\u00e1si v\u00edzkezel\u00e9s, ipari v\u00edzkezel\u00e9s","url":"https:\/\/dinax.hu\/","logo":{"@type":"ImageObject","inLanguage":"en-US","@id":"https:\/\/dinax.hu\/#\/schema\/logo\/image\/","url":"https:\/\/dinax.hu\/wp-content\/uploads\/2023\/03\/dinax.svg","contentUrl":"https:\/\/dinax.hu\/wp-content\/uploads\/2023\/03\/dinax.svg","width":"230","height":"85","caption":"Dinax V\u00edzkezel\u00e9si Kft., uszodav\u00edz-kezel\u00e9s, h\u00e1ztart\u00e1si v\u00edzkezel\u00e9s, ipari v\u00edzkezel\u00e9s"},"image":{"@id":"https:\/\/dinax.hu\/#\/schema\/logo\/image\/"},"sameAs":["https:\/\/www.facebook.com\/DinaxKft","https:\/\/www.instagram.com\/dinaxkft\/","https:\/\/www.youtube.com\/user\/dinaxkft"]}]}},"_links":{"self":[{"href":"https:\/\/dinax.hu\/en\/wp-json\/wp\/v2\/pages\/651"}],"collection":[{"href":"https:\/\/dinax.hu\/en\/wp-json\/wp\/v2\/pages"}],"about":[{"href":"https:\/\/dinax.hu\/en\/wp-json\/wp\/v2\/types\/page"}],"author":[{"embeddable":true,"href":"https:\/\/dinax.hu\/en\/wp-json\/wp\/v2\/users\/2"}],"replies":[{"embeddable":true,"href":"https:\/\/dinax.hu\/en\/wp-json\/wp\/v2\/comments?post=651"}],"version-history":[{"count":5,"href":"https:\/\/dinax.hu\/en\/wp-json\/wp\/v2\/pages\/651\/revisions"}],"predecessor-version":[{"id":894,"href":"https:\/\/dinax.hu\/en\/wp-json\/wp\/v2\/pages\/651\/revisions\/894"}],"wp:featuredmedia":[{"embeddable":true,"href":"https:\/\/dinax.hu\/en\/wp-json\/wp\/v2\/media\/578"}],"wp:attachment":[{"href":"https:\/\/dinax.hu\/en\/wp-json\/wp\/v2\/media?parent=651"}],"curies":[{"name":"wp","href":"https:\/\/api.w.org\/{rel}","templated":true}]}}