{"id":1165,"date":"2023-04-04T15:27:35","date_gmt":"2023-04-04T13:27:35","guid":{"rendered":"https:\/\/dinax.hu\/?page_id=1165"},"modified":"2023-06-28T14:51:06","modified_gmt":"2023-06-28T12:51:06","slug":"braunes-poolwasser","status":"publish","type":"page","link":"https:\/\/dinax.hu\/de\/beruflicher-hintergrund\/braunes-poolwasser\/","title":{"rendered":"Braunes poolwasser"},"content":{"rendered":"<section class=\"wpb-content-wrapper\"><p>[vc_row content_placement=&#8220;middle&#8220; el_class=&#8220;hero-head&#8220;][vc_column width=&#8220;11\/12&#8243; css=&#8220;.vc_custom_1677856120927{padding-right: 0px !important;padding-left: 0px !important;}&#8220;][vc_column_text el_class=&#8220;main-title&#8220;]<\/p>\n<h1>Braunes poolwasser<\/h1>\n<p>[\/vc_column_text][vc_raw_html]JTNDdmlkZW8lMjBhdXRvcGxheSUyMHBsYXlzaW5saW5lJTIwbXV0ZWQlMjBsb29wJTIwc3JjJTNEJTIyJTJGd3AtY29udGVudCUyRnVwbG9hZHMlMkYyMDIzJTJGMDMlMkZoZWFkX2JnLm1wNCUyMiUyMHdpZHRoJTNEJTIyYXV0byUyMiUyMGhlaWdodCUzRCUyMmF1dG8lMjIlMjBhbHQlM0QlMjIlMjIlM0UlM0MlMkZ2aWRlbyUzRQ==[\/vc_raw_html][vc_raw_html el_class=&#8220;img-mask&#8220;]JTNDaW1nJTIwc3JjJTNEJTIyJTJGd3AtY29udGVudCUyRnVwbG9hZHMlMkYyMDIzJTJGMDMlMkZoZWFkLWJnLW1hc2sucG5nJTIyJTNF[\/vc_raw_html][\/vc_column][\/vc_row][vc_row][vc_column width=&#8220;3\/5&#8243; offset=&#8220;vc_col-sm-offset-1\/5&#8243;][vc_column_text]Die br\u00e4unliche Verf\u00e4rbung des Schwimmbadwassers wird haupts\u00e4chlich durch die Reaktion des Eisen- oder Mangangehalts des F\u00fcllwassers mit Chlor verursacht.<\/p>\n<p>Dies kann sich im gesamten Wasservolumen zeigen und ihm eine br\u00e4unliche F\u00e4rbung verleihen, oder in Form von Flecken auf verschiedenen Oberfl\u00e4chen.<\/p>\n<p>In diesen F\u00e4llen empfehlen wir das folgende Verfahren:<\/p>\n<ul>\n<li>Lassen Sie den Chlorgehalt sinken<\/li>\n<li>Gie\u00dfen Sie 2,8 kg DEWAN-18 pro 10 m\u00b3 in das Beckenwasser und starten Sie die Rotation. 8,5 Liter DEWAN-7 werden f\u00fcr 10 m\u00b3 Wasser ben\u00f6tigt.<\/li>\n<li>Einmal in das gesamte Wasservolumen eingemischt, entfernt es innerhalb weniger Tage braune Verf\u00e4rbungen und l\u00f6st Eisen- und Manganablagerungen auf.<\/li>\n<li>Bei wiederholter Chlorung k\u00f6nnen Eisen- und Manganflecken wieder auftreten, was durch den Einsatz von DINAX METAL MAGIC F verhindert werden kann.<\/li>\n<li>Nach dem Verschwinden der Braunf\u00e4rbung oder der Flecken 30-50 ml DINAX METAL MAGIC F auf 1 m\u00b3 Beckenwasser zugeben, um das erneute Auftreten von Flecken zu verhindern.<\/li>\n<li>W\u00e4hrend der Behandlung kann das Schwimmbecken benutzt werden, DEWAN wirkt anstelle von Chlor desinfizierend. Restliches DEWAN kann zur weiteren Desinfektion verwendet werden, aber auf keinen Fall sollte Chlor in das Becken gegeben werden, w\u00e4hrend DEWAN verwendet wird.<\/li>\n<li>Wenn das DEWAN aus dem Becken verschwunden ist (was mit dem DEWAN-50-Peilstab \u00fcberpr\u00fcft werden kann), k\u00f6nnen Sie die Chlorung wieder aufnehmen. Aus gesundheitlichen Gr\u00fcnden ist es ratsam, bei der chlorfreien Desinfektion zu bleiben und weiterhin DEWAN-18\/ DEWAN-7 zu verwenden.<\/li>\n<\/ul>\n<p>Unsere empfohlenen Produkte finden Sie unter den untenstehenden Links:<\/p>\n<ul>\n<li><a href=\"http:\/\/shop.dinax.hu\/swimming_pool_technology\/chemicals_\/chlorine_free_disinfection\/\" target=\"_blank\" rel=\"noopener\">Chlorine free disinfection<\/a><\/li>\n<li><a href=\"http:\/\/shop.dinax.hu\/swimming_pool_technology\/chemicals_\/special_agents\/\" target=\"_blank\" rel=\"noopener\">special_agents<\/a><\/li>\n<\/ul>\n<p>[\/vc_column_text][\/vc_column][\/vc_row]<\/p>\n<\/section>","protected":false},"excerpt":{"rendered":"<p>[vc_row content_placement=&#8220;middle&#8220; el_class=&#8220;hero-head&#8220;][vc_column width=&#8220;11\/12&#8243; css=&#8220;.vc_custom_1677856120927{padding-right: 0px !important;padding-left: 0px !important;}&#8220;][vc_column_text el_class=&#8220;main-title&#8220;] Braunes poolwasser [\/vc_column_text][vc_raw_html]JTNDdmlkZW8lMjBhdXRvcGxheSUyMHBsYXlzaW5saW5lJTIwbXV0ZWQlMjBsb29wJTIwc3JjJTNEJTIyJTJGd3AtY29udGVudCUyRnVwbG9hZHMlMkYyMDIzJTJGMDMlMkZoZWFkX2JnLm1wNCUyMiUyMHdpZHRoJTNEJTIyYXV0byUyMiUyMGhlaWdodCUzRCUyMmF1dG8lMjIlMjBhbHQlM0QlMjIlMjIlM0UlM0MlMkZ2aWRlbyUzRQ==[\/vc_raw_html][vc_raw_html el_class=&#8220;img-mask&#8220;]JTNDaW1nJTIwc3JjJTNEJTIyJTJGd3AtY29udGVudCUyRnVwbG9hZHMlMkYyMDIzJTJGMDMlMkZoZWFkLWJnLW1hc2sucG5nJTIyJTNF[\/vc_raw_html][\/vc_column][\/vc_row][vc_row][vc_column width=&#8220;3\/5&#8243; offset=&#8220;vc_col-sm-offset-1\/5&#8243;][vc_column_text]Die br\u00e4unliche Verf\u00e4rbung des Schwimmbadwassers wird haupts\u00e4chlich durch die Reaktion des Eisen- oder Mangangehalts des F\u00fcllwassers mit Chlor verursacht. Dies kann sich im gesamten Wasservolumen zeigen und ihm eine br\u00e4unliche F\u00e4rbung verleihen, oder in Form von Flecken auf verschiedenen Oberfl\u00e4chen.&hellip;<\/p>\n","protected":false},"author":2,"featured_media":1101,"parent":1224,"menu_order":0,"comment_status":"closed","ping_status":"closed","template":"","meta":{"inline_featured_image":false},"yoast_head":"<!-- This site is optimized with the Yoast SEO plugin v20.8 - https:\/\/yoast.com\/wordpress\/plugins\/seo\/ -->\n<title>Braunes poolwasser - Dinax V\u00edzkezel\u00e9si Kft., uszodavegyszerek, h\u00e1ztart\u00e1si v\u00edzkezel\u00e9s, ipari v\u00edzkezel\u00e9s<\/title>\n<meta name=\"description\" content=\"Braunes poolwasser Teljesk\u00f6r\u0171 megold\u00e1sok a medencev\u00edz kezel\u00e9sben; professzion\u00e1lis uszodav\u00edz-kezel\u0151 szerek; kl\u00f3rmentes v\u00edzkezel\u00e9s; Dinax V\u00edzkezel\u00e9si Kft., uszodavegyszerek, h\u00e1ztart\u00e1si v\u00edzkezel\u00e9s, ipari v\u00edzkezel\u00e9s longlife \u2013 kl\u00f3rmentes v\u00edzkezel\u00e9s a hossz\u00fa \u00e9let\u00e9rt; Dinax V\u00edzkezel\u00e9si Kft., uszodavegyszerek, h\u00e1ztart\u00e1si v\u00edzkezel\u00e9s, ipari v\u00edzkezel\u00e9s dinax - longlife term\u00e9kcsal\u00e1d a f\u00fcrd\u0151, gy\u00f3gy- \u00e9s term\u00e1lvizek kl\u00f3rmentes fert\u0151tlen\u00edt\u00e9s\u00e9t, pH-be\u00e1ll\u00edt\u00e1s\u00e1t, pelyhes\u00edt\u00e9s\u00e9t \u00e9s algag\u00e1tl\u00e1s\u00e1t, vagyis komplex v\u00edzkezel\u00e9s\u00e9t v\u00e9gzi; Dinax V\u00edzkezel\u00e9si Kft., uszodavegyszerek, h\u00e1ztart\u00e1si v\u00edzkezel\u00e9s, ipari v\u00edzkezel\u00e9s v\u00edzkezel\u00e9si tippek; medencevizek gyakori probl\u00e9m\u00e1i; Dinax V\u00edzkezel\u00e9si Kft., uszodavegyszerek, h\u00e1ztart\u00e1si v\u00edzkezel\u00e9s, ipari v\u00edzkezel\u00e9s alg\u00e1sod\u00e1si probl\u00e9m\u00e1k; Dinax V\u00edzkezel\u00e9si Kft., uszodavegyszerek, h\u00e1ztart\u00e1si v\u00edzkezel\u00e9s, ipari v\u00edzkezel\u00e9s jacuzzik karbantart\u00e1sa; Dinax V\u00edzkezel\u00e9si Kft., uszodavegyszerek, h\u00e1ztart\u00e1si v\u00edzkezel\u00e9s, ipari v\u00edzkezel\u00e9s medenc\u00e9k t\u00e9lies\u00edt\u00e9se; Dinax V\u00edzkezel\u00e9si Kft., uszodavegyszerek, h\u00e1ztart\u00e1si v\u00edzkezel\u00e9s, ipari v\u00edzkezel\u00e9s h\u00e1ztart\u00e1si v\u00edzsz\u0171r\u00e9s; a WATERCOMP INSTITUTE v\u00edzvizsg\u00e1latra szakosodott labor, mely a bevizsg\u00e1lt v\u00edzminta r\u00e9szletes ki\u00e9rt\u00e9kel\u00e9s\u00e9t k\u00f6vet\u0151en nem csak szakv\u00e9lem\u00e9nyt, de r\u00e9szletes, t\u00e9teles felhaszn\u00e1l\u00e1si, fert\u0151tlen\u00edt\u00e9si javaslatot is \u00f6ssze\u00e1ll\u00edt\" \/>\n<meta name=\"robots\" content=\"index, follow, max-snippet:-1, max-image-preview:large, max-video-preview:-1\" \/>\n<link rel=\"canonical\" href=\"https:\/\/dinax.hu\/de\/braunes-poolwasser\/\" \/>\n<meta property=\"og:locale\" content=\"de_DE\" \/>\n<meta property=\"og:type\" content=\"article\" \/>\n<meta property=\"og:title\" content=\"Braunes poolwasser - Dinax V\u00edzkezel\u00e9si Kft., uszodavegyszerek, h\u00e1ztart\u00e1si v\u00edzkezel\u00e9s, ipari v\u00edzkezel\u00e9s\" \/>\n<meta property=\"og:description\" content=\"Braunes poolwasser Teljesk\u00f6r\u0171 megold\u00e1sok a medencev\u00edz kezel\u00e9sben; professzion\u00e1lis uszodav\u00edz-kezel\u0151 szerek; kl\u00f3rmentes v\u00edzkezel\u00e9s; Dinax V\u00edzkezel\u00e9si Kft., uszodavegyszerek, h\u00e1ztart\u00e1si v\u00edzkezel\u00e9s, ipari v\u00edzkezel\u00e9s longlife \u2013 kl\u00f3rmentes v\u00edzkezel\u00e9s a hossz\u00fa \u00e9let\u00e9rt; Dinax V\u00edzkezel\u00e9si Kft., uszodavegyszerek, h\u00e1ztart\u00e1si v\u00edzkezel\u00e9s, ipari v\u00edzkezel\u00e9s dinax - longlife term\u00e9kcsal\u00e1d a f\u00fcrd\u0151, gy\u00f3gy- \u00e9s term\u00e1lvizek kl\u00f3rmentes fert\u0151tlen\u00edt\u00e9s\u00e9t, pH-be\u00e1ll\u00edt\u00e1s\u00e1t, pelyhes\u00edt\u00e9s\u00e9t \u00e9s algag\u00e1tl\u00e1s\u00e1t, vagyis komplex v\u00edzkezel\u00e9s\u00e9t v\u00e9gzi; Dinax V\u00edzkezel\u00e9si Kft., uszodavegyszerek, h\u00e1ztart\u00e1si v\u00edzkezel\u00e9s, ipari v\u00edzkezel\u00e9s v\u00edzkezel\u00e9si tippek; medencevizek gyakori probl\u00e9m\u00e1i; Dinax V\u00edzkezel\u00e9si Kft., uszodavegyszerek, h\u00e1ztart\u00e1si v\u00edzkezel\u00e9s, ipari v\u00edzkezel\u00e9s alg\u00e1sod\u00e1si probl\u00e9m\u00e1k; Dinax V\u00edzkezel\u00e9si Kft., uszodavegyszerek, h\u00e1ztart\u00e1si v\u00edzkezel\u00e9s, ipari v\u00edzkezel\u00e9s jacuzzik karbantart\u00e1sa; Dinax V\u00edzkezel\u00e9si Kft., uszodavegyszerek, h\u00e1ztart\u00e1si v\u00edzkezel\u00e9s, ipari v\u00edzkezel\u00e9s medenc\u00e9k t\u00e9lies\u00edt\u00e9se; Dinax V\u00edzkezel\u00e9si Kft., uszodavegyszerek, h\u00e1ztart\u00e1si v\u00edzkezel\u00e9s, ipari v\u00edzkezel\u00e9s h\u00e1ztart\u00e1si v\u00edzsz\u0171r\u00e9s; a WATERCOMP INSTITUTE v\u00edzvizsg\u00e1latra szakosodott labor, mely a bevizsg\u00e1lt v\u00edzminta r\u00e9szletes ki\u00e9rt\u00e9kel\u00e9s\u00e9t k\u00f6vet\u0151en nem csak szakv\u00e9lem\u00e9nyt, de r\u00e9szletes, t\u00e9teles felhaszn\u00e1l\u00e1si, fert\u0151tlen\u00edt\u00e9si javaslatot is \u00f6ssze\u00e1ll\u00edt\" \/>\n<meta property=\"og:url\" content=\"https:\/\/dinax.hu\/de\/braunes-poolwasser\/\" \/>\n<meta property=\"og:site_name\" content=\"Dinax V\u00edzkezel\u00e9si Kft., uszodavegyszerek, h\u00e1ztart\u00e1si v\u00edzkezel\u00e9s, ipari v\u00edzkezel\u00e9s\" \/>\n<meta property=\"article:publisher\" content=\"https:\/\/www.facebook.com\/DinaxKft\" \/>\n<meta property=\"article:modified_time\" content=\"2023-06-28T12:51:06+00:00\" \/>\n<meta property=\"og:image\" content=\"https:\/\/dinax.hu\/wp-content\/uploads\/2023\/05\/algasodasi-problemak.jpg\" \/>\n\t<meta property=\"og:image:width\" content=\"1500\" \/>\n\t<meta property=\"og:image:height\" content=\"350\" \/>\n\t<meta property=\"og:image:type\" content=\"image\/jpeg\" \/>\n<meta name=\"twitter:card\" content=\"summary_large_image\" \/>\n<meta name=\"twitter:label1\" content=\"Gesch\u00e4tzte Lesezeit\" \/>\n\t<meta name=\"twitter:data1\" content=\"2\u00a0Minuten\" \/>\n<script type=\"application\/ld+json\" class=\"yoast-schema-graph\">{\"@context\":\"https:\/\/schema.org\",\"@graph\":[{\"@type\":\"WebPage\",\"@id\":\"https:\/\/dinax.hu\/de\/braunes-poolwasser\/\",\"url\":\"https:\/\/dinax.hu\/de\/braunes-poolwasser\/\",\"name\":\"Braunes poolwasser - Dinax V\u00edzkezel\u00e9si Kft., uszodavegyszerek, h\u00e1ztart\u00e1si v\u00edzkezel\u00e9s, ipari v\u00edzkezel\u00e9s\",\"isPartOf\":{\"@id\":\"https:\/\/dinax.hu\/#website\"},\"datePublished\":\"2023-04-04T13:27:35+00:00\",\"dateModified\":\"2023-06-28T12:51:06+00:00\",\"description\":\"Braunes poolwasser Teljesk\u00f6r\u0171 megold\u00e1sok a medencev\u00edz kezel\u00e9sben; professzion\u00e1lis uszodav\u00edz-kezel\u0151 szerek; kl\u00f3rmentes v\u00edzkezel\u00e9s; Dinax V\u00edzkezel\u00e9si Kft., uszodavegyszerek, h\u00e1ztart\u00e1si v\u00edzkezel\u00e9s, ipari v\u00edzkezel\u00e9s longlife \u2013 kl\u00f3rmentes v\u00edzkezel\u00e9s a hossz\u00fa \u00e9let\u00e9rt; Dinax V\u00edzkezel\u00e9si Kft., uszodavegyszerek, h\u00e1ztart\u00e1si v\u00edzkezel\u00e9s, ipari v\u00edzkezel\u00e9s dinax - longlife term\u00e9kcsal\u00e1d a f\u00fcrd\u0151, gy\u00f3gy- \u00e9s term\u00e1lvizek kl\u00f3rmentes fert\u0151tlen\u00edt\u00e9s\u00e9t, pH-be\u00e1ll\u00edt\u00e1s\u00e1t, pelyhes\u00edt\u00e9s\u00e9t \u00e9s algag\u00e1tl\u00e1s\u00e1t, vagyis komplex v\u00edzkezel\u00e9s\u00e9t v\u00e9gzi; Dinax V\u00edzkezel\u00e9si Kft., uszodavegyszerek, h\u00e1ztart\u00e1si v\u00edzkezel\u00e9s, ipari v\u00edzkezel\u00e9s v\u00edzkezel\u00e9si tippek; medencevizek gyakori probl\u00e9m\u00e1i; Dinax V\u00edzkezel\u00e9si Kft., uszodavegyszerek, h\u00e1ztart\u00e1si v\u00edzkezel\u00e9s, ipari v\u00edzkezel\u00e9s alg\u00e1sod\u00e1si probl\u00e9m\u00e1k; Dinax V\u00edzkezel\u00e9si Kft., uszodavegyszerek, h\u00e1ztart\u00e1si v\u00edzkezel\u00e9s, ipari v\u00edzkezel\u00e9s jacuzzik karbantart\u00e1sa; Dinax V\u00edzkezel\u00e9si Kft., uszodavegyszerek, h\u00e1ztart\u00e1si v\u00edzkezel\u00e9s, ipari v\u00edzkezel\u00e9s medenc\u00e9k t\u00e9lies\u00edt\u00e9se; Dinax V\u00edzkezel\u00e9si Kft., uszodavegyszerek, h\u00e1ztart\u00e1si v\u00edzkezel\u00e9s, ipari v\u00edzkezel\u00e9s h\u00e1ztart\u00e1si v\u00edzsz\u0171r\u00e9s; a WATERCOMP INSTITUTE v\u00edzvizsg\u00e1latra szakosodott labor, mely a bevizsg\u00e1lt v\u00edzminta r\u00e9szletes ki\u00e9rt\u00e9kel\u00e9s\u00e9t k\u00f6vet\u0151en nem csak szakv\u00e9lem\u00e9nyt, de r\u00e9szletes, t\u00e9teles felhaszn\u00e1l\u00e1si, fert\u0151tlen\u00edt\u00e9si javaslatot is \u00f6ssze\u00e1ll\u00edt\",\"breadcrumb\":{\"@id\":\"https:\/\/dinax.hu\/de\/braunes-poolwasser\/#breadcrumb\"},\"inLanguage\":\"de\",\"potentialAction\":[{\"@type\":\"ReadAction\",\"target\":[\"https:\/\/dinax.hu\/de\/braunes-poolwasser\/\"]}]},{\"@type\":\"BreadcrumbList\",\"@id\":\"https:\/\/dinax.hu\/de\/braunes-poolwasser\/#breadcrumb\",\"itemListElement\":[{\"@type\":\"ListItem\",\"position\":1,\"name\":\"Kezd\u0151lap\",\"item\":\"https:\/\/dinax.hu\/de\/\"},{\"@type\":\"ListItem\",\"position\":2,\"name\":\"Braunes poolwasser\"}]},{\"@type\":\"WebSite\",\"@id\":\"https:\/\/dinax.hu\/#website\",\"url\":\"https:\/\/dinax.hu\/\",\"name\":\"Dinax V\u00edzkezel\u00e9si Kft., uszodav\u00edz-kezel\u00e9s, h\u00e1ztart\u00e1si v\u00edzkezel\u00e9s, ipari v\u00edzkezel\u00e9s\",\"description\":\"\",\"publisher\":{\"@id\":\"https:\/\/dinax.hu\/#organization\"},\"potentialAction\":[{\"@type\":\"SearchAction\",\"target\":{\"@type\":\"EntryPoint\",\"urlTemplate\":\"https:\/\/dinax.hu\/?s={search_term_string}\"},\"query-input\":\"required name=search_term_string\"}],\"inLanguage\":\"de\"},{\"@type\":\"Organization\",\"@id\":\"https:\/\/dinax.hu\/#organization\",\"name\":\"Dinax V\u00edzkezel\u00e9si Kft., uszodav\u00edz-kezel\u00e9s, h\u00e1ztart\u00e1si v\u00edzkezel\u00e9s, ipari v\u00edzkezel\u00e9s\",\"url\":\"https:\/\/dinax.hu\/\",\"logo\":{\"@type\":\"ImageObject\",\"inLanguage\":\"de\",\"@id\":\"https:\/\/dinax.hu\/#\/schema\/logo\/image\/\",\"url\":\"https:\/\/dinax.hu\/wp-content\/uploads\/2023\/03\/dinax.svg\",\"contentUrl\":\"https:\/\/dinax.hu\/wp-content\/uploads\/2023\/03\/dinax.svg\",\"width\":\"230\",\"height\":\"85\",\"caption\":\"Dinax V\u00edzkezel\u00e9si Kft., uszodav\u00edz-kezel\u00e9s, h\u00e1ztart\u00e1si v\u00edzkezel\u00e9s, ipari v\u00edzkezel\u00e9s\"},\"image\":{\"@id\":\"https:\/\/dinax.hu\/#\/schema\/logo\/image\/\"},\"sameAs\":[\"https:\/\/www.facebook.com\/DinaxKft\",\"https:\/\/www.instagram.com\/dinaxkft\/\",\"https:\/\/www.youtube.com\/user\/dinaxkft\"]}]}<\/script>\n<!-- \/ Yoast SEO plugin. -->","yoast_head_json":{"title":"Braunes poolwasser - Dinax V\u00edzkezel\u00e9si Kft., uszodavegyszerek, h\u00e1ztart\u00e1si v\u00edzkezel\u00e9s, ipari v\u00edzkezel\u00e9s","description":"Braunes poolwasser Teljesk\u00f6r\u0171 megold\u00e1sok a medencev\u00edz kezel\u00e9sben; professzion\u00e1lis uszodav\u00edz-kezel\u0151 szerek; kl\u00f3rmentes v\u00edzkezel\u00e9s; Dinax V\u00edzkezel\u00e9si Kft., uszodavegyszerek, h\u00e1ztart\u00e1si v\u00edzkezel\u00e9s, ipari v\u00edzkezel\u00e9s longlife \u2013 kl\u00f3rmentes v\u00edzkezel\u00e9s a hossz\u00fa \u00e9let\u00e9rt; Dinax V\u00edzkezel\u00e9si Kft., uszodavegyszerek, h\u00e1ztart\u00e1si v\u00edzkezel\u00e9s, ipari v\u00edzkezel\u00e9s dinax - longlife term\u00e9kcsal\u00e1d a f\u00fcrd\u0151, gy\u00f3gy- \u00e9s term\u00e1lvizek kl\u00f3rmentes fert\u0151tlen\u00edt\u00e9s\u00e9t, pH-be\u00e1ll\u00edt\u00e1s\u00e1t, pelyhes\u00edt\u00e9s\u00e9t \u00e9s algag\u00e1tl\u00e1s\u00e1t, vagyis komplex v\u00edzkezel\u00e9s\u00e9t v\u00e9gzi; Dinax V\u00edzkezel\u00e9si Kft., uszodavegyszerek, h\u00e1ztart\u00e1si v\u00edzkezel\u00e9s, ipari v\u00edzkezel\u00e9s v\u00edzkezel\u00e9si tippek; medencevizek gyakori probl\u00e9m\u00e1i; Dinax V\u00edzkezel\u00e9si Kft., uszodavegyszerek, h\u00e1ztart\u00e1si v\u00edzkezel\u00e9s, ipari v\u00edzkezel\u00e9s alg\u00e1sod\u00e1si probl\u00e9m\u00e1k; Dinax V\u00edzkezel\u00e9si Kft., uszodavegyszerek, h\u00e1ztart\u00e1si v\u00edzkezel\u00e9s, ipari v\u00edzkezel\u00e9s jacuzzik karbantart\u00e1sa; Dinax V\u00edzkezel\u00e9si Kft., uszodavegyszerek, h\u00e1ztart\u00e1si v\u00edzkezel\u00e9s, ipari v\u00edzkezel\u00e9s medenc\u00e9k t\u00e9lies\u00edt\u00e9se; Dinax V\u00edzkezel\u00e9si Kft., uszodavegyszerek, h\u00e1ztart\u00e1si v\u00edzkezel\u00e9s, ipari v\u00edzkezel\u00e9s h\u00e1ztart\u00e1si v\u00edzsz\u0171r\u00e9s; a WATERCOMP INSTITUTE v\u00edzvizsg\u00e1latra szakosodott labor, mely a bevizsg\u00e1lt v\u00edzminta r\u00e9szletes ki\u00e9rt\u00e9kel\u00e9s\u00e9t k\u00f6vet\u0151en nem csak szakv\u00e9lem\u00e9nyt, de r\u00e9szletes, t\u00e9teles felhaszn\u00e1l\u00e1si, fert\u0151tlen\u00edt\u00e9si javaslatot is \u00f6ssze\u00e1ll\u00edt","robots":{"index":"index","follow":"follow","max-snippet":"max-snippet:-1","max-image-preview":"max-image-preview:large","max-video-preview":"max-video-preview:-1"},"canonical":"https:\/\/dinax.hu\/de\/braunes-poolwasser\/","og_locale":"de_DE","og_type":"article","og_title":"Braunes poolwasser - Dinax V\u00edzkezel\u00e9si Kft., uszodavegyszerek, h\u00e1ztart\u00e1si v\u00edzkezel\u00e9s, ipari v\u00edzkezel\u00e9s","og_description":"Braunes poolwasser Teljesk\u00f6r\u0171 megold\u00e1sok a medencev\u00edz kezel\u00e9sben; professzion\u00e1lis uszodav\u00edz-kezel\u0151 szerek; kl\u00f3rmentes v\u00edzkezel\u00e9s; Dinax V\u00edzkezel\u00e9si Kft., uszodavegyszerek, h\u00e1ztart\u00e1si v\u00edzkezel\u00e9s, ipari v\u00edzkezel\u00e9s longlife \u2013 kl\u00f3rmentes v\u00edzkezel\u00e9s a hossz\u00fa \u00e9let\u00e9rt; Dinax V\u00edzkezel\u00e9si Kft., uszodavegyszerek, h\u00e1ztart\u00e1si v\u00edzkezel\u00e9s, ipari v\u00edzkezel\u00e9s dinax - longlife term\u00e9kcsal\u00e1d a f\u00fcrd\u0151, gy\u00f3gy- \u00e9s term\u00e1lvizek kl\u00f3rmentes fert\u0151tlen\u00edt\u00e9s\u00e9t, pH-be\u00e1ll\u00edt\u00e1s\u00e1t, pelyhes\u00edt\u00e9s\u00e9t \u00e9s algag\u00e1tl\u00e1s\u00e1t, vagyis komplex v\u00edzkezel\u00e9s\u00e9t v\u00e9gzi; Dinax V\u00edzkezel\u00e9si Kft., uszodavegyszerek, h\u00e1ztart\u00e1si v\u00edzkezel\u00e9s, ipari v\u00edzkezel\u00e9s v\u00edzkezel\u00e9si tippek; medencevizek gyakori probl\u00e9m\u00e1i; Dinax V\u00edzkezel\u00e9si Kft., uszodavegyszerek, h\u00e1ztart\u00e1si v\u00edzkezel\u00e9s, ipari v\u00edzkezel\u00e9s alg\u00e1sod\u00e1si probl\u00e9m\u00e1k; Dinax V\u00edzkezel\u00e9si Kft., uszodavegyszerek, h\u00e1ztart\u00e1si v\u00edzkezel\u00e9s, ipari v\u00edzkezel\u00e9s jacuzzik karbantart\u00e1sa; Dinax V\u00edzkezel\u00e9si Kft., uszodavegyszerek, h\u00e1ztart\u00e1si v\u00edzkezel\u00e9s, ipari v\u00edzkezel\u00e9s medenc\u00e9k t\u00e9lies\u00edt\u00e9se; Dinax V\u00edzkezel\u00e9si Kft., uszodavegyszerek, h\u00e1ztart\u00e1si v\u00edzkezel\u00e9s, ipari v\u00edzkezel\u00e9s h\u00e1ztart\u00e1si v\u00edzsz\u0171r\u00e9s; a WATERCOMP INSTITUTE v\u00edzvizsg\u00e1latra szakosodott labor, mely a bevizsg\u00e1lt v\u00edzminta r\u00e9szletes ki\u00e9rt\u00e9kel\u00e9s\u00e9t k\u00f6vet\u0151en nem csak szakv\u00e9lem\u00e9nyt, de r\u00e9szletes, t\u00e9teles felhaszn\u00e1l\u00e1si, fert\u0151tlen\u00edt\u00e9si javaslatot is \u00f6ssze\u00e1ll\u00edt","og_url":"https:\/\/dinax.hu\/de\/braunes-poolwasser\/","og_site_name":"Dinax V\u00edzkezel\u00e9si Kft., uszodavegyszerek, h\u00e1ztart\u00e1si v\u00edzkezel\u00e9s, ipari v\u00edzkezel\u00e9s","article_publisher":"https:\/\/www.facebook.com\/DinaxKft","article_modified_time":"2023-06-28T12:51:06+00:00","og_image":[{"width":1500,"height":350,"url":"https:\/\/dinax.hu\/wp-content\/uploads\/2023\/05\/algasodasi-problemak.jpg","type":"image\/jpeg"}],"twitter_card":"summary_large_image","twitter_misc":{"Gesch\u00e4tzte Lesezeit":"2\u00a0Minuten"},"schema":{"@context":"https:\/\/schema.org","@graph":[{"@type":"WebPage","@id":"https:\/\/dinax.hu\/de\/braunes-poolwasser\/","url":"https:\/\/dinax.hu\/de\/braunes-poolwasser\/","name":"Braunes poolwasser - Dinax V\u00edzkezel\u00e9si Kft., uszodavegyszerek, h\u00e1ztart\u00e1si v\u00edzkezel\u00e9s, ipari v\u00edzkezel\u00e9s","isPartOf":{"@id":"https:\/\/dinax.hu\/#website"},"datePublished":"2023-04-04T13:27:35+00:00","dateModified":"2023-06-28T12:51:06+00:00","description":"Braunes poolwasser Teljesk\u00f6r\u0171 megold\u00e1sok a medencev\u00edz kezel\u00e9sben; professzion\u00e1lis uszodav\u00edz-kezel\u0151 szerek; kl\u00f3rmentes v\u00edzkezel\u00e9s; Dinax V\u00edzkezel\u00e9si Kft., uszodavegyszerek, h\u00e1ztart\u00e1si v\u00edzkezel\u00e9s, ipari v\u00edzkezel\u00e9s longlife \u2013 kl\u00f3rmentes v\u00edzkezel\u00e9s a hossz\u00fa \u00e9let\u00e9rt; Dinax V\u00edzkezel\u00e9si Kft., uszodavegyszerek, h\u00e1ztart\u00e1si v\u00edzkezel\u00e9s, ipari v\u00edzkezel\u00e9s dinax - longlife term\u00e9kcsal\u00e1d a f\u00fcrd\u0151, gy\u00f3gy- \u00e9s term\u00e1lvizek kl\u00f3rmentes fert\u0151tlen\u00edt\u00e9s\u00e9t, pH-be\u00e1ll\u00edt\u00e1s\u00e1t, pelyhes\u00edt\u00e9s\u00e9t \u00e9s algag\u00e1tl\u00e1s\u00e1t, vagyis komplex v\u00edzkezel\u00e9s\u00e9t v\u00e9gzi; Dinax V\u00edzkezel\u00e9si Kft., uszodavegyszerek, h\u00e1ztart\u00e1si v\u00edzkezel\u00e9s, ipari v\u00edzkezel\u00e9s v\u00edzkezel\u00e9si tippek; medencevizek gyakori probl\u00e9m\u00e1i; Dinax V\u00edzkezel\u00e9si Kft., uszodavegyszerek, h\u00e1ztart\u00e1si v\u00edzkezel\u00e9s, ipari v\u00edzkezel\u00e9s alg\u00e1sod\u00e1si probl\u00e9m\u00e1k; Dinax V\u00edzkezel\u00e9si Kft., uszodavegyszerek, h\u00e1ztart\u00e1si v\u00edzkezel\u00e9s, ipari v\u00edzkezel\u00e9s jacuzzik karbantart\u00e1sa; Dinax V\u00edzkezel\u00e9si Kft., uszodavegyszerek, h\u00e1ztart\u00e1si v\u00edzkezel\u00e9s, ipari v\u00edzkezel\u00e9s medenc\u00e9k t\u00e9lies\u00edt\u00e9se; Dinax V\u00edzkezel\u00e9si Kft., uszodavegyszerek, h\u00e1ztart\u00e1si v\u00edzkezel\u00e9s, ipari v\u00edzkezel\u00e9s h\u00e1ztart\u00e1si v\u00edzsz\u0171r\u00e9s; a WATERCOMP INSTITUTE v\u00edzvizsg\u00e1latra szakosodott labor, mely a bevizsg\u00e1lt v\u00edzminta r\u00e9szletes ki\u00e9rt\u00e9kel\u00e9s\u00e9t k\u00f6vet\u0151en nem csak szakv\u00e9lem\u00e9nyt, de r\u00e9szletes, t\u00e9teles felhaszn\u00e1l\u00e1si, fert\u0151tlen\u00edt\u00e9si javaslatot is \u00f6ssze\u00e1ll\u00edt","breadcrumb":{"@id":"https:\/\/dinax.hu\/de\/braunes-poolwasser\/#breadcrumb"},"inLanguage":"de","potentialAction":[{"@type":"ReadAction","target":["https:\/\/dinax.hu\/de\/braunes-poolwasser\/"]}]},{"@type":"BreadcrumbList","@id":"https:\/\/dinax.hu\/de\/braunes-poolwasser\/#breadcrumb","itemListElement":[{"@type":"ListItem","position":1,"name":"Kezd\u0151lap","item":"https:\/\/dinax.hu\/de\/"},{"@type":"ListItem","position":2,"name":"Braunes poolwasser"}]},{"@type":"WebSite","@id":"https:\/\/dinax.hu\/#website","url":"https:\/\/dinax.hu\/","name":"Dinax V\u00edzkezel\u00e9si Kft., uszodav\u00edz-kezel\u00e9s, h\u00e1ztart\u00e1si v\u00edzkezel\u00e9s, ipari v\u00edzkezel\u00e9s","description":"","publisher":{"@id":"https:\/\/dinax.hu\/#organization"},"potentialAction":[{"@type":"SearchAction","target":{"@type":"EntryPoint","urlTemplate":"https:\/\/dinax.hu\/?s={search_term_string}"},"query-input":"required name=search_term_string"}],"inLanguage":"de"},{"@type":"Organization","@id":"https:\/\/dinax.hu\/#organization","name":"Dinax V\u00edzkezel\u00e9si Kft., uszodav\u00edz-kezel\u00e9s, h\u00e1ztart\u00e1si v\u00edzkezel\u00e9s, ipari v\u00edzkezel\u00e9s","url":"https:\/\/dinax.hu\/","logo":{"@type":"ImageObject","inLanguage":"de","@id":"https:\/\/dinax.hu\/#\/schema\/logo\/image\/","url":"https:\/\/dinax.hu\/wp-content\/uploads\/2023\/03\/dinax.svg","contentUrl":"https:\/\/dinax.hu\/wp-content\/uploads\/2023\/03\/dinax.svg","width":"230","height":"85","caption":"Dinax V\u00edzkezel\u00e9si Kft., uszodav\u00edz-kezel\u00e9s, h\u00e1ztart\u00e1si v\u00edzkezel\u00e9s, ipari v\u00edzkezel\u00e9s"},"image":{"@id":"https:\/\/dinax.hu\/#\/schema\/logo\/image\/"},"sameAs":["https:\/\/www.facebook.com\/DinaxKft","https:\/\/www.instagram.com\/dinaxkft\/","https:\/\/www.youtube.com\/user\/dinaxkft"]}]}},"_links":{"self":[{"href":"https:\/\/dinax.hu\/de\/wp-json\/wp\/v2\/pages\/1165"}],"collection":[{"href":"https:\/\/dinax.hu\/de\/wp-json\/wp\/v2\/pages"}],"about":[{"href":"https:\/\/dinax.hu\/de\/wp-json\/wp\/v2\/types\/page"}],"author":[{"embeddable":true,"href":"https:\/\/dinax.hu\/de\/wp-json\/wp\/v2\/users\/2"}],"replies":[{"embeddable":true,"href":"https:\/\/dinax.hu\/de\/wp-json\/wp\/v2\/comments?post=1165"}],"version-history":[{"count":3,"href":"https:\/\/dinax.hu\/de\/wp-json\/wp\/v2\/pages\/1165\/revisions"}],"predecessor-version":[{"id":1168,"href":"https:\/\/dinax.hu\/de\/wp-json\/wp\/v2\/pages\/1165\/revisions\/1168"}],"up":[{"embeddable":true,"href":"https:\/\/dinax.hu\/de\/wp-json\/wp\/v2\/pages\/1224"}],"wp:featuredmedia":[{"embeddable":true,"href":"https:\/\/dinax.hu\/de\/wp-json\/wp\/v2\/media\/1101"}],"wp:attachment":[{"href":"https:\/\/dinax.hu\/de\/wp-json\/wp\/v2\/media?parent=1165"}],"curies":[{"name":"wp","href":"https:\/\/api.w.org\/{rel}","templated":true}]}}