{"id":1141,"date":"2023-04-04T15:20:30","date_gmt":"2023-04-04T13:20:30","guid":{"rendered":"https:\/\/dinax.hu\/?page_id=1141"},"modified":"2023-06-27T13:34:40","modified_gmt":"2023-06-27T11:34:40","slug":"probleme-mit-filterreinigern","status":"publish","type":"page","link":"https:\/\/dinax.hu\/de\/beruflicher-hintergrund\/probleme-mit-filterreinigern\/","title":{"rendered":"Probleme mit filterreinigern"},"content":{"rendered":"<section class=\"wpb-content-wrapper\"><p>[vc_row content_placement=&#8220;middle&#8220; el_class=&#8220;hero-head&#8220;][vc_column width=&#8220;11\/12&#8243; css=&#8220;.vc_custom_1677856120927{padding-right: 0px !important;padding-left: 0px !important;}&#8220;][vc_column_text el_class=&#8220;main-title&#8220;]<\/p>\n<h1>Probleme mit filterreinigern<\/h1>\n<p>[\/vc_column_text][vc_raw_html]JTNDdmlkZW8lMjBhdXRvcGxheSUyMHBsYXlzaW5saW5lJTIwbXV0ZWQlMjBsb29wJTIwc3JjJTNEJTIyJTJGd3AtY29udGVudCUyRnVwbG9hZHMlMkYyMDIzJTJGMDMlMkZoZWFkX2JnLm1wNCUyMiUyMHdpZHRoJTNEJTIyYXV0byUyMiUyMGhlaWdodCUzRCUyMmF1dG8lMjIlMjBhbHQlM0QlMjIlMjIlM0UlM0MlMkZ2aWRlbyUzRQ==[\/vc_raw_html][vc_raw_html el_class=&#8220;img-mask&#8220;]JTNDaW1nJTIwc3JjJTNEJTIyJTJGd3AtY29udGVudCUyRnVwbG9hZHMlMkYyMDIzJTJGMDMlMkZoZWFkLWJnLW1hc2sucG5nJTIyJTNF[\/vc_raw_html][\/vc_column][\/vc_row][vc_row][vc_column width=&#8220;3\/5&#8243; offset=&#8220;vc_col-sm-offset-1\/5&#8243;][vc_column_text]Auf dieser Seite finden Sie Informationen \u00fcber die Ph\u00e4nomene, Probleme, Herausforderungen und L\u00f6sungen f\u00fcr diese Probleme. Identifizieren Sie zun\u00e4chst die Verschmutzung des Filters und klicken Sie dann auf den Link zum Verfahren, um zu sehen, wie Sie Ihre Papierfilterablagerung effektiv sanieren k\u00f6nnen.<\/p>\n<p><strong>Wasserablagerungen (graues, br\u00f6ckeliges, pulverf\u00f6rmiges Material) oder br\u00e4unlich-gelbliches, flockig austrocknendes, hartes Material<\/strong><\/p>\n<ul>\n<li>empfohlenes Mittel: Dinax\u00ae Filterreiniger (1 kg, 20 kg)<\/li>\n<\/ul>\n<p><strong>Br\u00e4unliche, klebrige, schleimige Ablagerungen oder gelbliche Verf\u00e4rbung der Filterpatrone (scheinbar sauberer Filter)<\/strong><\/p>\n<ul>\n<li>empfohlene Mittel: Dinax\u00ae Filter Fizzy (250 g &#8211; 5 Behandlungen), Dinax\u00ae Filter Kondi (100 g &#8211; 5 Behandlungen)<\/li>\n<\/ul>\n<p><strong>Bei sehr starker allgemeiner Verschmutzung oder regelm\u00e4\u00dfiger Wartung<\/strong><\/p>\n<ul>\n<li>empfohlene Mittel: Dinax\u00ae Filter Fizzy P (250 g &#8211; 5 Behandlungen), Dinax\u00ae Filter Kondi (100 g &#8211; 5 Behandlungen), Dinax\u00ae Filter Cleaner (1 kg, 20 kg)<\/li>\n<\/ul>\n<p><strong>Regelm\u00e4\u00dfige Reinigung<\/strong><\/p>\n<ul>\n<li>Empfohlen f\u00fcr die w\u00f6chentliche Reinigung: Alga-Shock\u00ae P (0,5 kg, 1 kg, 5 kg, 10 kg, 25 kg, 50 kg)<\/li>\n<li>Empfohlen f\u00fcr die monatliche Reinigung: Alga-Shock\u00ae P (0,5 kg, 1 kg, 5 kg, 10 kg, 25 kg, 50 kg), Dinax\u00ae Filter Cleaner (1 kg, 20 kg)<\/li>\n<\/ul>\n<p><strong>Wei\u00dfer Belag an der Basis der Filterrippen\/-platten<\/strong><\/p>\n<ul>\n<li>empfohlene Mittel: Alga-Shock\u00ae P (1 kg, 5 kg, 10 kg, 25 kg, 50 kg), Dinax\u00ae Filter Fizzy P (250 g &#8211; f\u00fcr 5 Behandlungen), Dinax\u00ae Filter Kondi WP (100 g &#8211; f\u00fcr 5 Behandlungen), Dinax\u00ae Filter Cleaner F (1 kg, 20 kg)<\/li>\n<\/ul>\n<p><strong>Rosa Ablagerungen an der Basis der Filterlamellen\/-platten<\/strong><\/p>\n<ul>\n<li>Empfohlene Mittel: Alga-Shock\u00ae P (1 kg, 5 kg, 10 kg, 25 kg, 50 kg), Dinax\u00ae Filter Fizzy (250 g &#8211; f\u00fcr 5 Behandlungen), Dinax\u00ae Filter Kondi WP (100 g &#8211; f\u00fcr 5 Behandlungen), Dinax\u00ae Filter Cleaner (1 kg, 20 kg)<\/li>\n<\/ul>\n<p><strong>Br\u00e4unlich-schwarzer, radiergummiartig verschmierter Schmutz<\/strong><\/p>\n<ul>\n<li>Die Reinigung ist f\u00fcr unsere Partner in unserem Shop kostenlos.<\/li>\n<\/ul>\n<p>Unsere empfohlenen Produkte finden Sie unter den untenstehenden Links:<\/p>\n<ul>\n<li><a href=\"http:\/\/shop.dinax.hu\/swimming_pool_technology\/chemicals_\/filter_cleaners\/\" target=\"_blank\" rel=\"noopener\">Filter Cleaners<\/a><\/li>\n<li><a href=\"http:\/\/shop.dinax.hu\/swimming_pool_technology\/water_treatment_of_whirlpool_baths_spas\/chlorine_based_disinfection_\/\" target=\"_blank\" rel=\"noopener\">Chlorine based disinfection<\/a><\/li>\n<\/ul>\n<p>[\/vc_column_text][\/vc_column][\/vc_row]<\/p>\n<\/section>","protected":false},"excerpt":{"rendered":"<p>[vc_row content_placement=&#8220;middle&#8220; el_class=&#8220;hero-head&#8220;][vc_column width=&#8220;11\/12&#8243; css=&#8220;.vc_custom_1677856120927{padding-right: 0px !important;padding-left: 0px !important;}&#8220;][vc_column_text el_class=&#8220;main-title&#8220;] Probleme mit filterreinigern [\/vc_column_text][vc_raw_html]JTNDdmlkZW8lMjBhdXRvcGxheSUyMHBsYXlzaW5saW5lJTIwbXV0ZWQlMjBsb29wJTIwc3JjJTNEJTIyJTJGd3AtY29udGVudCUyRnVwbG9hZHMlMkYyMDIzJTJGMDMlMkZoZWFkX2JnLm1wNCUyMiUyMHdpZHRoJTNEJTIyYXV0byUyMiUyMGhlaWdodCUzRCUyMmF1dG8lMjIlMjBhbHQlM0QlMjIlMjIlM0UlM0MlMkZ2aWRlbyUzRQ==[\/vc_raw_html][vc_raw_html el_class=&#8220;img-mask&#8220;]JTNDaW1nJTIwc3JjJTNEJTIyJTJGd3AtY29udGVudCUyRnVwbG9hZHMlMkYyMDIzJTJGMDMlMkZoZWFkLWJnLW1hc2sucG5nJTIyJTNF[\/vc_raw_html][\/vc_column][\/vc_row][vc_row][vc_column width=&#8220;3\/5&#8243; offset=&#8220;vc_col-sm-offset-1\/5&#8243;][vc_column_text]Auf dieser Seite finden Sie Informationen \u00fcber die Ph\u00e4nomene, Probleme, Herausforderungen und L\u00f6sungen f\u00fcr diese Probleme. Identifizieren Sie zun\u00e4chst die Verschmutzung des Filters und klicken Sie dann auf den Link zum Verfahren, um zu sehen, wie Sie Ihre Papierfilterablagerung&hellip;<\/p>\n","protected":false},"author":2,"featured_media":1072,"parent":1224,"menu_order":0,"comment_status":"closed","ping_status":"closed","template":"","meta":{"inline_featured_image":false},"yoast_head":"<!-- This site is optimized with the Yoast SEO plugin v20.8 - https:\/\/yoast.com\/wordpress\/plugins\/seo\/ -->\n<title>Probleme mit filterreinigern - Dinax V\u00edzkezel\u00e9si Kft., uszodavegyszerek, h\u00e1ztart\u00e1si v\u00edzkezel\u00e9s, ipari v\u00edzkezel\u00e9s<\/title>\n<meta name=\"description\" content=\"Probleme mit filterreinigern Teljesk\u00f6r\u0171 megold\u00e1sok a medencev\u00edz kezel\u00e9sben; professzion\u00e1lis uszodav\u00edz-kezel\u0151 szerek; kl\u00f3rmentes v\u00edzkezel\u00e9s; Dinax V\u00edzkezel\u00e9si Kft., uszodavegyszerek, h\u00e1ztart\u00e1si v\u00edzkezel\u00e9s, ipari v\u00edzkezel\u00e9s longlife \u2013 kl\u00f3rmentes v\u00edzkezel\u00e9s a hossz\u00fa \u00e9let\u00e9rt; Dinax V\u00edzkezel\u00e9si Kft., uszodavegyszerek, h\u00e1ztart\u00e1si v\u00edzkezel\u00e9s, ipari v\u00edzkezel\u00e9s dinax - longlife term\u00e9kcsal\u00e1d a f\u00fcrd\u0151, gy\u00f3gy- \u00e9s term\u00e1lvizek kl\u00f3rmentes fert\u0151tlen\u00edt\u00e9s\u00e9t, pH-be\u00e1ll\u00edt\u00e1s\u00e1t, pelyhes\u00edt\u00e9s\u00e9t \u00e9s algag\u00e1tl\u00e1s\u00e1t, vagyis komplex v\u00edzkezel\u00e9s\u00e9t v\u00e9gzi; Dinax V\u00edzkezel\u00e9si Kft., uszodavegyszerek, h\u00e1ztart\u00e1si v\u00edzkezel\u00e9s, ipari v\u00edzkezel\u00e9s v\u00edzkezel\u00e9si tippek; medencevizek gyakori probl\u00e9m\u00e1i; Dinax V\u00edzkezel\u00e9si Kft., uszodavegyszerek, h\u00e1ztart\u00e1si v\u00edzkezel\u00e9s, ipari v\u00edzkezel\u00e9s alg\u00e1sod\u00e1si probl\u00e9m\u00e1k; Dinax V\u00edzkezel\u00e9si Kft., uszodavegyszerek, h\u00e1ztart\u00e1si v\u00edzkezel\u00e9s, ipari v\u00edzkezel\u00e9s jacuzzik karbantart\u00e1sa; Dinax V\u00edzkezel\u00e9si Kft., uszodavegyszerek, h\u00e1ztart\u00e1si v\u00edzkezel\u00e9s, ipari v\u00edzkezel\u00e9s medenc\u00e9k t\u00e9lies\u00edt\u00e9se; Dinax V\u00edzkezel\u00e9si Kft., uszodavegyszerek, h\u00e1ztart\u00e1si v\u00edzkezel\u00e9s, ipari v\u00edzkezel\u00e9s h\u00e1ztart\u00e1si v\u00edzsz\u0171r\u00e9s; a WATERCOMP INSTITUTE v\u00edzvizsg\u00e1latra szakosodott labor, mely a bevizsg\u00e1lt v\u00edzminta r\u00e9szletes ki\u00e9rt\u00e9kel\u00e9s\u00e9t k\u00f6vet\u0151en nem csak szakv\u00e9lem\u00e9nyt, de r\u00e9szletes, t\u00e9teles felhaszn\u00e1l\u00e1si, fert\u0151tlen\u00edt\u00e9si javaslatot is \u00f6ssze\u00e1ll\u00edt\" \/>\n<meta name=\"robots\" content=\"index, follow, max-snippet:-1, max-image-preview:large, max-video-preview:-1\" \/>\n<link rel=\"canonical\" href=\"https:\/\/dinax.hu\/de\/probleme-mit-filterreinigern\/\" \/>\n<meta property=\"og:locale\" content=\"de_DE\" \/>\n<meta property=\"og:type\" content=\"article\" \/>\n<meta property=\"og:title\" content=\"Probleme mit filterreinigern - Dinax V\u00edzkezel\u00e9si Kft., uszodavegyszerek, h\u00e1ztart\u00e1si v\u00edzkezel\u00e9s, ipari v\u00edzkezel\u00e9s\" \/>\n<meta property=\"og:description\" content=\"Probleme mit filterreinigern Teljesk\u00f6r\u0171 megold\u00e1sok a medencev\u00edz kezel\u00e9sben; professzion\u00e1lis uszodav\u00edz-kezel\u0151 szerek; kl\u00f3rmentes v\u00edzkezel\u00e9s; Dinax V\u00edzkezel\u00e9si Kft., uszodavegyszerek, h\u00e1ztart\u00e1si v\u00edzkezel\u00e9s, ipari v\u00edzkezel\u00e9s longlife \u2013 kl\u00f3rmentes v\u00edzkezel\u00e9s a hossz\u00fa \u00e9let\u00e9rt; Dinax V\u00edzkezel\u00e9si Kft., uszodavegyszerek, h\u00e1ztart\u00e1si v\u00edzkezel\u00e9s, ipari v\u00edzkezel\u00e9s dinax - longlife term\u00e9kcsal\u00e1d a f\u00fcrd\u0151, gy\u00f3gy- \u00e9s term\u00e1lvizek kl\u00f3rmentes fert\u0151tlen\u00edt\u00e9s\u00e9t, pH-be\u00e1ll\u00edt\u00e1s\u00e1t, pelyhes\u00edt\u00e9s\u00e9t \u00e9s algag\u00e1tl\u00e1s\u00e1t, vagyis komplex v\u00edzkezel\u00e9s\u00e9t v\u00e9gzi; Dinax V\u00edzkezel\u00e9si Kft., uszodavegyszerek, h\u00e1ztart\u00e1si v\u00edzkezel\u00e9s, ipari v\u00edzkezel\u00e9s v\u00edzkezel\u00e9si tippek; medencevizek gyakori probl\u00e9m\u00e1i; Dinax V\u00edzkezel\u00e9si Kft., uszodavegyszerek, h\u00e1ztart\u00e1si v\u00edzkezel\u00e9s, ipari v\u00edzkezel\u00e9s alg\u00e1sod\u00e1si probl\u00e9m\u00e1k; Dinax V\u00edzkezel\u00e9si Kft., uszodavegyszerek, h\u00e1ztart\u00e1si v\u00edzkezel\u00e9s, ipari v\u00edzkezel\u00e9s jacuzzik karbantart\u00e1sa; Dinax V\u00edzkezel\u00e9si Kft., uszodavegyszerek, h\u00e1ztart\u00e1si v\u00edzkezel\u00e9s, ipari v\u00edzkezel\u00e9s medenc\u00e9k t\u00e9lies\u00edt\u00e9se; Dinax V\u00edzkezel\u00e9si Kft., uszodavegyszerek, h\u00e1ztart\u00e1si v\u00edzkezel\u00e9s, ipari v\u00edzkezel\u00e9s h\u00e1ztart\u00e1si v\u00edzsz\u0171r\u00e9s; a WATERCOMP INSTITUTE v\u00edzvizsg\u00e1latra szakosodott labor, mely a bevizsg\u00e1lt v\u00edzminta r\u00e9szletes ki\u00e9rt\u00e9kel\u00e9s\u00e9t k\u00f6vet\u0151en nem csak szakv\u00e9lem\u00e9nyt, de r\u00e9szletes, t\u00e9teles felhaszn\u00e1l\u00e1si, fert\u0151tlen\u00edt\u00e9si javaslatot is \u00f6ssze\u00e1ll\u00edt\" \/>\n<meta property=\"og:url\" content=\"https:\/\/dinax.hu\/de\/probleme-mit-filterreinigern\/\" \/>\n<meta property=\"og:site_name\" content=\"Dinax V\u00edzkezel\u00e9si Kft., uszodavegyszerek, h\u00e1ztart\u00e1si v\u00edzkezel\u00e9s, ipari v\u00edzkezel\u00e9s\" \/>\n<meta property=\"article:publisher\" content=\"https:\/\/www.facebook.com\/DinaxKft\" \/>\n<meta property=\"article:modified_time\" content=\"2023-06-27T11:34:40+00:00\" \/>\n<meta property=\"og:image\" content=\"https:\/\/dinax.hu\/wp-content\/uploads\/2023\/04\/medenceapolas.jpg\" \/>\n\t<meta property=\"og:image:width\" content=\"1500\" \/>\n\t<meta property=\"og:image:height\" content=\"350\" \/>\n\t<meta property=\"og:image:type\" content=\"image\/jpeg\" \/>\n<meta name=\"twitter:card\" content=\"summary_large_image\" \/>\n<meta name=\"twitter:label1\" content=\"Gesch\u00e4tzte Lesezeit\" \/>\n\t<meta name=\"twitter:data1\" content=\"2\u00a0Minuten\" \/>\n<script type=\"application\/ld+json\" class=\"yoast-schema-graph\">{\"@context\":\"https:\/\/schema.org\",\"@graph\":[{\"@type\":\"WebPage\",\"@id\":\"https:\/\/dinax.hu\/de\/probleme-mit-filterreinigern\/\",\"url\":\"https:\/\/dinax.hu\/de\/probleme-mit-filterreinigern\/\",\"name\":\"Probleme mit filterreinigern - Dinax V\u00edzkezel\u00e9si Kft., uszodavegyszerek, h\u00e1ztart\u00e1si v\u00edzkezel\u00e9s, ipari v\u00edzkezel\u00e9s\",\"isPartOf\":{\"@id\":\"https:\/\/dinax.hu\/#website\"},\"datePublished\":\"2023-04-04T13:20:30+00:00\",\"dateModified\":\"2023-06-27T11:34:40+00:00\",\"description\":\"Probleme mit filterreinigern Teljesk\u00f6r\u0171 megold\u00e1sok a medencev\u00edz kezel\u00e9sben; professzion\u00e1lis uszodav\u00edz-kezel\u0151 szerek; kl\u00f3rmentes v\u00edzkezel\u00e9s; Dinax V\u00edzkezel\u00e9si Kft., uszodavegyszerek, h\u00e1ztart\u00e1si v\u00edzkezel\u00e9s, ipari v\u00edzkezel\u00e9s longlife \u2013 kl\u00f3rmentes v\u00edzkezel\u00e9s a hossz\u00fa \u00e9let\u00e9rt; Dinax V\u00edzkezel\u00e9si Kft., uszodavegyszerek, h\u00e1ztart\u00e1si v\u00edzkezel\u00e9s, ipari v\u00edzkezel\u00e9s dinax - longlife term\u00e9kcsal\u00e1d a f\u00fcrd\u0151, gy\u00f3gy- \u00e9s term\u00e1lvizek kl\u00f3rmentes fert\u0151tlen\u00edt\u00e9s\u00e9t, pH-be\u00e1ll\u00edt\u00e1s\u00e1t, pelyhes\u00edt\u00e9s\u00e9t \u00e9s algag\u00e1tl\u00e1s\u00e1t, vagyis komplex v\u00edzkezel\u00e9s\u00e9t v\u00e9gzi; Dinax V\u00edzkezel\u00e9si Kft., uszodavegyszerek, h\u00e1ztart\u00e1si v\u00edzkezel\u00e9s, ipari v\u00edzkezel\u00e9s v\u00edzkezel\u00e9si tippek; medencevizek gyakori probl\u00e9m\u00e1i; Dinax V\u00edzkezel\u00e9si Kft., uszodavegyszerek, h\u00e1ztart\u00e1si v\u00edzkezel\u00e9s, ipari v\u00edzkezel\u00e9s alg\u00e1sod\u00e1si probl\u00e9m\u00e1k; Dinax V\u00edzkezel\u00e9si Kft., uszodavegyszerek, h\u00e1ztart\u00e1si v\u00edzkezel\u00e9s, ipari v\u00edzkezel\u00e9s jacuzzik karbantart\u00e1sa; Dinax V\u00edzkezel\u00e9si Kft., uszodavegyszerek, h\u00e1ztart\u00e1si v\u00edzkezel\u00e9s, ipari v\u00edzkezel\u00e9s medenc\u00e9k t\u00e9lies\u00edt\u00e9se; Dinax V\u00edzkezel\u00e9si Kft., uszodavegyszerek, h\u00e1ztart\u00e1si v\u00edzkezel\u00e9s, ipari v\u00edzkezel\u00e9s h\u00e1ztart\u00e1si v\u00edzsz\u0171r\u00e9s; a WATERCOMP INSTITUTE v\u00edzvizsg\u00e1latra szakosodott labor, mely a bevizsg\u00e1lt v\u00edzminta r\u00e9szletes ki\u00e9rt\u00e9kel\u00e9s\u00e9t k\u00f6vet\u0151en nem csak szakv\u00e9lem\u00e9nyt, de r\u00e9szletes, t\u00e9teles felhaszn\u00e1l\u00e1si, fert\u0151tlen\u00edt\u00e9si javaslatot is \u00f6ssze\u00e1ll\u00edt\",\"breadcrumb\":{\"@id\":\"https:\/\/dinax.hu\/de\/probleme-mit-filterreinigern\/#breadcrumb\"},\"inLanguage\":\"de\",\"potentialAction\":[{\"@type\":\"ReadAction\",\"target\":[\"https:\/\/dinax.hu\/de\/probleme-mit-filterreinigern\/\"]}]},{\"@type\":\"BreadcrumbList\",\"@id\":\"https:\/\/dinax.hu\/de\/probleme-mit-filterreinigern\/#breadcrumb\",\"itemListElement\":[{\"@type\":\"ListItem\",\"position\":1,\"name\":\"Kezd\u0151lap\",\"item\":\"https:\/\/dinax.hu\/de\/\"},{\"@type\":\"ListItem\",\"position\":2,\"name\":\"Probleme mit filterreinigern\"}]},{\"@type\":\"WebSite\",\"@id\":\"https:\/\/dinax.hu\/#website\",\"url\":\"https:\/\/dinax.hu\/\",\"name\":\"Dinax V\u00edzkezel\u00e9si Kft., uszodav\u00edz-kezel\u00e9s, h\u00e1ztart\u00e1si v\u00edzkezel\u00e9s, ipari v\u00edzkezel\u00e9s\",\"description\":\"\",\"publisher\":{\"@id\":\"https:\/\/dinax.hu\/#organization\"},\"potentialAction\":[{\"@type\":\"SearchAction\",\"target\":{\"@type\":\"EntryPoint\",\"urlTemplate\":\"https:\/\/dinax.hu\/?s={search_term_string}\"},\"query-input\":\"required name=search_term_string\"}],\"inLanguage\":\"de\"},{\"@type\":\"Organization\",\"@id\":\"https:\/\/dinax.hu\/#organization\",\"name\":\"Dinax V\u00edzkezel\u00e9si Kft., uszodav\u00edz-kezel\u00e9s, h\u00e1ztart\u00e1si v\u00edzkezel\u00e9s, ipari v\u00edzkezel\u00e9s\",\"url\":\"https:\/\/dinax.hu\/\",\"logo\":{\"@type\":\"ImageObject\",\"inLanguage\":\"de\",\"@id\":\"https:\/\/dinax.hu\/#\/schema\/logo\/image\/\",\"url\":\"https:\/\/dinax.hu\/wp-content\/uploads\/2023\/03\/dinax.svg\",\"contentUrl\":\"https:\/\/dinax.hu\/wp-content\/uploads\/2023\/03\/dinax.svg\",\"width\":\"230\",\"height\":\"85\",\"caption\":\"Dinax V\u00edzkezel\u00e9si Kft., uszodav\u00edz-kezel\u00e9s, h\u00e1ztart\u00e1si v\u00edzkezel\u00e9s, ipari v\u00edzkezel\u00e9s\"},\"image\":{\"@id\":\"https:\/\/dinax.hu\/#\/schema\/logo\/image\/\"},\"sameAs\":[\"https:\/\/www.facebook.com\/DinaxKft\",\"https:\/\/www.instagram.com\/dinaxkft\/\",\"https:\/\/www.youtube.com\/user\/dinaxkft\"]}]}<\/script>\n<!-- \/ Yoast SEO plugin. -->","yoast_head_json":{"title":"Probleme mit filterreinigern - Dinax V\u00edzkezel\u00e9si Kft., uszodavegyszerek, h\u00e1ztart\u00e1si v\u00edzkezel\u00e9s, ipari v\u00edzkezel\u00e9s","description":"Probleme mit filterreinigern Teljesk\u00f6r\u0171 megold\u00e1sok a medencev\u00edz kezel\u00e9sben; professzion\u00e1lis uszodav\u00edz-kezel\u0151 szerek; kl\u00f3rmentes v\u00edzkezel\u00e9s; Dinax V\u00edzkezel\u00e9si Kft., uszodavegyszerek, h\u00e1ztart\u00e1si v\u00edzkezel\u00e9s, ipari v\u00edzkezel\u00e9s longlife \u2013 kl\u00f3rmentes v\u00edzkezel\u00e9s a hossz\u00fa \u00e9let\u00e9rt; Dinax V\u00edzkezel\u00e9si Kft., uszodavegyszerek, h\u00e1ztart\u00e1si v\u00edzkezel\u00e9s, ipari v\u00edzkezel\u00e9s dinax - longlife term\u00e9kcsal\u00e1d a f\u00fcrd\u0151, gy\u00f3gy- \u00e9s term\u00e1lvizek kl\u00f3rmentes fert\u0151tlen\u00edt\u00e9s\u00e9t, pH-be\u00e1ll\u00edt\u00e1s\u00e1t, pelyhes\u00edt\u00e9s\u00e9t \u00e9s algag\u00e1tl\u00e1s\u00e1t, vagyis komplex v\u00edzkezel\u00e9s\u00e9t v\u00e9gzi; Dinax V\u00edzkezel\u00e9si Kft., uszodavegyszerek, h\u00e1ztart\u00e1si v\u00edzkezel\u00e9s, ipari v\u00edzkezel\u00e9s v\u00edzkezel\u00e9si tippek; medencevizek gyakori probl\u00e9m\u00e1i; Dinax V\u00edzkezel\u00e9si Kft., uszodavegyszerek, h\u00e1ztart\u00e1si v\u00edzkezel\u00e9s, ipari v\u00edzkezel\u00e9s alg\u00e1sod\u00e1si probl\u00e9m\u00e1k; Dinax V\u00edzkezel\u00e9si Kft., uszodavegyszerek, h\u00e1ztart\u00e1si v\u00edzkezel\u00e9s, ipari v\u00edzkezel\u00e9s jacuzzik karbantart\u00e1sa; Dinax V\u00edzkezel\u00e9si Kft., uszodavegyszerek, h\u00e1ztart\u00e1si v\u00edzkezel\u00e9s, ipari v\u00edzkezel\u00e9s medenc\u00e9k t\u00e9lies\u00edt\u00e9se; Dinax V\u00edzkezel\u00e9si Kft., uszodavegyszerek, h\u00e1ztart\u00e1si v\u00edzkezel\u00e9s, ipari v\u00edzkezel\u00e9s h\u00e1ztart\u00e1si v\u00edzsz\u0171r\u00e9s; a WATERCOMP INSTITUTE v\u00edzvizsg\u00e1latra szakosodott labor, mely a bevizsg\u00e1lt v\u00edzminta r\u00e9szletes ki\u00e9rt\u00e9kel\u00e9s\u00e9t k\u00f6vet\u0151en nem csak szakv\u00e9lem\u00e9nyt, de r\u00e9szletes, t\u00e9teles felhaszn\u00e1l\u00e1si, fert\u0151tlen\u00edt\u00e9si javaslatot is \u00f6ssze\u00e1ll\u00edt","robots":{"index":"index","follow":"follow","max-snippet":"max-snippet:-1","max-image-preview":"max-image-preview:large","max-video-preview":"max-video-preview:-1"},"canonical":"https:\/\/dinax.hu\/de\/probleme-mit-filterreinigern\/","og_locale":"de_DE","og_type":"article","og_title":"Probleme mit filterreinigern - Dinax V\u00edzkezel\u00e9si Kft., uszodavegyszerek, h\u00e1ztart\u00e1si v\u00edzkezel\u00e9s, ipari v\u00edzkezel\u00e9s","og_description":"Probleme mit filterreinigern Teljesk\u00f6r\u0171 megold\u00e1sok a medencev\u00edz kezel\u00e9sben; professzion\u00e1lis uszodav\u00edz-kezel\u0151 szerek; kl\u00f3rmentes v\u00edzkezel\u00e9s; Dinax V\u00edzkezel\u00e9si Kft., uszodavegyszerek, h\u00e1ztart\u00e1si v\u00edzkezel\u00e9s, ipari v\u00edzkezel\u00e9s longlife \u2013 kl\u00f3rmentes v\u00edzkezel\u00e9s a hossz\u00fa \u00e9let\u00e9rt; Dinax V\u00edzkezel\u00e9si Kft., uszodavegyszerek, h\u00e1ztart\u00e1si v\u00edzkezel\u00e9s, ipari v\u00edzkezel\u00e9s dinax - longlife term\u00e9kcsal\u00e1d a f\u00fcrd\u0151, gy\u00f3gy- \u00e9s term\u00e1lvizek kl\u00f3rmentes fert\u0151tlen\u00edt\u00e9s\u00e9t, pH-be\u00e1ll\u00edt\u00e1s\u00e1t, pelyhes\u00edt\u00e9s\u00e9t \u00e9s algag\u00e1tl\u00e1s\u00e1t, vagyis komplex v\u00edzkezel\u00e9s\u00e9t v\u00e9gzi; Dinax V\u00edzkezel\u00e9si Kft., uszodavegyszerek, h\u00e1ztart\u00e1si v\u00edzkezel\u00e9s, ipari v\u00edzkezel\u00e9s v\u00edzkezel\u00e9si tippek; medencevizek gyakori probl\u00e9m\u00e1i; Dinax V\u00edzkezel\u00e9si Kft., uszodavegyszerek, h\u00e1ztart\u00e1si v\u00edzkezel\u00e9s, ipari v\u00edzkezel\u00e9s alg\u00e1sod\u00e1si probl\u00e9m\u00e1k; Dinax V\u00edzkezel\u00e9si Kft., uszodavegyszerek, h\u00e1ztart\u00e1si v\u00edzkezel\u00e9s, ipari v\u00edzkezel\u00e9s jacuzzik karbantart\u00e1sa; Dinax V\u00edzkezel\u00e9si Kft., uszodavegyszerek, h\u00e1ztart\u00e1si v\u00edzkezel\u00e9s, ipari v\u00edzkezel\u00e9s medenc\u00e9k t\u00e9lies\u00edt\u00e9se; Dinax V\u00edzkezel\u00e9si Kft., uszodavegyszerek, h\u00e1ztart\u00e1si v\u00edzkezel\u00e9s, ipari v\u00edzkezel\u00e9s h\u00e1ztart\u00e1si v\u00edzsz\u0171r\u00e9s; a WATERCOMP INSTITUTE v\u00edzvizsg\u00e1latra szakosodott labor, mely a bevizsg\u00e1lt v\u00edzminta r\u00e9szletes ki\u00e9rt\u00e9kel\u00e9s\u00e9t k\u00f6vet\u0151en nem csak szakv\u00e9lem\u00e9nyt, de r\u00e9szletes, t\u00e9teles felhaszn\u00e1l\u00e1si, fert\u0151tlen\u00edt\u00e9si javaslatot is \u00f6ssze\u00e1ll\u00edt","og_url":"https:\/\/dinax.hu\/de\/probleme-mit-filterreinigern\/","og_site_name":"Dinax V\u00edzkezel\u00e9si Kft., uszodavegyszerek, h\u00e1ztart\u00e1si v\u00edzkezel\u00e9s, ipari v\u00edzkezel\u00e9s","article_publisher":"https:\/\/www.facebook.com\/DinaxKft","article_modified_time":"2023-06-27T11:34:40+00:00","og_image":[{"width":1500,"height":350,"url":"https:\/\/dinax.hu\/wp-content\/uploads\/2023\/04\/medenceapolas.jpg","type":"image\/jpeg"}],"twitter_card":"summary_large_image","twitter_misc":{"Gesch\u00e4tzte Lesezeit":"2\u00a0Minuten"},"schema":{"@context":"https:\/\/schema.org","@graph":[{"@type":"WebPage","@id":"https:\/\/dinax.hu\/de\/probleme-mit-filterreinigern\/","url":"https:\/\/dinax.hu\/de\/probleme-mit-filterreinigern\/","name":"Probleme mit filterreinigern - Dinax V\u00edzkezel\u00e9si Kft., uszodavegyszerek, h\u00e1ztart\u00e1si v\u00edzkezel\u00e9s, ipari v\u00edzkezel\u00e9s","isPartOf":{"@id":"https:\/\/dinax.hu\/#website"},"datePublished":"2023-04-04T13:20:30+00:00","dateModified":"2023-06-27T11:34:40+00:00","description":"Probleme mit filterreinigern Teljesk\u00f6r\u0171 megold\u00e1sok a medencev\u00edz kezel\u00e9sben; professzion\u00e1lis uszodav\u00edz-kezel\u0151 szerek; kl\u00f3rmentes v\u00edzkezel\u00e9s; Dinax V\u00edzkezel\u00e9si Kft., uszodavegyszerek, h\u00e1ztart\u00e1si v\u00edzkezel\u00e9s, ipari v\u00edzkezel\u00e9s longlife \u2013 kl\u00f3rmentes v\u00edzkezel\u00e9s a hossz\u00fa \u00e9let\u00e9rt; Dinax V\u00edzkezel\u00e9si Kft., uszodavegyszerek, h\u00e1ztart\u00e1si v\u00edzkezel\u00e9s, ipari v\u00edzkezel\u00e9s dinax - longlife term\u00e9kcsal\u00e1d a f\u00fcrd\u0151, gy\u00f3gy- \u00e9s term\u00e1lvizek kl\u00f3rmentes fert\u0151tlen\u00edt\u00e9s\u00e9t, pH-be\u00e1ll\u00edt\u00e1s\u00e1t, pelyhes\u00edt\u00e9s\u00e9t \u00e9s algag\u00e1tl\u00e1s\u00e1t, vagyis komplex v\u00edzkezel\u00e9s\u00e9t v\u00e9gzi; Dinax V\u00edzkezel\u00e9si Kft., uszodavegyszerek, h\u00e1ztart\u00e1si v\u00edzkezel\u00e9s, ipari v\u00edzkezel\u00e9s v\u00edzkezel\u00e9si tippek; medencevizek gyakori probl\u00e9m\u00e1i; Dinax V\u00edzkezel\u00e9si Kft., uszodavegyszerek, h\u00e1ztart\u00e1si v\u00edzkezel\u00e9s, ipari v\u00edzkezel\u00e9s alg\u00e1sod\u00e1si probl\u00e9m\u00e1k; Dinax V\u00edzkezel\u00e9si Kft., uszodavegyszerek, h\u00e1ztart\u00e1si v\u00edzkezel\u00e9s, ipari v\u00edzkezel\u00e9s jacuzzik karbantart\u00e1sa; Dinax V\u00edzkezel\u00e9si Kft., uszodavegyszerek, h\u00e1ztart\u00e1si v\u00edzkezel\u00e9s, ipari v\u00edzkezel\u00e9s medenc\u00e9k t\u00e9lies\u00edt\u00e9se; Dinax V\u00edzkezel\u00e9si Kft., uszodavegyszerek, h\u00e1ztart\u00e1si v\u00edzkezel\u00e9s, ipari v\u00edzkezel\u00e9s h\u00e1ztart\u00e1si v\u00edzsz\u0171r\u00e9s; a WATERCOMP INSTITUTE v\u00edzvizsg\u00e1latra szakosodott labor, mely a bevizsg\u00e1lt v\u00edzminta r\u00e9szletes ki\u00e9rt\u00e9kel\u00e9s\u00e9t k\u00f6vet\u0151en nem csak szakv\u00e9lem\u00e9nyt, de r\u00e9szletes, t\u00e9teles felhaszn\u00e1l\u00e1si, fert\u0151tlen\u00edt\u00e9si javaslatot is \u00f6ssze\u00e1ll\u00edt","breadcrumb":{"@id":"https:\/\/dinax.hu\/de\/probleme-mit-filterreinigern\/#breadcrumb"},"inLanguage":"de","potentialAction":[{"@type":"ReadAction","target":["https:\/\/dinax.hu\/de\/probleme-mit-filterreinigern\/"]}]},{"@type":"BreadcrumbList","@id":"https:\/\/dinax.hu\/de\/probleme-mit-filterreinigern\/#breadcrumb","itemListElement":[{"@type":"ListItem","position":1,"name":"Kezd\u0151lap","item":"https:\/\/dinax.hu\/de\/"},{"@type":"ListItem","position":2,"name":"Probleme mit filterreinigern"}]},{"@type":"WebSite","@id":"https:\/\/dinax.hu\/#website","url":"https:\/\/dinax.hu\/","name":"Dinax V\u00edzkezel\u00e9si Kft., uszodav\u00edz-kezel\u00e9s, h\u00e1ztart\u00e1si v\u00edzkezel\u00e9s, ipari v\u00edzkezel\u00e9s","description":"","publisher":{"@id":"https:\/\/dinax.hu\/#organization"},"potentialAction":[{"@type":"SearchAction","target":{"@type":"EntryPoint","urlTemplate":"https:\/\/dinax.hu\/?s={search_term_string}"},"query-input":"required name=search_term_string"}],"inLanguage":"de"},{"@type":"Organization","@id":"https:\/\/dinax.hu\/#organization","name":"Dinax V\u00edzkezel\u00e9si Kft., uszodav\u00edz-kezel\u00e9s, h\u00e1ztart\u00e1si v\u00edzkezel\u00e9s, ipari v\u00edzkezel\u00e9s","url":"https:\/\/dinax.hu\/","logo":{"@type":"ImageObject","inLanguage":"de","@id":"https:\/\/dinax.hu\/#\/schema\/logo\/image\/","url":"https:\/\/dinax.hu\/wp-content\/uploads\/2023\/03\/dinax.svg","contentUrl":"https:\/\/dinax.hu\/wp-content\/uploads\/2023\/03\/dinax.svg","width":"230","height":"85","caption":"Dinax V\u00edzkezel\u00e9si Kft., uszodav\u00edz-kezel\u00e9s, h\u00e1ztart\u00e1si v\u00edzkezel\u00e9s, ipari v\u00edzkezel\u00e9s"},"image":{"@id":"https:\/\/dinax.hu\/#\/schema\/logo\/image\/"},"sameAs":["https:\/\/www.facebook.com\/DinaxKft","https:\/\/www.instagram.com\/dinaxkft\/","https:\/\/www.youtube.com\/user\/dinaxkft"]}]}},"_links":{"self":[{"href":"https:\/\/dinax.hu\/de\/wp-json\/wp\/v2\/pages\/1141"}],"collection":[{"href":"https:\/\/dinax.hu\/de\/wp-json\/wp\/v2\/pages"}],"about":[{"href":"https:\/\/dinax.hu\/de\/wp-json\/wp\/v2\/types\/page"}],"author":[{"embeddable":true,"href":"https:\/\/dinax.hu\/de\/wp-json\/wp\/v2\/users\/2"}],"replies":[{"embeddable":true,"href":"https:\/\/dinax.hu\/de\/wp-json\/wp\/v2\/comments?post=1141"}],"version-history":[{"count":3,"href":"https:\/\/dinax.hu\/de\/wp-json\/wp\/v2\/pages\/1141\/revisions"}],"predecessor-version":[{"id":1144,"href":"https:\/\/dinax.hu\/de\/wp-json\/wp\/v2\/pages\/1141\/revisions\/1144"}],"up":[{"embeddable":true,"href":"https:\/\/dinax.hu\/de\/wp-json\/wp\/v2\/pages\/1224"}],"wp:featuredmedia":[{"embeddable":true,"href":"https:\/\/dinax.hu\/de\/wp-json\/wp\/v2\/media\/1072"}],"wp:attachment":[{"href":"https:\/\/dinax.hu\/de\/wp-json\/wp\/v2\/media?parent=1141"}],"curies":[{"name":"wp","href":"https:\/\/api.w.org\/{rel}","templated":true}]}}